{"id":103,"date":"2020-12-02T19:40:14","date_gmt":"2020-12-02T18:40:14","guid":{"rendered":"https:\/\/bocskai11.hu\/?page_id=103"},"modified":"2026-02-05T14:26:04","modified_gmt":"2026-02-05T13:26:04","slug":"tanitok","status":"publish","type":"page","link":"https:\/\/bocskai11.hu\/index.php\/tanitok\/","title":{"rendered":"Tan\u00edt\u00f3k"},"content":{"rendered":"\n<p>A leend\u0151 els\u0151 oszt\u00e1lyok tan\u00edt\u00f3inak bemutatkoz\u00e1sa:<\/p>\n\n\n\n<p><strong>Lagzi-Kov\u00e1csn\u00e9 Cs\u00f3ra M\u00f3nika<\/strong> <a href=\"https:\/\/bocskai11.hu\/wp-content\/uploads\/2026\/02\/Lagzi-Kovacsne-Csora-Monika.pdf\" data-type=\"attachment\" data-id=\"3148\">Let\u00f6lt\u00e9s<\/a><br><br><strong>M\u00e9sz\u00e1ros Kinga<\/strong> <a href=\"https:\/\/bocskai11.hu\/wp-content\/uploads\/2026\/02\/Meszaros-Kinga.pdf\" data-type=\"attachment\" data-id=\"3147\">Let\u00f6lt\u00e9s<\/a><\/p>\n\n\n\n<p><\/p>\n","protected":false},"excerpt":{"rendered":"<p>A leend\u0151 els\u0151 oszt\u00e1lyok tan\u00edt\u00f3inak bemutatkoz\u00e1sa: Lagzi-Kov\u00e1csn\u00e9 Cs\u00f3ra M\u00f3nika Let\u00f6lt\u00e9s M\u00e9sz\u00e1ros Kinga Let\u00f6lt\u00e9s<\/p>\n","protected":false},"author":1,"featured_media":0,"parent":0,"menu_order":0,"comment_status":"closed","ping_status":"closed","template":"","meta":{"footnotes":""},"class_list":["post-103","page","type-page","status-publish","hentry"],"_links":{"self":[{"href":"https:\/\/bocskai11.hu\/index.php\/wp-json\/wp\/v2\/pages\/103","targetHints":{"allow":["GET"]}}],"collection":[{"href":"https:\/\/bocskai11.hu\/index.php\/wp-json\/wp\/v2\/pages"}],"about":[{"href":"https:\/\/bocskai11.hu\/index.php\/wp-json\/wp\/v2\/types\/page"}],"author":[{"embeddable":true,"href":"https:\/\/bocskai11.hu\/index.php\/wp-json\/wp\/v2\/users\/1"}],"replies":[{"embeddable":true,"href":"https:\/\/bocskai11.hu\/index.php\/wp-json\/wp\/v2\/comments?post=103"}],"version-history":[{"count":37,"href":"https:\/\/bocskai11.hu\/index.php\/wp-json\/wp\/v2\/pages\/103\/revisions"}],"predecessor-version":[{"id":3150,"href":"https:\/\/bocskai11.hu\/index.php\/wp-json\/wp\/v2\/pages\/103\/revisions\/3150"}],"wp:attachment":[{"href":"https:\/\/bocskai11.hu\/index.php\/wp-json\/wp\/v2\/media?parent=103"}],"curies":[{"name":"wp","href":"https:\/\/api.w.org\/{rel}","templated":true}]}}