{"id":1144,"date":"2023-10-19T21:14:18","date_gmt":"2023-10-19T19:14:18","guid":{"rendered":"https:\/\/bocskai11.hu\/?page_id=1144"},"modified":"2025-04-15T21:39:42","modified_gmt":"2025-04-15T19:39:42","slug":"ujsag","status":"publish","type":"page","link":"https:\/\/bocskai11.hu\/index.php\/ujsag\/","title":{"rendered":"\u00dajs\u00e1g"},"content":{"rendered":"\n<div class=\"wp-block-media-text is-stacked-on-mobile\" style=\"grid-template-columns:15% auto\"><figure class=\"wp-block-media-text__media\"><img fetchpriority=\"high\" decoding=\"async\" width=\"1024\" height=\"1024\" src=\"https:\/\/bocskai11.hu\/wp-content\/uploads\/2024\/02\/400776272_825261906063565_7284455741736174486_n.jpg\" alt=\"\" class=\"wp-image-2513 size-full\" srcset=\"https:\/\/bocskai11.hu\/wp-content\/uploads\/2024\/02\/400776272_825261906063565_7284455741736174486_n.jpg 1024w, https:\/\/bocskai11.hu\/wp-content\/uploads\/2024\/02\/400776272_825261906063565_7284455741736174486_n-300x300.jpg 300w, https:\/\/bocskai11.hu\/wp-content\/uploads\/2024\/02\/400776272_825261906063565_7284455741736174486_n-150x150.jpg 150w, https:\/\/bocskai11.hu\/wp-content\/uploads\/2024\/02\/400776272_825261906063565_7284455741736174486_n-768x768.jpg 768w\" sizes=\"(max-width: 1024px) 100vw, 1024px\" \/><\/figure><div class=\"wp-block-media-text__content\">\n<h2 class=\"wp-block-heading has-text-align-center has-large-font-size\"><a href=\"https:\/\/bocskai11.hu\/wp-content\/uploads\/2023\/10\/Bocskai11.hu_.pdf\" data-type=\"link\" data-id=\"https:\/\/bocskai11.hu\/wp-content\/uploads\/2023\/10\/Bocskai11.hu_.pdf\" target=\"_blank\" rel=\"noreferrer noopener\">\u00dajs\u00e1g 1. sz\u00e1m 2023 okt\u00f3ber<\/a><\/h2>\n<\/div><\/div>\n\n\n\n<div class=\"wp-block-media-text is-stacked-on-mobile\" style=\"grid-template-columns:15% auto\"><figure class=\"wp-block-media-text__media\"><img decoding=\"async\" width=\"222\" height=\"180\" src=\"https:\/\/bocskai11.hu\/wp-content\/uploads\/2024\/03\/OIP-e1709832687299.jpeg\" alt=\"\" class=\"wp-image-2559 size-full\"\/><\/figure><div class=\"wp-block-media-text__content\">\n<h2 class=\"wp-block-heading has-text-align-center\"><a href=\"https:\/\/bocskai11.hu\/wp-content\/uploads\/2024\/10\/Bocskai11.hu2_.szam_.pdf\">\u00dajs\u00e1g 2. sz\u00e1m 2024 m\u00e1rcius<\/a><\/h2>\n<\/div><\/div>\n\n\n\n<div class=\"wp-block-media-text is-stacked-on-mobile\" style=\"grid-template-columns:15% auto\"><figure class=\"wp-block-media-text__media\"><a href=\"https:\/\/bocskai11.hu\/wp-content\/uploads\/2024\/10\/BOCSKAI11-1.pdf\"><img decoding=\"async\" width=\"222\" height=\"180\" src=\"https:\/\/bocskai11.hu\/wp-content\/uploads\/2024\/03\/OIP-e1709832687299.jpeg\" alt=\"\" class=\"wp-image-2559 size-full\"\/><\/a><\/figure><div class=\"wp-block-media-text__content\">\n<h2 class=\"wp-block-heading has-text-align-center\"><a href=\"https:\/\/bocskai11.hu\/wp-content\/uploads\/2024\/10\/BOCSKAI11-1.pdf\">\u00dajs\u00e1g 3. sz\u00e1m 2024 okt\u00f3ber<\/a><\/h2>\n<\/div><\/div>\n\n\n\n<div class=\"wp-block-media-text is-stacked-on-mobile\" style=\"grid-template-columns:15% auto\"><figure class=\"wp-block-media-text__media\"><a href=\"https:\/\/bocskai11.hu\/wp-content\/uploads\/2024\/10\/BOCSKAI11-1.pdf\"><img decoding=\"async\" width=\"222\" height=\"180\" src=\"https:\/\/bocskai11.hu\/wp-content\/uploads\/2024\/03\/OIP-e1709832687299.jpeg\" alt=\"\" class=\"wp-image-2559 size-full\"\/><\/a><\/figure><div class=\"wp-block-media-text__content\">\n<h2 class=\"wp-block-heading has-text-align-center\"><a href=\"https:\/\/bocskai11.hu\/wp-content\/uploads\/2024\/10\/BOCSKAI11-1.pdf\">\u00dajs\u00e1g 3. sz\u00e1m 2024 okt\u00f3ber<\/a><\/h2>\n<\/div><\/div>\n\n\n\n<div class=\"wp-block-media-text is-stacked-on-mobile\" style=\"grid-template-columns:15% auto\"><figure class=\"wp-block-media-text__media\"><a href=\"https:\/\/bocskai11.hu\/wp-content\/uploads\/2024\/10\/BOCSKAI11-1.pdf\"><img decoding=\"async\" width=\"222\" height=\"180\" src=\"https:\/\/bocskai11.hu\/wp-content\/uploads\/2024\/03\/OIP-e1709832687299.jpeg\" alt=\"\" class=\"wp-image-2559 size-full\"\/><\/a><\/figure><div class=\"wp-block-media-text__content\">\n<h2 class=\"wp-block-heading has-text-align-center\"><a href=\"https:\/\/bocskai11.hu\/wp-content\/uploads\/2025\/04\/2.evfolyam-2.szam_.pdf\">\u00dajs\u00e1g 4. sz\u00e1m 2025 \u00e1prilis<\/a><\/h2>\n<\/div><\/div>\n","protected":false},"excerpt":{"rendered":"<p>\u00dajs\u00e1g 1. sz\u00e1m 2023 okt\u00f3ber \u00dajs\u00e1g 2. sz\u00e1m 2024 m\u00e1rcius \u00dajs\u00e1g 3. sz\u00e1m 2024 okt\u00f3ber \u00dajs\u00e1g 3. sz\u00e1m 2024 okt\u00f3ber \u00dajs\u00e1g 4. sz\u00e1m 2025 \u00e1prilis<\/p>\n","protected":false},"author":1,"featured_media":0,"parent":0,"menu_order":0,"comment_status":"closed","ping_status":"closed","template":"","meta":{"footnotes":""},"class_list":["post-1144","page","type-page","status-publish","hentry"],"_links":{"self":[{"href":"https:\/\/bocskai11.hu\/index.php\/wp-json\/wp\/v2\/pages\/1144","targetHints":{"allow":["GET"]}}],"collection":[{"href":"https:\/\/bocskai11.hu\/index.php\/wp-json\/wp\/v2\/pages"}],"about":[{"href":"https:\/\/bocskai11.hu\/index.php\/wp-json\/wp\/v2\/types\/page"}],"author":[{"embeddable":true,"href":"https:\/\/bocskai11.hu\/index.php\/wp-json\/wp\/v2\/users\/1"}],"replies":[{"embeddable":true,"href":"https:\/\/bocskai11.hu\/index.php\/wp-json\/wp\/v2\/comments?post=1144"}],"version-history":[{"count":14,"href":"https:\/\/bocskai11.hu\/index.php\/wp-json\/wp\/v2\/pages\/1144\/revisions"}],"predecessor-version":[{"id":2945,"href":"https:\/\/bocskai11.hu\/index.php\/wp-json\/wp\/v2\/pages\/1144\/revisions\/2945"}],"wp:attachment":[{"href":"https:\/\/bocskai11.hu\/index.php\/wp-json\/wp\/v2\/media?parent=1144"}],"curies":[{"name":"wp","href":"https:\/\/api.w.org\/{rel}","templated":true}]}}