{"id":169,"date":"2020-12-03T13:51:23","date_gmt":"2020-12-03T12:51:23","guid":{"rendered":"https:\/\/bocskai11.hu\/?page_id=169"},"modified":"2025-07-02T13:23:54","modified_gmt":"2025-07-02T11:23:54","slug":"eredmenyek","status":"publish","type":"page","link":"https:\/\/bocskai11.hu\/index.php\/eredmenyek\/","title":{"rendered":"Eredm\u00e9nyek"},"content":{"rendered":"<div id=\"content\">\n<h1>B\u00fcszkes\u00e9geink\/Eredm\u00e9nyek<\/h1>\n<div><img fetchpriority=\"high\" decoding=\"async\" class=\"alignnone size-full wp-image-2988\" src=\"https:\/\/bocskai11.hu\/wp-content\/uploads\/2025\/07\/Bronz-oklevel.png\" alt=\"\" width=\"1904\" height=\"1073\" srcset=\"https:\/\/bocskai11.hu\/wp-content\/uploads\/2025\/07\/Bronz-oklevel.png 1904w, https:\/\/bocskai11.hu\/wp-content\/uploads\/2025\/07\/Bronz-oklevel-300x169.png 300w, https:\/\/bocskai11.hu\/wp-content\/uploads\/2025\/07\/Bronz-oklevel-1024x577.png 1024w, https:\/\/bocskai11.hu\/wp-content\/uploads\/2025\/07\/Bronz-oklevel-768x433.png 768w, https:\/\/bocskai11.hu\/wp-content\/uploads\/2025\/07\/Bronz-oklevel-1536x866.png 1536w\" sizes=\"(max-width: 1904px) 100vw, 1904px\" \/><\/div>\n<div><\/div>\n<div>\u00d6r\u00f6mmel tessz\u00fck k\u00f6zz\u00e9, hogy iskol\u00e1nk pedag\u00f3gusa, V\u00f6r\u00f6sn\u00e9 Sn\u00f3bl \u00c1gnes \u00e9s a 2.b oszt\u00e1ly 2025. m\u00e1jus\u00e1ban a Boldogs\u00e1g\u00f3ra program keretein bel\u00fcl &#8222;A h\u00f3nap csoportja&#8221; elismer\u00e9sben r\u00e9szes\u00fclt.<\/div>\n<div>Sz\u00edvb\u0151l gratul\u00e1lunk az el\u00e9rt eredm\u00e9nyhez, mely b\u00edzunk benne, hogy kiv\u00e1l\u00f3 motiv\u00e1ci\u00f3t ad a &#8222;Boldog&#8221; folytat\u00e1shoz!<\/div>\n<div><img decoding=\"async\" class=\"alignnone size-full wp-image-2981\" src=\"https:\/\/bocskai11.hu\/wp-content\/uploads\/2025\/06\/HCSA1majus.jpg\" alt=\"\" width=\"2481\" height=\"1746\" srcset=\"https:\/\/bocskai11.hu\/wp-content\/uploads\/2025\/06\/HCSA1majus.jpg 2481w, https:\/\/bocskai11.hu\/wp-content\/uploads\/2025\/06\/HCSA1majus-300x211.jpg 300w, https:\/\/bocskai11.hu\/wp-content\/uploads\/2025\/06\/HCSA1majus-1024x721.jpg 1024w, https:\/\/bocskai11.hu\/wp-content\/uploads\/2025\/06\/HCSA1majus-768x540.jpg 768w, https:\/\/bocskai11.hu\/wp-content\/uploads\/2025\/06\/HCSA1majus-1536x1081.jpg 1536w, https:\/\/bocskai11.hu\/wp-content\/uploads\/2025\/06\/HCSA1majus-2048x1441.jpg 2048w\" sizes=\"(max-width: 2481px) 100vw, 2481px\" \/><\/div>\n<\/div>\n<div><\/div>\n<div id=\"content\">\n<p class=\"gmail_default\">A F\u0151v\u00e1rosi \u00c1ltal\u00e1nos Iskolai Informatika Alkalmaz\u00f3i verseny D\u00f6nt\u0151j\u00e9ben di\u00e1kjaink sz\u00e9p eredm\u00e9nyeket \u00e9rtek el.<\/p>\n<p class=\"gmail_default\">Az I. korcsoport Grafika kateg\u00f3ri\u00e1ban G\u00f6dri Vikt\u00f3ria (6a) F\u0151v\u00e1rosi 2. helyezett,<\/p>\n<p class=\"gmail_default\">a II. korcsoport T\u00e1bl\u00e1zatkezel\u00e9s kateg\u00f3ri\u00e1ban S\u00e1nta D\u00e1niel (8b) F\u0151v\u00e1rosi 1. helyezett lett.<\/p>\n<p class=\"gmail_default\">Gratul\u00e1lunk nekik! Felk\u00e9sz\u00edt\u0151 tan\u00e1ruk: Harangoz\u00f3 Krisztina<\/p>\n<p><img decoding=\"async\" class=\"alignnone size-full wp-image-2970\" src=\"https:\/\/bocskai11.hu\/wp-content\/uploads\/2025\/05\/IMG_5271.heic\" alt=\"\" \/><img decoding=\"async\" class=\"alignnone size-full wp-image-2975\" src=\"https:\/\/bocskai11.hu\/wp-content\/uploads\/2025\/05\/IMG_5271-scaled.jpg\" alt=\"\" width=\"1920\" height=\"2560\" srcset=\"https:\/\/bocskai11.hu\/wp-content\/uploads\/2025\/05\/IMG_5271-scaled.jpg 1920w, https:\/\/bocskai11.hu\/wp-content\/uploads\/2025\/05\/IMG_5271-225x300.jpg 225w, https:\/\/bocskai11.hu\/wp-content\/uploads\/2025\/05\/IMG_5271-768x1024.jpg 768w, https:\/\/bocskai11.hu\/wp-content\/uploads\/2025\/05\/IMG_5271-1152x1536.jpg 1152w, https:\/\/bocskai11.hu\/wp-content\/uploads\/2025\/05\/IMG_5271-1536x2048.jpg 1536w\" sizes=\"(max-width: 1920px) 100vw, 1920px\" \/> <img loading=\"lazy\" decoding=\"async\" class=\"alignnone size-full wp-image-2974\" src=\"https:\/\/bocskai11.hu\/wp-content\/uploads\/2025\/05\/20250522134412707-1-scaled.jpg\" alt=\"\" width=\"1811\" height=\"2560\" srcset=\"https:\/\/bocskai11.hu\/wp-content\/uploads\/2025\/05\/20250522134412707-1-scaled.jpg 1811w, https:\/\/bocskai11.hu\/wp-content\/uploads\/2025\/05\/20250522134412707-1-212x300.jpg 212w, https:\/\/bocskai11.hu\/wp-content\/uploads\/2025\/05\/20250522134412707-1-724x1024.jpg 724w, https:\/\/bocskai11.hu\/wp-content\/uploads\/2025\/05\/20250522134412707-1-768x1086.jpg 768w, https:\/\/bocskai11.hu\/wp-content\/uploads\/2025\/05\/20250522134412707-1-1086x1536.jpg 1086w, https:\/\/bocskai11.hu\/wp-content\/uploads\/2025\/05\/20250522134412707-1-1448x2048.jpg 1448w\" sizes=\"(max-width: 1811px) 100vw, 1811px\" \/> <img loading=\"lazy\" decoding=\"async\" class=\"alignnone size-full wp-image-2973\" src=\"https:\/\/bocskai11.hu\/wp-content\/uploads\/2025\/05\/20250522134412707-2-scaled.jpg\" alt=\"\" width=\"1811\" height=\"2560\" srcset=\"https:\/\/bocskai11.hu\/wp-content\/uploads\/2025\/05\/20250522134412707-2-scaled.jpg 1811w, https:\/\/bocskai11.hu\/wp-content\/uploads\/2025\/05\/20250522134412707-2-212x300.jpg 212w, https:\/\/bocskai11.hu\/wp-content\/uploads\/2025\/05\/20250522134412707-2-724x1024.jpg 724w, https:\/\/bocskai11.hu\/wp-content\/uploads\/2025\/05\/20250522134412707-2-768x1086.jpg 768w, https:\/\/bocskai11.hu\/wp-content\/uploads\/2025\/05\/20250522134412707-2-1086x1536.jpg 1086w, https:\/\/bocskai11.hu\/wp-content\/uploads\/2025\/05\/20250522134412707-2-1448x2048.jpg 1448w\" sizes=\"(max-width: 1811px) 100vw, 1811px\" \/> <img loading=\"lazy\" decoding=\"async\" class=\"alignnone size-full wp-image-2972\" src=\"https:\/\/bocskai11.hu\/wp-content\/uploads\/2025\/05\/20250522134412707-3-scaled.jpg\" alt=\"\" width=\"1811\" height=\"2560\" srcset=\"https:\/\/bocskai11.hu\/wp-content\/uploads\/2025\/05\/20250522134412707-3-scaled.jpg 1811w, https:\/\/bocskai11.hu\/wp-content\/uploads\/2025\/05\/20250522134412707-3-212x300.jpg 212w, https:\/\/bocskai11.hu\/wp-content\/uploads\/2025\/05\/20250522134412707-3-724x1024.jpg 724w, https:\/\/bocskai11.hu\/wp-content\/uploads\/2025\/05\/20250522134412707-3-768x1086.jpg 768w, https:\/\/bocskai11.hu\/wp-content\/uploads\/2025\/05\/20250522134412707-3-1086x1536.jpg 1086w, https:\/\/bocskai11.hu\/wp-content\/uploads\/2025\/05\/20250522134412707-3-1448x2048.jpg 1448w\" sizes=\"(max-width: 1811px) 100vw, 1811px\" \/><\/p>\n<p><img loading=\"lazy\" decoding=\"async\" class=\"alignnone size-full wp-image-2582\" src=\"https:\/\/bocskai11.hu\/wp-content\/uploads\/2024\/05\/aktiviskola.jpg\" alt=\"\" width=\"1116\" height=\"795\" srcset=\"https:\/\/bocskai11.hu\/wp-content\/uploads\/2024\/05\/aktiviskola.jpg 1116w, https:\/\/bocskai11.hu\/wp-content\/uploads\/2024\/05\/aktiviskola-300x214.jpg 300w, https:\/\/bocskai11.hu\/wp-content\/uploads\/2024\/05\/aktiviskola-1024x729.jpg 1024w, https:\/\/bocskai11.hu\/wp-content\/uploads\/2024\/05\/aktiviskola-768x547.jpg 768w\" sizes=\"(max-width: 1116px) 100vw, 1116px\" \/><\/p>\n<p><img loading=\"lazy\" decoding=\"async\" class=\"alignnone size-full wp-image-1008\" src=\"https:\/\/bocskai11.hu\/wp-content\/uploads\/2023\/04\/20230427131452368.jpg\" alt=\"\" width=\"794\" height=\"1123\" srcset=\"https:\/\/bocskai11.hu\/wp-content\/uploads\/2023\/04\/20230427131452368.jpg 794w, https:\/\/bocskai11.hu\/wp-content\/uploads\/2023\/04\/20230427131452368-212x300.jpg 212w, https:\/\/bocskai11.hu\/wp-content\/uploads\/2023\/04\/20230427131452368-724x1024.jpg 724w, https:\/\/bocskai11.hu\/wp-content\/uploads\/2023\/04\/20230427131452368-768x1086.jpg 768w\" sizes=\"(max-width: 794px) 100vw, 794px\" \/><img loading=\"lazy\" decoding=\"async\" class=\"alignnone size-full wp-image-1009\" src=\"https:\/\/bocskai11.hu\/wp-content\/uploads\/2023\/04\/20230427131508026.jpg\" alt=\"\" width=\"794\" height=\"1123\" srcset=\"https:\/\/bocskai11.hu\/wp-content\/uploads\/2023\/04\/20230427131508026.jpg 794w, https:\/\/bocskai11.hu\/wp-content\/uploads\/2023\/04\/20230427131508026-212x300.jpg 212w, https:\/\/bocskai11.hu\/wp-content\/uploads\/2023\/04\/20230427131508026-724x1024.jpg 724w, https:\/\/bocskai11.hu\/wp-content\/uploads\/2023\/04\/20230427131508026-768x1086.jpg 768w\" sizes=\"(max-width: 794px) 100vw, 794px\" \/><\/p>\n<hr \/>\n<h1><img loading=\"lazy\" decoding=\"async\" class=\"alignnone size-full wp-image-1010\" src=\"https:\/\/bocskai11.hu\/wp-content\/uploads\/2023\/04\/Oklevel_OroszBarnabas_Kenguru.jpg\" alt=\"\" width=\"1123\" height=\"794\" srcset=\"https:\/\/bocskai11.hu\/wp-content\/uploads\/2023\/04\/Oklevel_OroszBarnabas_Kenguru.jpg 1123w, https:\/\/bocskai11.hu\/wp-content\/uploads\/2023\/04\/Oklevel_OroszBarnabas_Kenguru-300x212.jpg 300w, https:\/\/bocskai11.hu\/wp-content\/uploads\/2023\/04\/Oklevel_OroszBarnabas_Kenguru-1024x724.jpg 1024w, https:\/\/bocskai11.hu\/wp-content\/uploads\/2023\/04\/Oklevel_OroszBarnabas_Kenguru-768x543.jpg 768w\" sizes=\"(max-width: 1123px) 100vw, 1123px\" \/><\/h1>\n<hr \/>\n<h3><img loading=\"lazy\" decoding=\"async\" class=\"wp-image-999 size-medium aligncenter\" src=\"https:\/\/bocskai11.hu\/wp-content\/uploads\/2023\/04\/338585240_219988410632081_2806917630574116393_n-300x255.jpg\" alt=\"\" width=\"300\" height=\"255\" srcset=\"https:\/\/bocskai11.hu\/wp-content\/uploads\/2023\/04\/338585240_219988410632081_2806917630574116393_n-300x255.jpg 300w, https:\/\/bocskai11.hu\/wp-content\/uploads\/2023\/04\/338585240_219988410632081_2806917630574116393_n-1024x871.jpg 1024w, https:\/\/bocskai11.hu\/wp-content\/uploads\/2023\/04\/338585240_219988410632081_2806917630574116393_n-768x653.jpg 768w, https:\/\/bocskai11.hu\/wp-content\/uploads\/2023\/04\/338585240_219988410632081_2806917630574116393_n-1536x1307.jpg 1536w, https:\/\/bocskai11.hu\/wp-content\/uploads\/2023\/04\/338585240_219988410632081_2806917630574116393_n.jpg 2048w\" sizes=\"(max-width: 300px) 100vw, 300px\" \/><\/h3>\n<h3><\/h3>\n<h3 style=\"text-align: center;\">BUDAPEST \u00e9s k\u00f6rny\u00e9ke P\u00c1RBAJT\u0150R DI\u00c1KBAJNOKS\u00c1G<\/h3>\n<p style=\"text-align: center;\">eredm\u00e9nyek<br \/>\n(2023. \u00e1prilis 15-16.)<\/p>\n<h5>III. korcsoport fi\u00fa p\u00e1rbajt\u0151r egy\u00e9ni<br \/>\n<em>6. hely Nemes Bulcs\u00fa<\/em><\/h5>\n<h5>III korcsoport l\u00e1ny p\u00e1rbajt\u0151r egy\u00e9ni<br \/>\n<em>8. hely Suda Sarolta<\/em><\/h5>\n<h5>II korcsoport fi\u00fa p\u00e1rbajt\u0151r egy\u00e9ni<br \/>\n<em>6. hely Orosz Krist\u00f3f<\/em><\/h5>\n<h5>II korcsoport l\u00e1ny p\u00e1rbajt\u0151r<br \/>\n<em>1.hely Fogarasi Gr\u00e9ta<\/em><br \/>\n<em>3. hely Lebanov Csenge<\/em><br \/>\n<em>4. hely Mih\u00e1lyi T\u00fcnde<\/em><br \/>\n<em>6. hely Gy\u0151ri Gr\u00e9ta<\/em><\/h5>\n<h5>I korcsoport l\u00e1ny p\u00e1rbajt\u0151r<br \/>\n<em>1.hely Kerti-T\u00f3th Abig\u00e9l<\/em><br \/>\n<em>4. hely Kov\u00e1csik Bogl\u00e1rka<\/em><\/h5>\n<h5>Felk\u00e9sz\u00edt\u0151 edz\u0151k, pedag\u00f3gusok:<br \/>\n<em>Szenti-Buk\u00f3cki Bianka, Halla P\u00e9ter, M\u00e9sz\u00e1ros Tibor<\/em><\/h5>\n<div align=\"justify\">\n<div>\n<div>\n<div><\/div>\n<\/div>\n<\/div>\n<\/div>\n<\/div>\n","protected":false},"excerpt":{"rendered":"<p>B\u00fcszkes\u00e9geink\/Eredm\u00e9nyek \u00d6r\u00f6mmel tessz\u00fck k\u00f6zz\u00e9, hogy iskol\u00e1nk pedag\u00f3gusa, V\u00f6r\u00f6sn\u00e9 Sn\u00f3bl \u00c1gnes \u00e9s a 2.b oszt\u00e1ly 2025. m\u00e1jus\u00e1ban a Boldogs\u00e1g\u00f3ra program keretein bel\u00fcl &#8222;A h\u00f3nap csoportja&#8221; elismer\u00e9sben&hellip;<\/p>\n","protected":false},"author":1,"featured_media":0,"parent":0,"menu_order":0,"comment_status":"closed","ping_status":"closed","template":"","meta":{"footnotes":""},"class_list":["post-169","page","type-page","status-publish","hentry"],"_links":{"self":[{"href":"https:\/\/bocskai11.hu\/index.php\/wp-json\/wp\/v2\/pages\/169","targetHints":{"allow":["GET"]}}],"collection":[{"href":"https:\/\/bocskai11.hu\/index.php\/wp-json\/wp\/v2\/pages"}],"about":[{"href":"https:\/\/bocskai11.hu\/index.php\/wp-json\/wp\/v2\/types\/page"}],"author":[{"embeddable":true,"href":"https:\/\/bocskai11.hu\/index.php\/wp-json\/wp\/v2\/users\/1"}],"replies":[{"embeddable":true,"href":"https:\/\/bocskai11.hu\/index.php\/wp-json\/wp\/v2\/comments?post=169"}],"version-history":[{"count":12,"href":"https:\/\/bocskai11.hu\/index.php\/wp-json\/wp\/v2\/pages\/169\/revisions"}],"predecessor-version":[{"id":2990,"href":"https:\/\/bocskai11.hu\/index.php\/wp-json\/wp\/v2\/pages\/169\/revisions\/2990"}],"wp:attachment":[{"href":"https:\/\/bocskai11.hu\/index.php\/wp-json\/wp\/v2\/media?parent=169"}],"curies":[{"name":"wp","href":"https:\/\/api.w.org\/{rel}","templated":true}]}}