{"id":178,"date":"2020-12-03T13:54:11","date_gmt":"2020-12-03T12:54:11","guid":{"rendered":"https:\/\/bocskai11.hu\/?page_id=178"},"modified":"2023-11-10T15:53:33","modified_gmt":"2023-11-10T14:53:33","slug":"bocskai-dijasok","status":"publish","type":"page","link":"https:\/\/bocskai11.hu\/index.php\/bocskai-dijasok\/","title":{"rendered":"Bocskai d\u00edjasok"},"content":{"rendered":"<h1>Bocskai- d\u00edjasok<\/h1>\n<div align=\"justify\">\n<p><strong>A Bocskai-d\u00edj<\/strong><\/p>\n<p>Alap\u00edt\u00f3: A Bocskai Istv\u00e1n \u00c1ltal\u00e1nos Iskola tantest\u00fclete<\/p>\n<p>A d\u00edj adhat\u00f3, nem k\u00f6telez\u0151 kiadni minden \u00e9vben. Az adom\u00e1nyozottak k\u00f6re:<\/p>\n<ol>\n<li>tanul\u00f3<\/li>\n<li>pedag\u00f3gus (\u00e9vente 1 szem\u00e9ly, az iskolavezet\u00e9s kiv\u00e9tel\u00e9vel)<\/li>\n<\/ol>\n<p>A tantest\u00fcleti szavaz\u00e1st legal\u00e1bb 30 nappal a Bocskai G\u00e1la el\u0151tt le kell bonyol\u00edtani. A d\u00edj a Bocskai G\u00e1l\u00e1n ker\u00fcl \u00e1tad\u00e1sra.<\/p>\n<p>Az a szavaz\u00f3lap, amelyen jav\u00edt\u00e1s, vagy t\u00f6bb f\u0151 szerepel- \u00e9rv\u00e9nytelen.<\/p>\n<p>I. A <strong>di\u00e1k kateg\u00f3ria<\/strong><\/p>\n<p>Az adom\u00e1nyoz\u00e1s szempontjai:<\/p>\n<p>Olyan tanul\u00f3 kapjon d\u00edjat, aki az adott tan\u00e9vben kit\u0171nik t\u00e1rsai k\u00f6z\u00fcl, aki p\u00e9ldak\u00e9nt \u00e1ll\u00edthat\u00f3 a tanul\u00f3i k\u00f6z\u00f6ss\u00e9g el\u00e9.<\/p>\n<p><em>a) Lojalit\u00e1s az iskol\u00e1hoz<\/em>:<\/p>\n<p>Iskol\u00e1n bel\u00fcl \u00e9s k\u00edv\u00fcl tudatosan kelti a Bocskai Istv\u00e1n \u00c1ltal\u00e1nos Iskola j\u00f3 h\u00edr\u00e9t (h\u00e1zon k\u00edv\u00fcli versenyek, ny\u00e1ri t\u00e1borok, erdei iskola stb.)<\/p>\n<p><em>b) K\u00f6z\u00f6ss\u00e9gi \u00e9lete<\/em>:<\/p>\n<p>Magatart\u00e1s\u00e1val, munk\u00e1j\u00e1val \u00e9p\u00edti az oszt\u00e1ly, illetve az iskola k\u00f6z\u00f6ss\u00e9gi \u00e9let\u00e9nek \u00e9rt\u00e9keit; azokat megtartja \u00e9s er\u0151s\u00edti. Tisztelettud\u00f3 a feln\u0151ttekkel, gyermekekkel egyar\u00e1nt. \u00d6nk\u00e9nt \u00e9s \u00f6n\u00e1ll\u00f3an v\u00e9gez k\u00f6z\u00f6ss\u00e9gi munk\u00e1t.<\/p>\n<p><em>c) A tanul\u00e1sban<\/em>:<\/p>\n<p>K\u00e9pess\u00e9geihez k\u00e9pest folyamatosan j\u00f3l teljes\u00edt. Ebb\u0151l k\u00f6vetkezik, hogy a d\u00edj oda\u00edt\u00e9l\u00e9s\u00e9nek nem felt\u00e9tele a kit\u0171n\u0151 eredm\u00e9ny!<\/p>\n<p>A szavaz\u00e1sra jogosultak k\u00f6re: a pedag\u00f3gusok.<\/p>\n<p>Lebonyol\u00edt\u00e1s: A Bocskai-d\u00edjr\u00f3l sz\u00f3l\u00f3 tantest\u00fcleti szavaz\u00e1son minden pedag\u00f3gusnak joga van el\u0151terjeszteni a felt\u00e9teleknek megfelel\u0151 di\u00e1kot. Az \u00e1ltala el\u0151terjesztett di\u00e1k bemutat\u00e1s\u00e1val seg\u00edti objekt\u00edv tantest\u00fcleti v\u00e9lem\u00e9ny kialak\u00edt\u00e1s\u00e1t. Minden pedag\u00f3gus 3 di\u00e1kra szavazhat az el\u0151terjesztett di\u00e1kok list\u00e1j\u00e1r\u00f3l.<\/p>\n<p>A d\u00edjazott csak 8. oszt\u00e1lyos tanul\u00f3 lehet, aki minimum h\u00e1rom tan\u00e9vet m\u00e1r elv\u00e9gzett iskol\u00e1nkban.<\/p>\n<p>A d\u00edj elnyer\u00e9s\u00e9nek felt\u00e9tele a lehets\u00e9ges szavazatok legal\u00e1bb 20 %-nak elnyer\u00e9se. Egy di\u00e1k egy alkalommal kaphatja meg ezt az elismer\u00e9st.<\/p>\n<p>D\u00edjaz\u00e1s: jutalmazottja t\u00e1rgyjutalomban r\u00e9szes\u00fcl. A d\u00edj a Bocskai G\u00e1l\u00e1n ker\u00fcl \u00e1tad\u00e1sra.<\/p>\n<\/div>\n","protected":false},"excerpt":{"rendered":"<p>Bocskai- d\u00edjasok A Bocskai-d\u00edj Alap\u00edt\u00f3: A Bocskai Istv\u00e1n \u00c1ltal\u00e1nos Iskola tantest\u00fclete A d\u00edj adhat\u00f3, nem k\u00f6telez\u0151 kiadni minden \u00e9vben. Az adom\u00e1nyozottak k\u00f6re: tanul\u00f3 pedag\u00f3gus (\u00e9vente&hellip;<\/p>\n","protected":false},"author":1,"featured_media":0,"parent":0,"menu_order":0,"comment_status":"closed","ping_status":"closed","template":"","meta":{"footnotes":""},"class_list":["post-178","page","type-page","status-publish","hentry"],"_links":{"self":[{"href":"https:\/\/bocskai11.hu\/index.php\/wp-json\/wp\/v2\/pages\/178","targetHints":{"allow":["GET"]}}],"collection":[{"href":"https:\/\/bocskai11.hu\/index.php\/wp-json\/wp\/v2\/pages"}],"about":[{"href":"https:\/\/bocskai11.hu\/index.php\/wp-json\/wp\/v2\/types\/page"}],"author":[{"embeddable":true,"href":"https:\/\/bocskai11.hu\/index.php\/wp-json\/wp\/v2\/users\/1"}],"replies":[{"embeddable":true,"href":"https:\/\/bocskai11.hu\/index.php\/wp-json\/wp\/v2\/comments?post=178"}],"version-history":[{"count":5,"href":"https:\/\/bocskai11.hu\/index.php\/wp-json\/wp\/v2\/pages\/178\/revisions"}],"predecessor-version":[{"id":2419,"href":"https:\/\/bocskai11.hu\/index.php\/wp-json\/wp\/v2\/pages\/178\/revisions\/2419"}],"wp:attachment":[{"href":"https:\/\/bocskai11.hu\/index.php\/wp-json\/wp\/v2\/media?parent=178"}],"curies":[{"name":"wp","href":"https:\/\/api.w.org\/{rel}","templated":true}]}}