{"id":181,"date":"2020-12-03T13:56:53","date_gmt":"2020-12-03T12:56:53","guid":{"rendered":"https:\/\/bocskai11.hu\/?page_id=181"},"modified":"2025-10-06T19:29:33","modified_gmt":"2025-10-06T17:29:33","slug":"naptar","status":"publish","type":"page","link":"https:\/\/bocskai11.hu\/index.php\/naptar\/","title":{"rendered":"Napt\u00e1r"},"content":{"rendered":"<h1>Napt\u00e1r<\/h1>\n<div align=\"justify\">\n<p><a href=\"https:\/\/bocskai11.hu\/wp-content\/uploads\/2025\/10\/Naptar-2025_2026-Szuloknek-1.xlsx\" target=\"_blank\" rel=\"noopener\">Tervezett programok a 2025\/26 tan\u00e9vben (let\u00f6lthet\u0151 v\u00e1ltozat)<\/a><\/p>\n<p><img fetchpriority=\"high\" decoding=\"async\" title=\"Image00001_42.jpg\" src=\"http:\/\/kepek.bocskai11.hu\/Image00001_42.jpg\" alt=\"Image00001_42.jpg\" width=\"400\" height=\"300\" \/><\/p>\n<\/div>\n","protected":false},"excerpt":{"rendered":"<p>Napt\u00e1r Tervezett programok a 2025\/26 tan\u00e9vben (let\u00f6lthet\u0151 v\u00e1ltozat)<\/p>\n","protected":false},"author":1,"featured_media":0,"parent":0,"menu_order":0,"comment_status":"closed","ping_status":"closed","template":"","meta":{"footnotes":""},"class_list":["post-181","page","type-page","status-publish","hentry"],"_links":{"self":[{"href":"https:\/\/bocskai11.hu\/index.php\/wp-json\/wp\/v2\/pages\/181","targetHints":{"allow":["GET"]}}],"collection":[{"href":"https:\/\/bocskai11.hu\/index.php\/wp-json\/wp\/v2\/pages"}],"about":[{"href":"https:\/\/bocskai11.hu\/index.php\/wp-json\/wp\/v2\/types\/page"}],"author":[{"embeddable":true,"href":"https:\/\/bocskai11.hu\/index.php\/wp-json\/wp\/v2\/users\/1"}],"replies":[{"embeddable":true,"href":"https:\/\/bocskai11.hu\/index.php\/wp-json\/wp\/v2\/comments?post=181"}],"version-history":[{"count":13,"href":"https:\/\/bocskai11.hu\/index.php\/wp-json\/wp\/v2\/pages\/181\/revisions"}],"predecessor-version":[{"id":3050,"href":"https:\/\/bocskai11.hu\/index.php\/wp-json\/wp\/v2\/pages\/181\/revisions\/3050"}],"wp:attachment":[{"href":"https:\/\/bocskai11.hu\/index.php\/wp-json\/wp\/v2\/media?parent=181"}],"curies":[{"name":"wp","href":"https:\/\/api.w.org\/{rel}","templated":true}]}}