{"id":184,"date":"2020-12-03T13:58:52","date_gmt":"2020-12-03T12:58:52","guid":{"rendered":"https:\/\/bocskai11.hu\/?page_id=184"},"modified":"2023-11-09T19:25:34","modified_gmt":"2023-11-09T18:25:34","slug":"etkezes","status":"publish","type":"page","link":"https:\/\/bocskai11.hu\/index.php\/etkezes\/","title":{"rendered":"\u00c9tkez\u00e9s"},"content":{"rendered":"<h1>\u00c9tkez\u00e9s<\/h1>\n<p>&nbsp;<\/p>\n<div align=\"justify\">\n<p><a href=\"https:\/\/ujbuda.e-menza.hu\/\"><img decoding=\"async\" title=\"ujbuda_menzakartya_2019.jpg\" src=\"http:\/\/kepek.bocskai11.hu\/ujbuda_menzakartya_2019.jpg\" alt=\"ujbuda_menzakartya_2019.jpg\" width=\"200\" height=\"139\"><\/a><\/p>\n<p>&nbsp;<\/p>\n<p><a href=\"https:\/\/bocskai11.hu\/wp-content\/uploads\/2023\/08\/EMenza-Szul_i-tajekoztato-2023-08-16.pdf\">E-Menza rendszer sz\u00fcl\u0151i t\u00e1j\u00e9koztat\u00f3<\/a><\/p>\n<p><a href=\"https:\/\/bocskai11.hu\/wp-content\/uploads\/2023\/08\/PM-Szul_i-tajekoztato-level-2023-08-16.pdf\">Polg\u00e1rmesteri sz\u00fcl\u0151i t\u00e1j\u00e9koztat\u00f3<\/a><\/p>\n<p><a href=\"https:\/\/bocskai11.hu\/wp-content\/uploads\/2022\/11\/Iskola-2023.januar-1-tol.pdf\">2023. janu\u00e1r 1-t\u0151l \u00e9rv\u00e9nyes \u00e9tkez\u00e9si t\u00e9r\u00edt\u00e9si d\u00edjak<\/a><\/p>\n<p><a href=\"http:\/\/old.bocskai11.hu\/fileok\/Ujbuda_menzalevel.pdf\" target=\"_blank\" rel=\"noopener noreferrer\">T\u00e1j\u00e9koztat\u00e1s a befizetett \u00e9tkez\u00e9si d\u00edjak visszautal\u00e1s\u00e1r\u00f3l a j\u00e1rv\u00e1ny\u00fcgyi helyzetben&nbsp; <\/a><\/p>\n<p><a href=\"https:\/\/ujbuda11-my.sharepoint.com\/:f:\/g\/personal\/adminteszt_ujbuda11_onmicrosoft_com\/ErXh9LlX0oJOreFq2bk7-m8BdKK37DNRB9d_ex48z08f7g?e=jLt0FJ\">E-Menza rendszer sz\u00fcl\u0151i seg\u00e9dlet (video):<\/a><\/p>\n<p><a href=\"https:\/\/bocskai11.hu\/wp-content\/uploads\/2023\/04\/Szuloi-adminisztracios-felulet-3.0.pdf\">E-Menza rendszer felhaszn\u00e1l\u00f3i (sz\u00fcl\u0151i) k\u00e9zik\u00f6nyv<\/a><\/p>\n<\/div>\n<p>&nbsp;<\/p>\n","protected":false},"excerpt":{"rendered":"<p>\u00c9tkez\u00e9s &nbsp; &nbsp; E-Menza rendszer sz\u00fcl\u0151i t\u00e1j\u00e9koztat\u00f3 Polg\u00e1rmesteri sz\u00fcl\u0151i t\u00e1j\u00e9koztat\u00f3 2023. janu\u00e1r 1-t\u0151l \u00e9rv\u00e9nyes \u00e9tkez\u00e9si t\u00e9r\u00edt\u00e9si d\u00edjak T\u00e1j\u00e9koztat\u00e1s a befizetett \u00e9tkez\u00e9si d\u00edjak visszautal\u00e1s\u00e1r\u00f3l a j\u00e1rv\u00e1ny\u00fcgyi&hellip;<\/p>\n","protected":false},"author":1,"featured_media":0,"parent":0,"menu_order":0,"comment_status":"closed","ping_status":"closed","template":"","meta":{"footnotes":""},"class_list":["post-184","page","type-page","status-publish","hentry"],"_links":{"self":[{"href":"https:\/\/bocskai11.hu\/index.php\/wp-json\/wp\/v2\/pages\/184","targetHints":{"allow":["GET"]}}],"collection":[{"href":"https:\/\/bocskai11.hu\/index.php\/wp-json\/wp\/v2\/pages"}],"about":[{"href":"https:\/\/bocskai11.hu\/index.php\/wp-json\/wp\/v2\/types\/page"}],"author":[{"embeddable":true,"href":"https:\/\/bocskai11.hu\/index.php\/wp-json\/wp\/v2\/users\/1"}],"replies":[{"embeddable":true,"href":"https:\/\/bocskai11.hu\/index.php\/wp-json\/wp\/v2\/comments?post=184"}],"version-history":[{"count":7,"href":"https:\/\/bocskai11.hu\/index.php\/wp-json\/wp\/v2\/pages\/184\/revisions"}],"predecessor-version":[{"id":1256,"href":"https:\/\/bocskai11.hu\/index.php\/wp-json\/wp\/v2\/pages\/184\/revisions\/1256"}],"wp:attachment":[{"href":"https:\/\/bocskai11.hu\/index.php\/wp-json\/wp\/v2\/media?parent=184"}],"curies":[{"name":"wp","href":"https:\/\/api.w.org\/{rel}","templated":true}]}}