{"id":189,"date":"2020-12-03T14:40:07","date_gmt":"2020-12-03T13:40:07","guid":{"rendered":"https:\/\/bocskai11.hu\/?page_id=189"},"modified":"2025-10-29T18:57:19","modified_gmt":"2025-10-29T17:57:19","slug":"dokumentumok","status":"publish","type":"page","link":"https:\/\/bocskai11.hu\/index.php\/dokumentumok\/","title":{"rendered":"Dokumentumok"},"content":{"rendered":"<div id=\"content\">\n<h1>Iratt\u00e1r\/Dokumentumok<\/h1>\n<div align=\"justify\">\n<p><a href=\"https:\/\/bocskai11.hu\/wp-content\/uploads\/2025\/10\/Ujbudai-Bocskai-Istvan-Altalanos-Iskola_034980_szakmai_alapd_20250901-2.pdf\" target=\"_blank\" rel=\"noopener noreferrer\">Szakmai Alapdokumentum 2025 (Alap\u00edt\u00f3 okirat)<\/a><\/p>\n<p><a href=\"https:\/\/bocskai11.hu\/wp-content\/uploads\/2022\/12\/UJPedagogiai-Program-2022-orahaloval.pdf\">Pedag\u00f3giai Program 2022<\/a><\/p>\n<p><a href=\"https:\/\/bocskai11.hu\/wp-content\/uploads\/2025\/10\/Bocskai_SZMSZ2025.pdf\" target=\"_blank\" rel=\"noopener noreferrer\">SZMSZ 2025<\/a><\/p>\n<p><a href=\"https:\/\/bocskai11.hu\/wp-content\/uploads\/2024\/08\/Ujbudai-Bocskai-Istvan-Altalanos-Iskola-hazirend_2024.pdf\">H\u00e1zirend 2024<\/a><\/p>\n<p><a href=\"https:\/\/bocskai11.hu\/wp-content\/uploads\/2024\/11\/kozzeteteli-lista.pdf\">K\u00f6zz\u00e9t\u00e9teli lista 2024<\/a><\/p>\n<p><a href=\"https:\/\/bocskai11.hu\/wp-content\/uploads\/2025\/10\/BOCSKAI_MUNKATERV_2025-2026.pdf\">Munkaterv 2025-2026<\/a><\/p>\n<p><a href=\"https:\/\/bocskai11.hu\/wp-content\/uploads\/2022\/11\/Szenti-Bukocki-Bianka.pdf\">Szenti-Buk\u00f3cki Bianka igazgat\u00f3i p\u00e1ly\u00e1zat 2022<\/a><\/p>\n<\/div>\n<div align=\"justify\">\n<p><a href=\"http:\/\/old.bocskai11.hu\/fileok\/Adatkezelesi_szabalyzat_2020_04_v4_1.pdf\" target=\"_blank\" rel=\"noopener noreferrer\">Adatv\u00e9delmi- \u00e9s adatkezel\u00e9si szab\u00e1lyzat 2020<\/a><\/p>\n<p><a href=\"https:\/\/bocskai11.hu\/wp-content\/uploads\/2025\/03\/20250317120650617.pdf\">Panaszkezel\u00e9si elj\u00e1r\u00e1srend<\/a><\/p>\n<p><a href=\"http:\/\/old.bocskai11.hu\/fileok\/UTMUTATO_digitalis_oktatas_tanulok_szulok_atirat.pdf\" target=\"_blank\" rel=\"noopener noreferrer\">\u00datmutat\u00f3 a tantermen k\u00edv\u00fcli, digit\u00e1lis munkarendben val\u00f3 r\u00e9szv\u00e9tel sor\u00e1n megval\u00f3sul\u00f3 adatkezel\u00e9shez<\/a><\/p>\n<p><a href=\"http:\/\/bocskai11.hu\/wp-content\/uploads\/2020\/12\/ADATKEZELESI TAJEKOZTATO_atirat_Bocskai.pdf\" target=\"_blank\" rel=\"noopener noreferrer\">T\u00e1j\u00e9koztat\u00f3 a tantermen k\u00edv\u00fcli, digit\u00e1lis munkarendben val\u00f3 r\u00e9szv\u00e9tel sor\u00e1n megval\u00f3sul\u00f3 adatkezel\u00e9sr\u0151l<\/a><\/p>\n<\/div>\n<\/div>\n<div><\/div>\n","protected":false},"excerpt":{"rendered":"<p>Iratt\u00e1r\/Dokumentumok Szakmai Alapdokumentum 2025 (Alap\u00edt\u00f3 okirat) Pedag\u00f3giai Program 2022 SZMSZ 2025 H\u00e1zirend 2024 K\u00f6zz\u00e9t\u00e9teli lista 2024 Munkaterv 2025-2026 Szenti-Buk\u00f3cki Bianka igazgat\u00f3i p\u00e1ly\u00e1zat 2022 Adatv\u00e9delmi- \u00e9s&hellip;<\/p>\n","protected":false},"author":1,"featured_media":0,"parent":0,"menu_order":0,"comment_status":"closed","ping_status":"closed","template":"","meta":{"footnotes":""},"class_list":["post-189","page","type-page","status-publish","hentry"],"_links":{"self":[{"href":"https:\/\/bocskai11.hu\/index.php\/wp-json\/wp\/v2\/pages\/189","targetHints":{"allow":["GET"]}}],"collection":[{"href":"https:\/\/bocskai11.hu\/index.php\/wp-json\/wp\/v2\/pages"}],"about":[{"href":"https:\/\/bocskai11.hu\/index.php\/wp-json\/wp\/v2\/types\/page"}],"author":[{"embeddable":true,"href":"https:\/\/bocskai11.hu\/index.php\/wp-json\/wp\/v2\/users\/1"}],"replies":[{"embeddable":true,"href":"https:\/\/bocskai11.hu\/index.php\/wp-json\/wp\/v2\/comments?post=189"}],"version-history":[{"count":33,"href":"https:\/\/bocskai11.hu\/index.php\/wp-json\/wp\/v2\/pages\/189\/revisions"}],"predecessor-version":[{"id":3064,"href":"https:\/\/bocskai11.hu\/index.php\/wp-json\/wp\/v2\/pages\/189\/revisions\/3064"}],"wp:attachment":[{"href":"https:\/\/bocskai11.hu\/index.php\/wp-json\/wp\/v2\/media?parent=189"}],"curies":[{"name":"wp","href":"https:\/\/api.w.org\/{rel}","templated":true}]}}