{"id":2,"date":"2020-12-02T13:30:06","date_gmt":"2020-12-02T13:30:06","guid":{"rendered":"http:\/\/bocskai11.hu\/?page_id=2"},"modified":"2026-04-14T16:12:49","modified_gmt":"2026-04-14T14:12:49","slug":"ez-egy-minta-oldal","status":"publish","type":"page","link":"https:\/\/bocskai11.hu\/","title":{"rendered":"Kezd\u0151lap"},"content":{"rendered":"\n<div class=\"alignnormal\"><div id=\"metaslider-id-1212\" style=\"width: 100%; margin: 0 auto;\" class=\"ml-slider-3-108-0 metaslider metaslider-flex metaslider-1212 ml-slider has-dots-nav has-loading ml-slider-lightbox-2-23-0 lightbox-disabled ms-theme-bubble\" role=\"region\" aria-label=\"Main Page Slider\" data-height=\"300\" data-width=\"700\">\n    <div id=\"metaslider_container_1212\">\n        <div id=\"metaslider_1212\">\n            <ul class='slides'>\n                <li style=\"display: block; width: 100%;\" class=\"slide-3310 ms-image \" aria-roledescription=\"slide\" data-date=\"2026-05-04 14:53:37\" data-filename=\"1848d85a-c638-4363-a149-610a6a5fd8fb.jpg\" data-slide-type=\"image\"><img fetchpriority=\"high\" decoding=\"async\" width=\"1024\" height=\"1536\" src=\"https:\/\/bocskai11.hu\/wp-content\/uploads\/2026\/05\/1848d85a-c638-4363-a149-610a6a5fd8fb.jpg\" class=\"slider-1212 slide-3310 msDefaultImage\" alt=\"\" rel=\"\" title=\"1848d85a-c638-4363-a149-610a6a5fd8fb\" srcset=\"https:\/\/bocskai11.hu\/wp-content\/uploads\/2026\/05\/1848d85a-c638-4363-a149-610a6a5fd8fb.jpg 1024w, https:\/\/bocskai11.hu\/wp-content\/uploads\/2026\/05\/1848d85a-c638-4363-a149-610a6a5fd8fb-200x300.jpg 200w, https:\/\/bocskai11.hu\/wp-content\/uploads\/2026\/05\/1848d85a-c638-4363-a149-610a6a5fd8fb-683x1024.jpg 683w, https:\/\/bocskai11.hu\/wp-content\/uploads\/2026\/05\/1848d85a-c638-4363-a149-610a6a5fd8fb-768x1152.jpg 768w\" sizes=\"(max-width: 1024px) 100vw, 1024px\" \/><\/li>\n            <\/ul>\n        <div class='ms-slider-loading'><img src='https:\/\/bocskai11.hu\/wp-admin\/images\/spinner.gif' alt='Loading...'><\/div>\n        <div class='flex-progress-bar'><\/div>\n        <\/div>\n        \n    <\/div>\n<\/div><\/div>\n\n\n\n<figure class=\"wp-block-image size-large\"><img decoding=\"async\" width=\"724\" height=\"1024\" src=\"https:\/\/bocskai11.hu\/wp-content\/uploads\/2026\/03\/FELHIVAS_2026_beiratkozas-DBTK-1-724x1024.jpg\" alt=\"\" class=\"wp-image-3214\" srcset=\"https:\/\/bocskai11.hu\/wp-content\/uploads\/2026\/03\/FELHIVAS_2026_beiratkozas-DBTK-1-724x1024.jpg 724w, https:\/\/bocskai11.hu\/wp-content\/uploads\/2026\/03\/FELHIVAS_2026_beiratkozas-DBTK-1-212x300.jpg 212w, https:\/\/bocskai11.hu\/wp-content\/uploads\/2026\/03\/FELHIVAS_2026_beiratkozas-DBTK-1-768x1086.jpg 768w, https:\/\/bocskai11.hu\/wp-content\/uploads\/2026\/03\/FELHIVAS_2026_beiratkozas-DBTK-1-1086x1536.jpg 1086w, https:\/\/bocskai11.hu\/wp-content\/uploads\/2026\/03\/FELHIVAS_2026_beiratkozas-DBTK-1-1448x2048.jpg 1448w, https:\/\/bocskai11.hu\/wp-content\/uploads\/2026\/03\/FELHIVAS_2026_beiratkozas-DBTK-1-scaled.jpg 1810w\" sizes=\"(max-width: 724px) 100vw, 724px\" \/><\/figure>\n\n\n\n<figure class=\"wp-block-image size-large\"><img decoding=\"async\" width=\"724\" height=\"1024\" src=\"https:\/\/bocskai11.hu\/wp-content\/uploads\/2025\/11\/ISKOLAELOKESZITO-1-724x1024.jpg\" alt=\"\" class=\"wp-image-3066\" srcset=\"https:\/\/bocskai11.hu\/wp-content\/uploads\/2025\/11\/ISKOLAELOKESZITO-1-724x1024.jpg 724w, https:\/\/bocskai11.hu\/wp-content\/uploads\/2025\/11\/ISKOLAELOKESZITO-1-212x300.jpg 212w, https:\/\/bocskai11.hu\/wp-content\/uploads\/2025\/11\/ISKOLAELOKESZITO-1-768x1086.jpg 768w, https:\/\/bocskai11.hu\/wp-content\/uploads\/2025\/11\/ISKOLAELOKESZITO-1-1086x1536.jpg 1086w, https:\/\/bocskai11.hu\/wp-content\/uploads\/2025\/11\/ISKOLAELOKESZITO-1.jpg 1414w\" sizes=\"(max-width: 724px) 100vw, 724px\" \/><\/figure>\n\n\n\n<figure class=\"wp-block-image size-large\"><img loading=\"lazy\" decoding=\"async\" width=\"1024\" height=\"768\" src=\"https:\/\/bocskai11.hu\/wp-content\/uploads\/2025\/11\/boldogovodaiskola2025_oklevel_1287-1024x768.jpg\" alt=\"\" class=\"wp-image-3105\" srcset=\"https:\/\/bocskai11.hu\/wp-content\/uploads\/2025\/11\/boldogovodaiskola2025_oklevel_1287-1024x768.jpg 1024w, https:\/\/bocskai11.hu\/wp-content\/uploads\/2025\/11\/boldogovodaiskola2025_oklevel_1287-300x225.jpg 300w, https:\/\/bocskai11.hu\/wp-content\/uploads\/2025\/11\/boldogovodaiskola2025_oklevel_1287-768x576.jpg 768w, https:\/\/bocskai11.hu\/wp-content\/uploads\/2025\/11\/boldogovodaiskola2025_oklevel_1287-1536x1152.jpg 1536w, https:\/\/bocskai11.hu\/wp-content\/uploads\/2025\/11\/boldogovodaiskola2025_oklevel_1287-2048x1536.jpg 2048w\" sizes=\"(max-width: 1024px) 100vw, 1024px\" \/><\/figure>\n\n\n\n<figure class=\"wp-block-image size-large\"><img loading=\"lazy\" decoding=\"async\" width=\"1024\" height=\"727\" src=\"https:\/\/bocskai11.hu\/wp-content\/uploads\/2024\/10\/essd_certificate-1024x727.jpg\" alt=\"\" class=\"wp-image-2728\" srcset=\"https:\/\/bocskai11.hu\/wp-content\/uploads\/2024\/10\/essd_certificate-1024x727.jpg 1024w, https:\/\/bocskai11.hu\/wp-content\/uploads\/2024\/10\/essd_certificate-300x213.jpg 300w, https:\/\/bocskai11.hu\/wp-content\/uploads\/2024\/10\/essd_certificate-768x545.jpg 768w, https:\/\/bocskai11.hu\/wp-content\/uploads\/2024\/10\/essd_certificate.jpg 1227w\" sizes=\"(max-width: 1024px) 100vw, 1024px\" \/><\/figure>\n\n\n\n<figure class=\"wp-block-image size-large\"><img loading=\"lazy\" decoding=\"async\" width=\"1024\" height=\"729\" src=\"https:\/\/bocskai11.hu\/wp-content\/uploads\/2024\/05\/aktiviskola-1024x729.jpg\" alt=\"\" class=\"wp-image-2582\" srcset=\"https:\/\/bocskai11.hu\/wp-content\/uploads\/2024\/05\/aktiviskola-1024x729.jpg 1024w, https:\/\/bocskai11.hu\/wp-content\/uploads\/2024\/05\/aktiviskola-300x214.jpg 300w, https:\/\/bocskai11.hu\/wp-content\/uploads\/2024\/05\/aktiviskola-768x547.jpg 768w, https:\/\/bocskai11.hu\/wp-content\/uploads\/2024\/05\/aktiviskola.jpg 1116w\" sizes=\"(max-width: 1024px) 100vw, 1024px\" \/><\/figure>\n\n\n\n<figure class=\"wp-block-image size-large\"><img loading=\"lazy\" decoding=\"async\" width=\"1024\" height=\"768\" src=\"https:\/\/bocskai11.hu\/wp-content\/uploads\/2024\/10\/boldogiskola_oklevel-2-1024x768.jpg\" alt=\"\" class=\"wp-image-2802\" srcset=\"https:\/\/bocskai11.hu\/wp-content\/uploads\/2024\/10\/boldogiskola_oklevel-2-1024x768.jpg 1024w, https:\/\/bocskai11.hu\/wp-content\/uploads\/2024\/10\/boldogiskola_oklevel-2-300x225.jpg 300w, https:\/\/bocskai11.hu\/wp-content\/uploads\/2024\/10\/boldogiskola_oklevel-2-768x576.jpg 768w, https:\/\/bocskai11.hu\/wp-content\/uploads\/2024\/10\/boldogiskola_oklevel-2-1536x1152.jpg 1536w, https:\/\/bocskai11.hu\/wp-content\/uploads\/2024\/10\/boldogiskola_oklevel-2-2048x1536.jpg 2048w\" sizes=\"(max-width: 1024px) 100vw, 1024px\" \/><\/figure>\n\n\n\n<blockquote class=\"wp-block-quote is-layout-flow wp-block-quote-is-layout-flow\">\n<p><strong>Iskol\u00e1nk mott\u00f3ja:<\/strong><br>&#8222;A jobbaknak t\u00f6bb szabads\u00e1g \u00e9s \u00f6n\u00e1ll\u00f3s\u00e1g, a lassabban halad\u00f3knak t\u00f6bb seg\u00edts\u00e9g.&#8221;<br><\/p>\n\n\n\n<p><strong>Iskol\u00e1nk c\u00e9lkit\u0171z\u00e9se:<\/strong><br>&#8222;\u00dagy v\u00e1ltozzunk, \u00fagy fejl\u0151dj\u00fcnk, hogy meg\u0151rizz\u00fck hagyom\u00e1nyainkat \u00e9s megfelelj\u00fcnk a kor kih\u00edv\u00e1sainak.&#8221;<\/p>\n<\/blockquote>\n","protected":false},"excerpt":{"rendered":"<p>Iskol\u00e1nk mott\u00f3ja:&#8222;A jobbaknak t\u00f6bb szabads\u00e1g \u00e9s \u00f6n\u00e1ll\u00f3s\u00e1g, a lassabban halad\u00f3knak t\u00f6bb seg\u00edts\u00e9g.&#8221; Iskol\u00e1nk c\u00e9lkit\u0171z\u00e9se:&#8222;\u00dagy v\u00e1ltozzunk, \u00fagy fejl\u0151dj\u00fcnk, hogy meg\u0151rizz\u00fck hagyom\u00e1nyainkat \u00e9s megfelelj\u00fcnk a kor kih\u00edv\u00e1sainak.&#8221;<\/p>\n","protected":false},"author":1,"featured_media":29,"parent":0,"menu_order":0,"comment_status":"closed","ping_status":"open","template":"","meta":{"footnotes":""},"class_list":["post-2","page","type-page","status-publish","has-post-thumbnail","hentry"],"_links":{"self":[{"href":"https:\/\/bocskai11.hu\/index.php\/wp-json\/wp\/v2\/pages\/2","targetHints":{"allow":["GET"]}}],"collection":[{"href":"https:\/\/bocskai11.hu\/index.php\/wp-json\/wp\/v2\/pages"}],"about":[{"href":"https:\/\/bocskai11.hu\/index.php\/wp-json\/wp\/v2\/types\/page"}],"author":[{"embeddable":true,"href":"https:\/\/bocskai11.hu\/index.php\/wp-json\/wp\/v2\/users\/1"}],"replies":[{"embeddable":true,"href":"https:\/\/bocskai11.hu\/index.php\/wp-json\/wp\/v2\/comments?post=2"}],"version-history":[{"count":125,"href":"https:\/\/bocskai11.hu\/index.php\/wp-json\/wp\/v2\/pages\/2\/revisions"}],"predecessor-version":[{"id":3231,"href":"https:\/\/bocskai11.hu\/index.php\/wp-json\/wp\/v2\/pages\/2\/revisions\/3231"}],"wp:featuredmedia":[{"embeddable":true,"href":"https:\/\/bocskai11.hu\/index.php\/wp-json\/wp\/v2\/media\/29"}],"wp:attachment":[{"href":"https:\/\/bocskai11.hu\/index.php\/wp-json\/wp\/v2\/media?parent=2"}],"curies":[{"name":"wp","href":"https:\/\/api.w.org\/{rel}","templated":true}]}}