{"id":205,"date":"2020-12-03T14:51:55","date_gmt":"2020-12-03T13:51:55","guid":{"rendered":"https:\/\/bocskai11.hu\/?page_id=205"},"modified":"2020-12-03T14:51:55","modified_gmt":"2020-12-03T13:51:55","slug":"kepek","status":"publish","type":"page","link":"https:\/\/bocskai11.hu\/index.php\/kepek\/","title":{"rendered":"K\u00e9pek"},"content":{"rendered":"<h1>M\u00e9diat\u00e1r\/K\u00e9pek<\/h1>\n<p><center><\/p>\n<div align=\"justify\">\n<p><img fetchpriority=\"high\" decoding=\"async\" title=\"oroszl01.jpg\" src=\"http:\/\/kepek.bocskai11.hu\/oroszl01.jpg\" alt=\"oroszl01.jpg\" width=\"300\" height=\"199\" \/>\u00a0\u00a0 <img decoding=\"async\" title=\"15_tn.jpg\" src=\"http:\/\/kepek.bocskai11.hu\/15_tn.jpg\" alt=\"15_tn.jpg\" width=\"293\" height=\"199\" \/><\/p>\n<p><img decoding=\"async\" title=\"010223L_tn.jpg\" src=\"http:\/\/kepek.bocskai11.hu\/010223L_tn.jpg\" alt=\"010223L_tn.jpg\" width=\"300\" height=\"225\" \/>\u00a0\u00a0 <img loading=\"lazy\" decoding=\"async\" title=\"08MIK~WF_tn.jpg\" src=\"http:\/\/kepek.bocskai11.hu\/08MIK~WF_tn.jpg\" alt=\"08MIK~WF_tn.jpg\" width=\"300\" height=\"225\" \/><\/p>\n<p><img loading=\"lazy\" decoding=\"async\" title=\"Kep228_tn.jpg\" src=\"http:\/\/kepek.bocskai11.hu\/Kep228_tn.jpg\" alt=\"Kep228_tn.jpg\" width=\"300\" height=\"225\" \/>\u00a0\u00a0 <img loading=\"lazy\" decoding=\"async\" title=\"papirgy.jpg\" src=\"http:\/\/kepek.bocskai11.hu\/papirgy.jpg\" alt=\"papirgy.jpg\" width=\"300\" height=\"225\" \/><\/p>\n<p><img loading=\"lazy\" decoding=\"async\" title=\"P1030274_tn.jpg\" src=\"http:\/\/kepek.bocskai11.hu\/P1030274_tn.jpg\" alt=\"P1030274_tn.jpg\" width=\"300\" height=\"226\" \/>\u00a0\u00a0 <img loading=\"lazy\" decoding=\"async\" title=\"P1030275_tn.jpg\" src=\"http:\/\/kepek.bocskai11.hu\/P1030275_tn.jpg\" alt=\"P1030275_tn.jpg\" width=\"300\" height=\"225\" \/><\/p>\n<p><img loading=\"lazy\" decoding=\"async\" title=\"P1030893_tn.jpg\" src=\"http:\/\/kepek.bocskai11.hu\/P1030893_tn.jpg\" alt=\"P1030893_tn.jpg\" width=\"300\" height=\"226\" \/>\u00a0\u00a0 <img loading=\"lazy\" decoding=\"async\" title=\"P1060652_tn.jpg\" src=\"http:\/\/kepek.bocskai11.hu\/P1060652_tn.jpg\" alt=\"P1060652_tn.jpg\" width=\"300\" height=\"225\" \/><\/p>\n<p><img loading=\"lazy\" decoding=\"async\" title=\"P1070076_tn.jpg\" src=\"http:\/\/kepek.bocskai11.hu\/P1070076_tn.jpg\" alt=\"P1070076_tn.jpg\" width=\"300\" height=\"226\" \/>\u00a0\u00a0 <img loading=\"lazy\" decoding=\"async\" title=\"P1070476_tn.jpg\" src=\"http:\/\/kepek.bocskai11.hu\/P1070476_tn.jpg\" alt=\"P1070476_tn.jpg\" width=\"300\" height=\"225\" \/><\/p>\n<p><img loading=\"lazy\" decoding=\"async\" title=\"P1070576_tn.jpg\" src=\"http:\/\/kepek.bocskai11.hu\/P1070576_tn.jpg\" alt=\"P1070576_tn.jpg\" width=\"300\" height=\"225\" \/>\u00a0\u00a0 <img loading=\"lazy\" decoding=\"async\" title=\"P1070811_tn.jpg\" src=\"http:\/\/kepek.bocskai11.hu\/P1070811_tn.jpg\" alt=\"P1070811_tn.jpg\" width=\"300\" height=\"225\" \/><\/p>\n<p><img loading=\"lazy\" decoding=\"async\" title=\"P1090668_tn.jpg\" src=\"http:\/\/kepek.bocskai11.hu\/P1090668_tn.jpg\" alt=\"P1090668_tn.jpg\" width=\"300\" height=\"226\" \/>\u00a0\u00a0 <img loading=\"lazy\" decoding=\"async\" title=\"P1100634_tn.jpg\" src=\"http:\/\/kepek.bocskai11.hu\/P1100634_tn.jpg\" alt=\"P1100634_tn.jpg\" width=\"300\" height=\"225\" \/><\/p>\n<p><img loading=\"lazy\" decoding=\"async\" title=\"P1100717_tn.jpg\" src=\"http:\/\/kepek.bocskai11.hu\/P1100717_tn.jpg\" alt=\"P1100717_tn.jpg\" width=\"300\" height=\"226\" \/>\u00a0\u00a0 <img loading=\"lazy\" decoding=\"async\" title=\"P1100778_tn.jpg\" src=\"http:\/\/kepek.bocskai11.hu\/P1100778_tn.jpg\" alt=\"P1100778_tn.jpg\" width=\"300\" height=\"225\" \/><\/p>\n<p><img loading=\"lazy\" decoding=\"async\" title=\"Pana 1040_tn.jpg\" src=\"http:\/\/kepek.bocskai11.hu\/Pana 1040_tn.jpg\" alt=\"Pana 1040_tn.jpg\" width=\"300\" height=\"226\" \/>\u00a0\u00a0 <img loading=\"lazy\" decoding=\"async\" title=\"Pana 913_tn.jpg\" src=\"http:\/\/kepek.bocskai11.hu\/Pana 913_tn.jpg\" alt=\"Pana 913_tn.jpg\" width=\"300\" height=\"226\" \/><\/p>\n<p><img loading=\"lazy\" decoding=\"async\" title=\"asvany.jpg\" src=\"http:\/\/kepek.bocskai11.hu\/asvany.jpg\" alt=\"asvany.jpg\" width=\"300\" height=\"226\" \/>\u00a0\u00a0 <img loading=\"lazy\" decoding=\"async\" title=\"ballag01.jpg\" src=\"http:\/\/kepek.bocskai11.hu\/ballag01.jpg\" alt=\"ballag01.jpg\" width=\"300\" height=\"225\" \/><\/p>\n<p>&nbsp;<\/p>\n<\/div>\n<p><\/center><\/p>\n","protected":false},"excerpt":{"rendered":"<p>M\u00e9diat\u00e1r\/K\u00e9pek \u00a0\u00a0 \u00a0\u00a0 \u00a0\u00a0 \u00a0\u00a0 \u00a0\u00a0 \u00a0\u00a0 \u00a0\u00a0 \u00a0\u00a0 \u00a0\u00a0 \u00a0\u00a0 \u00a0\u00a0 &nbsp;<\/p>\n","protected":false},"author":1,"featured_media":0,"parent":0,"menu_order":0,"comment_status":"closed","ping_status":"closed","template":"","meta":{"footnotes":""},"class_list":["post-205","page","type-page","status-publish","hentry"],"_links":{"self":[{"href":"https:\/\/bocskai11.hu\/index.php\/wp-json\/wp\/v2\/pages\/205","targetHints":{"allow":["GET"]}}],"collection":[{"href":"https:\/\/bocskai11.hu\/index.php\/wp-json\/wp\/v2\/pages"}],"about":[{"href":"https:\/\/bocskai11.hu\/index.php\/wp-json\/wp\/v2\/types\/page"}],"author":[{"embeddable":true,"href":"https:\/\/bocskai11.hu\/index.php\/wp-json\/wp\/v2\/users\/1"}],"replies":[{"embeddable":true,"href":"https:\/\/bocskai11.hu\/index.php\/wp-json\/wp\/v2\/comments?post=205"}],"version-history":[{"count":1,"href":"https:\/\/bocskai11.hu\/index.php\/wp-json\/wp\/v2\/pages\/205\/revisions"}],"predecessor-version":[{"id":207,"href":"https:\/\/bocskai11.hu\/index.php\/wp-json\/wp\/v2\/pages\/205\/revisions\/207"}],"wp:attachment":[{"href":"https:\/\/bocskai11.hu\/index.php\/wp-json\/wp\/v2\/media?parent=205"}],"curies":[{"name":"wp","href":"https:\/\/api.w.org\/{rel}","templated":true}]}}