{"id":215,"date":"2020-12-03T15:37:18","date_gmt":"2020-12-03T14:37:18","guid":{"rendered":"https:\/\/bocskai11.hu\/?page_id=215"},"modified":"2020-12-03T15:37:18","modified_gmt":"2020-12-03T14:37:18","slug":"erdei-iskola","status":"publish","type":"page","link":"https:\/\/bocskai11.hu\/index.php\/erdei-iskola\/","title":{"rendered":"Erdei Iskola"},"content":{"rendered":"<h1>Iskol\u00e1nkr\u00f3l\/Profil, c\u00e9lok\/Erdei iskola<\/h1>\n<p><center><\/p>\n<div align=\"justify\">\n<p><strong>Erdei iskol\u00e1k \u00e9s ny\u00e1ri t\u00e1borok<\/strong><\/p>\n<p>Iskol\u00e1nkban minden \u00e9vben erdei iskol\u00e1ba mennek a harmadik-hatodik oszt\u00e1lyos di\u00e1kok, de m\u00e1r a m\u00e1sodikosok is r\u00e9szt vehetnek, ha r\u00e1termettek. Ezt minden tan\u00e9v szeptember\u00e9ben szervezz\u00fck meg v\u00e1ltozatos helysz\u00ednekkel \u00e9s programokkal. A di\u00e1kok \u00edgy megismerhetik haz\u00e1nk k\u00fcl\u00f6nb\u00f6z\u0151 t\u00e1jait, szok\u00e1sait, hagyom\u00e1nyait, sok \u00faj \u00e9lm\u00e9nnyel meggazdagodva t\u00e9rnek haza.<\/p>\n<p>A ny\u00e1ri t\u00e1borok a szabads\u00e1got, j\u00e1t\u00e9kot, kir\u00e1ndul\u00e1st, f\u00fcrd\u00e9st \u00e9s megannyi sz\u00f3rakoz\u00e1st jelentenek a gyerekeknek.<\/p>\n<p><img fetchpriority=\"high\" decoding=\"async\" title=\"erdei.jpg\" src=\"http:\/\/kepek.bocskai11.hu\/erdei.jpg\" alt=\"erdei.jpg\" width=\"450\" height=\"600\" \/><\/p>\n<\/div>\n<p><\/center><\/p>\n","protected":false},"excerpt":{"rendered":"<p>Iskol\u00e1nkr\u00f3l\/Profil, c\u00e9lok\/Erdei iskola Erdei iskol\u00e1k \u00e9s ny\u00e1ri t\u00e1borok Iskol\u00e1nkban minden \u00e9vben erdei iskol\u00e1ba mennek a harmadik-hatodik oszt\u00e1lyos di\u00e1kok, de m\u00e1r a m\u00e1sodikosok is r\u00e9szt vehetnek,&hellip;<\/p>\n","protected":false},"author":1,"featured_media":0,"parent":0,"menu_order":0,"comment_status":"closed","ping_status":"closed","template":"","meta":{"footnotes":""},"class_list":["post-215","page","type-page","status-publish","hentry"],"_links":{"self":[{"href":"https:\/\/bocskai11.hu\/index.php\/wp-json\/wp\/v2\/pages\/215","targetHints":{"allow":["GET"]}}],"collection":[{"href":"https:\/\/bocskai11.hu\/index.php\/wp-json\/wp\/v2\/pages"}],"about":[{"href":"https:\/\/bocskai11.hu\/index.php\/wp-json\/wp\/v2\/types\/page"}],"author":[{"embeddable":true,"href":"https:\/\/bocskai11.hu\/index.php\/wp-json\/wp\/v2\/users\/1"}],"replies":[{"embeddable":true,"href":"https:\/\/bocskai11.hu\/index.php\/wp-json\/wp\/v2\/comments?post=215"}],"version-history":[{"count":1,"href":"https:\/\/bocskai11.hu\/index.php\/wp-json\/wp\/v2\/pages\/215\/revisions"}],"predecessor-version":[{"id":217,"href":"https:\/\/bocskai11.hu\/index.php\/wp-json\/wp\/v2\/pages\/215\/revisions\/217"}],"wp:attachment":[{"href":"https:\/\/bocskai11.hu\/index.php\/wp-json\/wp\/v2\/media?parent=215"}],"curies":[{"name":"wp","href":"https:\/\/api.w.org\/{rel}","templated":true}]}}