{"id":225,"date":"2020-12-03T15:41:02","date_gmt":"2020-12-03T14:41:02","guid":{"rendered":"https:\/\/bocskai11.hu\/?page_id=225"},"modified":"2020-12-30T12:56:16","modified_gmt":"2020-12-30T11:56:16","slug":"tanulastechnika","status":"publish","type":"page","link":"https:\/\/bocskai11.hu\/index.php\/tanulastechnika\/","title":{"rendered":"Tanul\u00e1stechnika"},"content":{"rendered":"<h1>Iskol\u00e1nkr\u00f3l\/Profil, c\u00e9lok\/Tanul\u00e1stechnika<\/h1>\n<p>&nbsp;<\/p>\n<div align=\"justify\">\n<p>Tanul\u00e1s-m\u00f3dszertani tr\u00e9ning 8. oszt\u00e1lyosoknak<\/p>\n<p>Iskol\u00e1nk tanul\u00e1stechnikai tr\u00e9ninget tart szeptember m\u00e1sodik het\u00e9ben a 8. oszt\u00e1lyos tanul\u00f3knak, azzal a sz\u00e1nd\u00e9kkal, hogy seg\u00edts\u00e9get ny\u00fajtson a tanul\u00e1s fejleszt\u00e9s\u00e9hez. Hiszen tanulni is meg kell tanulni! Tr\u00e9ning\u00fcnk az eredm\u00e9nyes \u00e9s id\u0151takar\u00e9kos tanul\u00e1s m\u00f3dszereire k\u00e9sz\u00edt fel.<br \/>\nA tanul\u00e1s fejleszthet\u0151 k\u00fcl\u00f6nb\u00f6z\u0151 tanul\u00e1s-m\u00f3dszertani ismeretek megtanul\u00e1s\u00e1val, valamint tev\u00e9kenykedtet\u0151 feladatok megold\u00e1s\u00e1val. Az \u00f6nfejleszt\u00e9s tanul\u00e1sa azonban m\u00e1r tanul\u00f3ink j\u00f6v\u0151j\u00e9r\u0151l is sz\u00f3l. Manaps\u00e1g m\u00e1r \u00e1ltal\u00e1nos elv\u00e1r\u00e1s mindannyiunk sz\u00e1m\u00e1ra az \u00e9let\u00fcnk v\u00e9g\u00e9ig tart\u00f3 tanul\u00e1s. Azaz olyan k\u00e9pess\u00e9gek, k\u00e9szs\u00e9gek kialak\u00edt\u00e1s\u00e1ra, fejleszt\u00e9s\u00e9re van sz\u00fcks\u00e9g\u00fcnk, amelyek alkalmass\u00e1 tesznek benn\u00fcnket az \u00faj ismeretek befogad\u00e1s\u00e1ra, a r\u00e9gi tud\u00e1s korszer\u0171v\u00e9 t\u00e9tel\u00e9re, amelyek megtan\u00edtanak benn\u00fcnket eligazodni a tengernyi inform\u00e1ci\u00f3 \u00e1radat\u00e1ban, kiv\u00e1lasztani a fontosat a kev\u00e9sb\u00e9 fontost\u00f3l, a j\u00f3t a rosszt\u00f3l, a l\u00e9nyegeset a l\u00e9nyegtelent\u0151l.<br \/>\nTanulni, illetve j\u00f3l, eredm\u00e9nyesen, hat\u00e9konyan tanulni nem k\u00f6nny\u0171 feladat. Ehhez azonban nagy seg\u00edts\u00e9get ny\u00fajthat olyan tanul\u00e1si technik\u00e1k, m\u00f3dszerek, strat\u00e9gi\u00e1k megismer\u00e9se \u00e9s alkalmazni tud\u00e1sa, amelyek egyar\u00e1nt alkalmasak a form\u00e1lis \u00e9s inform\u00e1lis ismeretszerz\u00e9s megval\u00f3s\u00edt\u00e1s\u00e1hoz.<br \/>\nA tr\u00e9ning sor\u00e1n c\u00e9lunk, kev\u00e9s elm\u00e9let \u00e9s sok gyakorlat p\u00e1rhuzam\u00e1ban v\u00e9gig vezetni 8. oszt\u00e1lyos tanul\u00f3inkat a tanul\u00e1si folyamat megismer\u00e9s\u00e9nek \u00e9s megval\u00f3s\u00edt\u00e1s\u00e1nak lehets\u00e9ges mozzanataiban. Az egyes tant\u00e1rgyakhoz kapcsol\u00f3d\u00f3 k\u00e9szs\u00e9gek, tanul\u00e1si strat\u00e9gi\u00e1k azonos\u00edt\u00e1s\u00e1t, b\u0151v\u00edt\u00e9s\u00e9t c\u00e9lozzuk meg. A program v\u00e9g\u00e9re tanul\u00f3ink rendelkezni fognak a magyar nyelv \u00e9s irodalom; matematika-fizika; idegen nyelv; t\u00f6rt\u00e9nelem-f\u00f6ldrajz, biol\u00f3gia-k\u00e9mia tant\u00e1rgyak tanul\u00e1s\u00e1n\u00e1l alkalmazhat\u00f3 tanul\u00e1si technik\u00e1kkal, illetve egy\u00e9nre szabott tanul\u00e1si strat\u00e9gi\u00e1val.<br \/>\nA tr\u00e9ning sor\u00e1n a gyakorlatok a tanul\u00e1shoz n\u00e9lk\u00fcl\u00f6zhetetlen k\u00e9pess\u00e9geket fejlesztik, melyek a szellemi munka alapfelt\u00e9telei. A koncentr\u00e1l\u00f3 k\u00e9pess\u00e9get, a besz\u00e9dk\u00e9pess\u00e9get (sz\u00f3kincs, sz\u00f3beli \u00e9s \u00edr\u00e1sbeli kifejez\u0151k\u00e9szs\u00e9g), a hat\u00e9kony olvas\u00e1s k\u00e9pess\u00e9g\u00e9t (gyorsolvas\u00e1s, sz\u00f6veg\u00e9rt\u00e9s, l\u00e9nyegkiemel\u00e9s) az eml\u00e9kez\u0151k\u00e9pess\u00e9get, a gondolkod\u00e1si k\u00e9pess\u00e9get (probl\u00e9ma felismer\u00e9s-megold\u00e1s, gondolkod\u00e1si s\u00e9m\u00e1k), \u00e9s a t\u00e1j\u00e9koz\u00f3d\u00f3k\u00e9pess\u00e9get.<br \/>\nMindezek elsaj\u00e1t\u00edt\u00e1s\u00e1hoz sok sikert k\u00edv\u00e1nnak a tr\u00e9nerek!<\/p>\n<p>Szab\u00f3 Di\u00e1na<\/p>\n<\/div>\n<p>&nbsp;<\/p>\n","protected":false},"excerpt":{"rendered":"<p>Iskol\u00e1nkr\u00f3l\/Profil, c\u00e9lok\/Tanul\u00e1stechnika &nbsp; Tanul\u00e1s-m\u00f3dszertani tr\u00e9ning 8. oszt\u00e1lyosoknak Iskol\u00e1nk tanul\u00e1stechnikai tr\u00e9ninget tart szeptember m\u00e1sodik het\u00e9ben a 8. oszt\u00e1lyos tanul\u00f3knak, azzal a sz\u00e1nd\u00e9kkal, hogy seg\u00edts\u00e9get ny\u00fajtson a&hellip;<\/p>\n","protected":false},"author":1,"featured_media":0,"parent":0,"menu_order":0,"comment_status":"closed","ping_status":"closed","template":"","meta":{"footnotes":""},"class_list":["post-225","page","type-page","status-publish","hentry"],"_links":{"self":[{"href":"https:\/\/bocskai11.hu\/index.php\/wp-json\/wp\/v2\/pages\/225","targetHints":{"allow":["GET"]}}],"collection":[{"href":"https:\/\/bocskai11.hu\/index.php\/wp-json\/wp\/v2\/pages"}],"about":[{"href":"https:\/\/bocskai11.hu\/index.php\/wp-json\/wp\/v2\/types\/page"}],"author":[{"embeddable":true,"href":"https:\/\/bocskai11.hu\/index.php\/wp-json\/wp\/v2\/users\/1"}],"replies":[{"embeddable":true,"href":"https:\/\/bocskai11.hu\/index.php\/wp-json\/wp\/v2\/comments?post=225"}],"version-history":[{"count":3,"href":"https:\/\/bocskai11.hu\/index.php\/wp-json\/wp\/v2\/pages\/225\/revisions"}],"predecessor-version":[{"id":346,"href":"https:\/\/bocskai11.hu\/index.php\/wp-json\/wp\/v2\/pages\/225\/revisions\/346"}],"wp:attachment":[{"href":"https:\/\/bocskai11.hu\/index.php\/wp-json\/wp\/v2\/media?parent=225"}],"curies":[{"name":"wp","href":"https:\/\/api.w.org\/{rel}","templated":true}]}}