{"id":229,"date":"2020-12-03T15:42:18","date_gmt":"2020-12-03T14:42:18","guid":{"rendered":"https:\/\/bocskai11.hu\/?page_id=229"},"modified":"2020-12-28T14:25:34","modified_gmt":"2020-12-28T13:25:34","slug":"fejleszto-foglalkozasok","status":"publish","type":"page","link":"https:\/\/bocskai11.hu\/index.php\/fejleszto-foglalkozasok\/","title":{"rendered":"Fejleszt\u0151 foglalkoz\u00e1sok"},"content":{"rendered":"<h1>Iskol\u00e1nkr\u00f3l\/Profil, c\u00e9lok\/Fejleszt\u0151 foglalkoz\u00e1sok<\/h1>\n<p>&nbsp;<\/p>\n<div align=\"justify\">\n<p>1992-ben kezdt\u00fck iskol\u00e1nkban a fejleszt\u0151 foglalkoz\u00e1sokat \u2013 els\u0151k k\u00f6z\u00f6tt az orsz\u00e1gban.<\/p>\n<p>Ez a rendk\u00edv\u00fcl hat\u00e9kony m\u00f3dszer azoknak a gyerekeknek ny\u00fajt seg\u00edts\u00e9get a tanul\u00e1sban, akik valamilyen r\u00e9szk\u00e9pess\u00e9g-zavar miatt (diszlexia, diszgr\u00e1fia, diszkalkulia, figyelemzavar, hiperaktivit\u00e1s, mozg\u00e1skoordin\u00e1ci\u00f3, \u00e9szlel\u00e9si gyenges\u00e9g, mem\u00f3ria stb.) nem tudnak\u00a0 olyan szinten teljes\u00edteni, mint ahogyan az intelligenciaszintj\u00fck alapj\u00e1n elv\u00e1rhat\u00f3 lenne.<\/p>\n<p>A tapasztalatok azt mutatt\u00e1k, hogy a szok\u00e1sos tan\u00e1ri vagy sz\u00fcl\u0151i korrepet\u00e1l\u00e1s nem volt elegend\u0151 a probl\u00e9m\u00e1k cs\u00f6kkent\u00e9s\u00e9re vagy lek\u00fczd\u00e9s\u00e9re, ez\u00e9rt kerest\u00fcnk olyan pedag\u00f3giai elj\u00e1r\u00e1sokat, amelyek j\u00e1t\u00e9kos form\u00e1ban fejlesztik a tanul\u00e1si k\u00e9pess\u00e9geket, siker\u00e9lm\u00e9nyhez juttatva az addig sok kudarcot \u00e1t\u00e9lt gyerekeket. A foglalkoz\u00e1sokon csak olyan programokat alkalmazunk, amelyek hivatalosan elismertek, a legjobb szakemberek \u00e1ltal kidolgozottak, orsz\u00e1gosan kipr\u00f3b\u00e1ltak, bev\u00e1ltak.<\/p>\n<p>Nagy hangs\u00falyt fektet\u00fcnk a prevenci\u00f3ra, ez\u00e9rt az els\u0151 oszt\u00e1lyba l\u00e9p\u0151 gyerekek sz\u0171r\u0151vizsg\u00e1laton esnek \u00e1t, s a m\u00e9r\u00e9si eredm\u00e9nyek alapj\u00e1n csoportba sorolva m\u00e1r az els\u0151 h\u00f3napban megkezdj\u00fck a foglalkoz\u00e1st. Vannak olyanok, akikn\u00e9l p\u00e1r h\u00f3nap elegend\u0151 ahhoz, hogy hi\u00e1nyaikat p\u00f3toljuk, de n\u00e9h\u00e1nyan \u00e9vekig seg\u00edts\u00e9gre szorulnak. Fontosnak tartjuk azt is, hogy a sz\u00fcl\u0151k is tiszt\u00e1ban legyenek azzal, mi a gyermek\u00fck gondja, hogyan tudj\u00e1k \u0151t pszich\u00e9sen is t\u00e1mogatni, tanul\u00e1sukat hat\u00e9konyabb\u00e1 tenni. Sz\u00fcks\u00e9g eset\u00e9n egy\u00fcttm\u0171k\u00f6d\u00fcnk \u00e9s a F\u0151v\u00e1rosi Pedag\u00f3giai Szakszolg\u00e1lat 11. ker\u00fcleti Tagint\u00e9zm\u00e9ny\u00e9vel \u00e9s az \u00dajbudai Nevel\u00e9si Tan\u00e1csad\u00f3val.<\/p>\n<\/div>\n<p>&nbsp;<\/p>\n","protected":false},"excerpt":{"rendered":"<p>Iskol\u00e1nkr\u00f3l\/Profil, c\u00e9lok\/Fejleszt\u0151 foglalkoz\u00e1sok &nbsp; 1992-ben kezdt\u00fck iskol\u00e1nkban a fejleszt\u0151 foglalkoz\u00e1sokat \u2013 els\u0151k k\u00f6z\u00f6tt az orsz\u00e1gban. Ez a rendk\u00edv\u00fcl hat\u00e9kony m\u00f3dszer azoknak a gyerekeknek ny\u00fajt seg\u00edts\u00e9get&hellip;<\/p>\n","protected":false},"author":1,"featured_media":0,"parent":0,"menu_order":0,"comment_status":"closed","ping_status":"closed","template":"","meta":{"footnotes":""},"class_list":["post-229","page","type-page","status-publish","hentry"],"_links":{"self":[{"href":"https:\/\/bocskai11.hu\/index.php\/wp-json\/wp\/v2\/pages\/229","targetHints":{"allow":["GET"]}}],"collection":[{"href":"https:\/\/bocskai11.hu\/index.php\/wp-json\/wp\/v2\/pages"}],"about":[{"href":"https:\/\/bocskai11.hu\/index.php\/wp-json\/wp\/v2\/types\/page"}],"author":[{"embeddable":true,"href":"https:\/\/bocskai11.hu\/index.php\/wp-json\/wp\/v2\/users\/1"}],"replies":[{"embeddable":true,"href":"https:\/\/bocskai11.hu\/index.php\/wp-json\/wp\/v2\/comments?post=229"}],"version-history":[{"count":3,"href":"https:\/\/bocskai11.hu\/index.php\/wp-json\/wp\/v2\/pages\/229\/revisions"}],"predecessor-version":[{"id":320,"href":"https:\/\/bocskai11.hu\/index.php\/wp-json\/wp\/v2\/pages\/229\/revisions\/320"}],"wp:attachment":[{"href":"https:\/\/bocskai11.hu\/index.php\/wp-json\/wp\/v2\/media?parent=229"}],"curies":[{"name":"wp","href":"https:\/\/api.w.org\/{rel}","templated":true}]}}