{"id":239,"date":"2020-12-03T15:45:36","date_gmt":"2020-12-03T14:45:36","guid":{"rendered":"https:\/\/bocskai11.hu\/?page_id=239"},"modified":"2025-02-10T05:32:22","modified_gmt":"2025-02-10T04:32:22","slug":"neptanc","status":"publish","type":"page","link":"https:\/\/bocskai11.hu\/index.php\/neptanc\/","title":{"rendered":"N\u00e9pt\u00e1nc"},"content":{"rendered":"\n<blockquote class=\"wp-block-quote is-layout-flow wp-block-quote-is-layout-flow\">\n<p>\u201eMert mibenn\u00fcnk zeng a l\u00e9lek<br>Minket illet ez az \u00e9let\u201d.<\/p>\n<\/blockquote>\n\n\n\n<div class=\"wp-block-media-text is-stacked-on-mobile\"><figure class=\"wp-block-media-text__media\"><img fetchpriority=\"high\" decoding=\"async\" width=\"1024\" height=\"714\" src=\"https:\/\/bocskai11.hu\/wp-content\/uploads\/2024\/02\/412902288_845650124024743_4503931857532404754_n-1-1024x714.jpg\" alt=\"\" class=\"wp-image-2523 size-full\" srcset=\"https:\/\/bocskai11.hu\/wp-content\/uploads\/2024\/02\/412902288_845650124024743_4503931857532404754_n-1-1024x714.jpg 1024w, https:\/\/bocskai11.hu\/wp-content\/uploads\/2024\/02\/412902288_845650124024743_4503931857532404754_n-1-300x209.jpg 300w, https:\/\/bocskai11.hu\/wp-content\/uploads\/2024\/02\/412902288_845650124024743_4503931857532404754_n-1-768x536.jpg 768w, https:\/\/bocskai11.hu\/wp-content\/uploads\/2024\/02\/412902288_845650124024743_4503931857532404754_n-1.jpg 1170w\" sizes=\"(max-width: 1024px) 100vw, 1024px\" \/><\/figure><div class=\"wp-block-media-text__content\">\n<p>1999 szeptembere \u00f3ta tan\u00edtunk n\u00e9pt\u00e1ncot a Bocskaiban, \u00f3rarendi keretek k\u00f6z\u00f6tt. A 2002-2003-as tan\u00e9vben egy n\u00e9pt\u00e1nc tagozatos oszt\u00e1lyt ind\u00edtottunk 29 gyermekkel. A v\u00e1rtn\u00e1l is jobban siker\u00fclt ezeknek a gyerekeknek a motiv\u00e1l\u00e1sa, term\u00e9szetesen a sz\u00fcl\u0151k hat\u00e9kony seg\u00edts\u00e9g\u00e9vel. M\u00e1r n\u00e9h\u00e1ny h\u00f3nappal a tan\u00e9vkezd\u00e9s ut\u00e1n fell\u00e9pt\u00fcnk vel\u00fck a Fon\u00f3ban, a Kolompos egy\u00fcttes lemezbemutat\u00f3 koncertj\u00e9n. A nagyszer\u0171 kezd\u00e9st hasonl\u00f3 folytat\u00e1s k\u00f6vette. M\u00e1ra ezek a gyerekek k\u00f6z\u00e9piskol\u00e1sok lettek, \u00e9s a nyolc \u00e9v alatt bebizony\u00edtott\u00e1k, hogy a k\u00f6z\u00f6s munka \u00e1tlagon fel\u00fcli teljes\u00edtm\u00e9nyre sarkallhat egy oszt\u00e1lyk\u00f6z\u00f6ss\u00e9get. Szerencs\u00e9re nem hi\u00e1nyzik az ut\u00e1np\u00f3tl\u00e1s, akik a sikeres el\u0151d\u00f6k nyomdokaikon haladnak.<\/p>\n\n\n\n<p>Harangoz\u00f3 Krisztina<\/p>\n<\/div><\/div>\n\n\n\n<figure class=\"wp-block-gallery has-nested-images columns-default is-cropped wp-block-gallery-1 is-layout-flex wp-block-gallery-is-layout-flex\">\n<figure class=\"wp-block-image size-large\"><img decoding=\"async\" width=\"1024\" height=\"991\" data-id=\"2528\" src=\"https:\/\/bocskai11.hu\/wp-content\/uploads\/2024\/02\/413028211_845650237358065_333012451269860839_n-1024x991.jpg\" alt=\"\" class=\"wp-image-2528\" srcset=\"https:\/\/bocskai11.hu\/wp-content\/uploads\/2024\/02\/413028211_845650237358065_333012451269860839_n-1024x991.jpg 1024w, https:\/\/bocskai11.hu\/wp-content\/uploads\/2024\/02\/413028211_845650237358065_333012451269860839_n-300x290.jpg 300w, https:\/\/bocskai11.hu\/wp-content\/uploads\/2024\/02\/413028211_845650237358065_333012451269860839_n-768x743.jpg 768w, https:\/\/bocskai11.hu\/wp-content\/uploads\/2024\/02\/413028211_845650237358065_333012451269860839_n.jpg 1170w\" sizes=\"(max-width: 1024px) 100vw, 1024px\" \/><\/figure>\n\n\n\n<figure class=\"wp-block-image size-large\"><img decoding=\"async\" width=\"1024\" height=\"858\" data-id=\"2529\" src=\"https:\/\/bocskai11.hu\/wp-content\/uploads\/2024\/02\/412914077_845650167358072_3414338722798563585_n-1024x858.jpg\" alt=\"\" class=\"wp-image-2529\" srcset=\"https:\/\/bocskai11.hu\/wp-content\/uploads\/2024\/02\/412914077_845650167358072_3414338722798563585_n-1024x858.jpg 1024w, https:\/\/bocskai11.hu\/wp-content\/uploads\/2024\/02\/412914077_845650167358072_3414338722798563585_n-300x251.jpg 300w, https:\/\/bocskai11.hu\/wp-content\/uploads\/2024\/02\/412914077_845650167358072_3414338722798563585_n-768x643.jpg 768w, https:\/\/bocskai11.hu\/wp-content\/uploads\/2024\/02\/412914077_845650167358072_3414338722798563585_n.jpg 1170w\" sizes=\"(max-width: 1024px) 100vw, 1024px\" \/><\/figure>\n\n\n\n<figure class=\"wp-block-image size-large\"><img loading=\"lazy\" decoding=\"async\" width=\"904\" height=\"1024\" data-id=\"2524\" src=\"https:\/\/bocskai11.hu\/wp-content\/uploads\/2024\/02\/412902106_845650350691387_7442793603014514451_n-904x1024.jpg\" alt=\"\" class=\"wp-image-2524\" srcset=\"https:\/\/bocskai11.hu\/wp-content\/uploads\/2024\/02\/412902106_845650350691387_7442793603014514451_n-904x1024.jpg 904w, https:\/\/bocskai11.hu\/wp-content\/uploads\/2024\/02\/412902106_845650350691387_7442793603014514451_n-265x300.jpg 265w, https:\/\/bocskai11.hu\/wp-content\/uploads\/2024\/02\/412902106_845650350691387_7442793603014514451_n-768x870.jpg 768w, https:\/\/bocskai11.hu\/wp-content\/uploads\/2024\/02\/412902106_845650350691387_7442793603014514451_n.jpg 1169w\" sizes=\"(max-width: 904px) 100vw, 904px\" \/><\/figure>\n<\/figure>\n","protected":false},"excerpt":{"rendered":"<p>\u201eMert mibenn\u00fcnk zeng a l\u00e9lekMinket illet ez az \u00e9let\u201d. 1999 szeptembere \u00f3ta tan\u00edtunk n\u00e9pt\u00e1ncot a Bocskaiban, \u00f3rarendi keretek k\u00f6z\u00f6tt. A 2002-2003-as tan\u00e9vben egy n\u00e9pt\u00e1nc tagozatos&hellip;<\/p>\n","protected":false},"author":1,"featured_media":0,"parent":0,"menu_order":0,"comment_status":"closed","ping_status":"closed","template":"","meta":{"footnotes":""},"class_list":["post-239","page","type-page","status-publish","hentry"],"_links":{"self":[{"href":"https:\/\/bocskai11.hu\/index.php\/wp-json\/wp\/v2\/pages\/239","targetHints":{"allow":["GET"]}}],"collection":[{"href":"https:\/\/bocskai11.hu\/index.php\/wp-json\/wp\/v2\/pages"}],"about":[{"href":"https:\/\/bocskai11.hu\/index.php\/wp-json\/wp\/v2\/types\/page"}],"author":[{"embeddable":true,"href":"https:\/\/bocskai11.hu\/index.php\/wp-json\/wp\/v2\/users\/1"}],"replies":[{"embeddable":true,"href":"https:\/\/bocskai11.hu\/index.php\/wp-json\/wp\/v2\/comments?post=239"}],"version-history":[{"count":4,"href":"https:\/\/bocskai11.hu\/index.php\/wp-json\/wp\/v2\/pages\/239\/revisions"}],"predecessor-version":[{"id":2911,"href":"https:\/\/bocskai11.hu\/index.php\/wp-json\/wp\/v2\/pages\/239\/revisions\/2911"}],"wp:attachment":[{"href":"https:\/\/bocskai11.hu\/index.php\/wp-json\/wp\/v2\/media?parent=239"}],"curies":[{"name":"wp","href":"https:\/\/api.w.org\/{rel}","templated":true}]}}