{"id":251,"date":"2020-12-03T15:55:01","date_gmt":"2020-12-03T14:55:01","guid":{"rendered":"https:\/\/bocskai11.hu\/?page_id=251"},"modified":"2026-01-10T11:26:02","modified_gmt":"2026-01-10T10:26:02","slug":"kapcsolat","status":"publish","type":"page","link":"https:\/\/bocskai11.hu\/index.php\/kapcsolat\/","title":{"rendered":"Kapcsolat"},"content":{"rendered":"\r\n<p><strong><a href=\"https:\/\/maps.app.goo.gl\/sPbwfWP8gH8iVMiA6\" target=\"_blank\" rel=\"noreferrer noopener\">\u00dajbudai Bocskai Istv\u00e1n \u00c1ltal\u00e1nos Iskola<\/a><\/strong><\/p>\r\n\r\n\r\n\r\n<p><strong>C\u00edm\u00fcnk: <a href=\"http:\/\/&lt;iframe src=&quot;https:\/\/www.google.com\/maps\/embed?pb=!1m18!1m12!1m3!1d2696.666895654225!2d19.032461276694082!3d47.47692029692313!2m3!1f0!2f0!3f0!3m2!1i1024!2i768!4f13.1!3m3!1m2!1s0x4741ddca0f04358f%3A0xd6cb8439b6770346!2sBocskai%20Istv%C3%A1n%20%C3%81ltal%C3%A1nos%20Iskola!5e0!3m2!1shu!2shu!4v1722498877876!5m2!1shu!2shu&quot; width=&quot;600&quot; height=&quot;450&quot; style=&quot;border:0;&quot; allowfullscreen=&quot;&quot; loading=&quot;lazy&quot; referrerpolicy=&quot;no-referrer-when-downgrade&quot;&gt;&lt;\/iframe&gt;\" target=\"_blank\" rel=\"noreferrer noopener\">1113 Budapest, Bocskai \u00fat 47-49<\/a><a href=\"http:\/\/&lt;iframe src=&quot;https:\/\/www.google.com\/maps\/embed?pb=!1m18!1m12!1m3!1d2696.666895660339!2d19.032455911508322!3d47.476920296803996!2m3!1f0!2f0!3f0!3m2!1i1024!2i768!4f13.1!3m3!1m2!1s0x4741ddca0f04358f%3A0xd6cb8439b6770346!2sBocskai%20Istv%C3%A1n%20%C3%81ltal%C3%A1nos%20Iskola!5e0!3m2!1shu!2shu!4v1699607750424!5m2!1shu!2shu&quot; width=&quot;600&quot; height=&quot;450&quot; style=&quot;border:0;&quot; allowfullscreen=&quot;&quot; loading=&quot;lazy&quot; referrerpolicy=&quot;no-referrer-when-downgrade&quot;&gt;&lt;\/iframe&gt;\" target=\"_blank\" rel=\"noreferrer noopener\">.<\/a><\/strong><\/p>\r\n\r\n\r\n\r\n<p><iframe style=\"border: 0;\" src=\"https:\/\/www.google.com\/maps\/embed?pb=!1m18!1m12!1m3!1d2696.666895660339!2d19.032455911508322!3d47.476920296803996!2m3!1f0!2f0!3f0!3m2!1i1024!2i768!4f13.1!3m3!1m2!1s0x4741ddca0f04358f%3A0xd6cb8439b6770346!2sBocskai%20Istv%C3%A1n%20%C3%81ltal%C3%A1nos%20Iskola!5e0!3m2!1shu!2shu!4v1699607924111!5m2!1shu!2shu\" width=\"600\" height=\"450\" allowfullscreen=\"allowfullscreen\"><\/iframe><\/p>\r\n\r\n\r\n\r\n<p><strong>Telefon:<\/strong> (+361) 209-91-63<\/p>\r\n\r\n\r\n\r\n<p><strong>E-mail:<\/strong> <a href=\"mailto:i.bocskai80@gmail.com\">i.bocskai80@gmail.com<\/a>; <a href=\"mailto:titkarsag@bocskai.dbtk.hu\">titkarsag@bocskai.dbtk.hu<\/a>;<\/p>\r\n\r\n\r\n\r\n<p><strong>Igazgat\u00f3 (Buk\u00f3cki Bianka) e-mail:<\/strong> <a href=\"mailto:igazgato@bocskai.dbtk.hu\">igazgato@bocskai.dbtk.hu<\/a><\/p>\r\n\r\n\r\n\r\n<p><strong>Facebook:<\/strong><\/p>\r\n\r\n\r\n\r\n<p><img decoding=\"async\" src=\"https:\/\/static.xx.fbcdn.net\/rsrc.php\/yT\/r\/aGT3gskzWBf.ico\" alt=\"\" \/><a href=\"https:\/\/www.facebook.com\/%C3%9Ajbudai-Bocskai-Istv%C3%A1n-%C3%81ltal%C3%A1nos-Iskola-1194549250677191\" target=\"_blank\" rel=\"noreferrer noopener\">\u00dajbudai Bocskai Istv\u00e1n \u00c1ltal\u00e1nos Iskola | Budapest<\/a><\/p>\r\n\r\n\r\n\r\n<p><strong>Instagram:<\/strong><br \/><br \/><a href=\"https:\/\/www.instagram.com\/ujbudai.bocskai.iskola\/\" target=\"_blank\" rel=\"noreferrer noopener\">\u00dajbudai Bocskai Istv\u00e1n \u00c1ltal\u00e1nos Iskola<\/a><\/p>\r\n\r\n\r\n\r\n<p><b>Bocskai Iskola Alap\u00edtv\u00e1ny<br \/>Ad\u00f3sz\u00e1m: 19636766-1-43<br \/><\/b><strong>Sz\u00e1mlasz\u00e1m: 10103805-51033036-00000003<\/strong><\/p>\r\n\r\n\r\n\r\n<p>&nbsp;<\/p>\r\n","protected":false},"excerpt":{"rendered":"<p>\u00dajbudai Bocskai Istv\u00e1n \u00c1ltal\u00e1nos Iskola C\u00edm\u00fcnk: 1113 Budapest, Bocskai \u00fat 47-49. Telefon: (+361) 209-91-63 E-mail: i.bocskai80@gmail.com; titkarsag@bocskai.dbtk.hu; Igazgat\u00f3 (Buk\u00f3cki Bianka) e-mail: igazgato@bocskai.dbtk.hu Facebook: \u00dajbudai Bocskai&hellip;<\/p>\n","protected":false},"author":1,"featured_media":0,"parent":0,"menu_order":0,"comment_status":"closed","ping_status":"closed","template":"","meta":{"footnotes":""},"class_list":["post-251","page","type-page","status-publish","hentry"],"_links":{"self":[{"href":"https:\/\/bocskai11.hu\/index.php\/wp-json\/wp\/v2\/pages\/251","targetHints":{"allow":["GET"]}}],"collection":[{"href":"https:\/\/bocskai11.hu\/index.php\/wp-json\/wp\/v2\/pages"}],"about":[{"href":"https:\/\/bocskai11.hu\/index.php\/wp-json\/wp\/v2\/types\/page"}],"author":[{"embeddable":true,"href":"https:\/\/bocskai11.hu\/index.php\/wp-json\/wp\/v2\/users\/1"}],"replies":[{"embeddable":true,"href":"https:\/\/bocskai11.hu\/index.php\/wp-json\/wp\/v2\/comments?post=251"}],"version-history":[{"count":21,"href":"https:\/\/bocskai11.hu\/index.php\/wp-json\/wp\/v2\/pages\/251\/revisions"}],"predecessor-version":[{"id":3139,"href":"https:\/\/bocskai11.hu\/index.php\/wp-json\/wp\/v2\/pages\/251\/revisions\/3139"}],"wp:attachment":[{"href":"https:\/\/bocskai11.hu\/index.php\/wp-json\/wp\/v2\/media?parent=251"}],"curies":[{"name":"wp","href":"https:\/\/api.w.org\/{rel}","templated":true}]}}