{"id":261,"date":"2020-12-03T16:10:17","date_gmt":"2020-12-03T15:10:17","guid":{"rendered":"https:\/\/bocskai11.hu\/?page_id=261"},"modified":"2023-11-10T16:15:01","modified_gmt":"2023-11-10T15:15:01","slug":"tehetsegpont","status":"publish","type":"page","link":"https:\/\/bocskai11.hu\/index.php\/tehetsegpont\/","title":{"rendered":"Tehets\u00e9gpont"},"content":{"rendered":"<h1>Tehets\u00e9gpont<\/h1>\n<p>&nbsp;<\/p>\n<p><img fetchpriority=\"high\" decoding=\"async\" class=\"alignnone size-medium wp-image-365\" src=\"https:\/\/bocskai11.hu\/wp-content\/uploads\/2021\/01\/tehetsegpont2-300x200.jpg\" alt=\"\" width=\"300\" height=\"200\" srcset=\"https:\/\/bocskai11.hu\/wp-content\/uploads\/2021\/01\/tehetsegpont2-300x200.jpg 300w, https:\/\/bocskai11.hu\/wp-content\/uploads\/2021\/01\/tehetsegpont2-768x513.jpg 768w, https:\/\/bocskai11.hu\/wp-content\/uploads\/2021\/01\/tehetsegpont2.jpg 800w\" sizes=\"(max-width: 300px) 100vw, 300px\" \/><\/p>\n<p>Name: Bocskai 11 Talent Point<\/p>\n<p>Latitude: 47.476943<\/p>\n<p>Longitude: 19.034928<\/p>\n<p>Description<\/p>\n<p>Name: Bocskai 11 Talent Point<br \/>\nAddress: 47-49, Bocskai \u00fat, 1113, Budapest, Hungary<br \/>\ncontact person: Kl\u00e1ra R\u00e9ti<br \/>\nE-mail:&nbsp;<a href=\"mailto:i.bocskai80@gmail.com\">i.bocskai80@gmail.com<\/a><br \/>\nwebsite:&nbsp;<a href=\"http:\/\/www.bocskai11.hu\/\">http:\/\/www.bocskai11.hu<\/a><\/p>\n<p>Following and supporting the work of our talented students has always been a top priority in our school. We organize individual sessions and group work for students with trained teachers who take part in different courses to improve their knowledge.<br \/>\nWe would like to develop our techniques and achieve an international standard. In order to reach our aim, we wish to broaden the knowledge of our colleagues on this field with special courses, studying and adapting European models.<\/p>\n<p>We believe that we need to develop constantly and we encourage students, parents and fellow teachers to take part in bringing this project to perfection.<\/p>\n<div align=\"justify\">\n<p class=\"auto-style3\"><img decoding=\"async\" title=\"tehetsegpont_ok.jpg\" src=\"http:\/\/kepek.bocskai11.hu\/tehetsegpont_ok.jpg\" alt=\"tehetsegpont_ok.jpg\" width=\"484\" height=\"302\"><\/p>\n<p class=\"auto-style3\"><strong>\u00d6r\u00f6mmel t\u00e1j\u00e9koztatjuk Kedves Sz\u00fcl\u0151ket \u00e9s L\u00e1togat\u00f3inkat, hogy iskol\u00e1nk a Magyar Tehets\u00e9gseg\u00edt\u0151 Szervezetek Sz\u00f6vets\u00e9g\u00e9nek Kiv\u00e1l\u00f3 Tehets\u00e9gpontja lett.<\/strong><\/p>\n<p>\u201eAz iskola arra val\u00f3, hogy az ember megtanuljon tanulni, hogy fel\u00e9bredjen tud\u00e1sv\u00e1gya, megismerje a j\u00f3l v\u00e9gzett munka \u00f6r\u00f6m\u00e9t, meg\u00edzlelje az alkot\u00e1s izgalm\u00e1t, megtanulja szeretni, amit csin\u00e1l, \u00e9s megtal\u00e1lja azt a munk\u00e1t, amit szeretni fog.\u201d<\/p>\n<p>\/Szent-Gy\u00f6rgyi Albert: V\u00e1logatott tanulm\u00e1nyok (Gondolat Kiad\u00f3, 1988.)\/<\/p>\n<p>Iskol\u00e1nk a Bocskai Istv\u00e1n \u00c1ltal\u00e1nos Iskola \u201ears poetic\u00e1j\u00e1t\u201d a fenti id\u00e9zetben tal\u00e1lta meg, \u00e9s ez, amely kifejezi t\u00f6rekv\u00e9s\u00fcnket \u00e9s meghat\u00e1rozza tev\u00e9kenys\u00e9g\u00fcnket.<\/p>\n<p>A gyermeket akarjuk szolg\u00e1lni, \u00fagy hogy:<\/p>\n<p>a nevel\u0151-oktat\u00f3 munk\u00e1nk sor\u00e1n a \u201egyeng\u00e9nek t\u00f6bb seg\u00edts\u00e9g, a jobbnak t\u00f6bb szabads\u00e1g \u00e9s \u00f6n\u00e1ll\u00f3s\u00e1g\u201d tartalm\u00e1t \u00e9s elv\u00e9t k\u00edv\u00e1njuk gyakorolni minden pedag\u00f3giai elj\u00e1r\u00e1sunk \u00e9s megnyilv\u00e1nul\u00e1sunk sor\u00e1n.<\/p>\n<p class=\"auto-style3\">Tantest\u00fclet\u00fcnk minden tagja hisz abban, hogy minden gyermek tehets\u00e9ges valamiben, \u00edgy munk\u00e1nk sor\u00e1n arra t\u00f6reksz\u00fcnk, hogy sikerekhez seg\u00edts\u00fck a nehezebben teljes\u00edt\u0151 tanul\u00f3inkat is. A tehets\u00e9ggondoz\u00e1s ter\u00fclet\u00e9hez kapcsol\u00f3d\u00f3 nevel\u0151-oktat\u00f3 munk\u00e1nk c\u00e9lja, hogy azonos\u00edtsuk a tehets\u00e9geket, fejleszt\u00e9s\u00fck sor\u00e1n biztos\u00edtsuk sz\u00e1mukra az es\u00e9lyegyenl\u0151s\u00e9get, \u00e9s lehet\u0151s\u00e9get teremts\u00fcnk minden di\u00e1kunk sz\u00e1m\u00e1ra az \u00f6nmegval\u00f3s\u00edt\u00e1shoz.<\/p>\n<p>Munk\u00e1nkat helyi szinten v\u00e9gezz\u00fck, de folyamatosan keress\u00fck az egy\u00fcttm\u0171k\u00f6d\u00e9st a tehets\u00e9ges gyermekek gondoz\u00e1s\u00e1ban \u00e9rintett int\u00e9zm\u00e9nyekkel, szakemberekkel.<\/p>\n<p>A tehets\u00e9gek felkutat\u00e1s\u00e1ban sz\u00e1m\u00edtunk az \u00dajbudai Pedag\u00f3giai Iroda t\u00e1mogat\u00e1s\u00e1ra.<br \/>\nA Magyar V\u00edv\u00f3 Sz\u00f6vets\u00e9ggel l\u00e9trehozott egy\u00fcttm\u0171k\u00f6d\u00e9si forma fontos \u00e1llom\u00e1sa a tehets\u00e9gek tov\u00e1bbgondoz\u00e1s\u00e1nak.<br \/>\nIskol\u00e1nk ezzel a programmal bekapcsol\u00f3dik a Nemzeti Tehets\u00e9gseg\u00edt\u0151 Tan\u00e1cs munk\u00e1j\u00e1ba.<br \/>\n<strong>Programunk c\u00e9lj\u00e1nak el\u00e9r\u00e9se \u00e9rdek\u00e9ben: <\/strong><\/p>\n<p>&#8211; r\u00e9szt k\u00edv\u00e1nunk venni a tehets\u00e9ggondoz\u00e1ssal kapcsolatos esem\u00e9nyeken, tan\u00e1cskoz\u00e1sokon, el\u0151ad\u00e1sokon,<br \/>\n&#8211; a tehets\u00e9gek azonos\u00edt\u00e1sa, fejleszt\u00e9se mellett a tehets\u00e9gek k\u00f6zvet\u00edt\u00e9s\u00e9re is gondot ford\u00edtunk,<\/p>\n<p>&#8211; igyeksz\u00fcnk r\u00f6vid id\u0151 alatt ki\u00e9p\u00edteni kapcsolatainkat m\u00e1r m\u0171k\u00f6d\u0151 tehets\u00e9gpontokkal,<\/p>\n<p>&#8211; kapcsolataink seg\u00edts\u00e9g\u00e9vel a tanul\u00f3k tov\u00e1bbhalad\u00e1s\u00e1t, p\u00e1lyaorient\u00e1ci\u00f3j\u00e1t k\u00edv\u00e1njuk el\u0151seg\u00edteni,<br \/>\n&#8211; lehet\u0151s\u00e9get adunk a tehets\u00e9gek bemutat\u00e1s\u00e1ra, ill. bemutatkoz\u00e1s\u00e1ra, iskol\u00e1nk kultur\u00e1lis g\u00e1l\u00e1j\u00e1n, \u00e9s az iskola honlapj\u00e1n,<\/p>\n<p>&#8211; tehets\u00e9ggondoz\u00f3 szakk\u00f6r\u00f6k ind\u00edt\u00e1s\u00e1t kezdem\u00e9nyezt\u00fck,<br \/>\n&#8211; a tehets\u00e9ggondoz\u00e1sban akt\u00edvan k\u00f6zrem\u0171k\u00f6d\u0151 koll\u00e9g\u00e1k ez ir\u00e1ny\u00fa tud\u00e1sukat tov\u00e1bbk\u00e9pz\u00e9sen b\u0151v\u00edtik \u00e9s megszerzik a tehets\u00e9gazonos\u00edt\u00e1shoz, gondoz\u00e1shoz, tan\u00e1csad\u00e1shoz, pedag\u00f3giai, diagnosztikai feladatok ell\u00e1t\u00e1s\u00e1hoz sz\u00fcks\u00e9ges speci\u00e1lis ismereteket.<\/p>\n<p>Iskol\u00e1nkban \u00e9vek \u00f3ta folyik tan\u00f3r\u00e1n k\u00edv\u00fcli keretek k\u00f6z\u00f6tt is tehets\u00e9ggondoz\u00e1s, melyet el\u00e9rt eredm\u00e9nyeink, fell\u00e9p\u00e9seink, m\u0171k\u00f6d\u0151 szakk\u00f6reink is tan\u00fas\u00edtanak.<\/p>\n<p>A Tehets\u00e9gpont anyagi fenntarthat\u00f3s\u00e1g\u00e1nak \u00e9rdek\u00e9ben p\u00e1ly\u00e1zati lehet\u0151s\u00e9geket keres\u00fcnk, \u00e9s iskol\u00e1nk alap\u00edtv\u00e1ny\u00e1nak t\u00e1mogat\u00e1s\u00e1ra sz\u00e1m\u00edtunk.<\/p>\n<p><strong>K\u00e9rj\u00fck, hogy amennyiben iskol\u00e1nk tantest\u00fclet\u00e9nek c\u00e9ljaival egyet \u00e9rt, \u00e9s szeretn\u00e9 t\u00e1mogatni az iskol\u00e1t, ad\u00f3ja 1%-nak felaj\u00e1nl\u00e1s\u00e1val tegye ezt meg!<\/strong><\/p>\n<p class=\"rtejustify\"><strong>Bocskai Iskola Alap\u00edtv\u00e1ny<br \/>\nAd\u00f3sz\u00e1m: 19636766-1-43<\/strong><\/p>\n<\/div>\n<p>&nbsp;<\/p>\n","protected":false},"excerpt":{"rendered":"<p>Tehets\u00e9gpont &nbsp; Name: Bocskai 11 Talent Point Latitude: 47.476943 Longitude: 19.034928 Description Name: Bocskai 11 Talent Point Address: 47-49, Bocskai \u00fat, 1113, Budapest, Hungary contact&hellip;<\/p>\n","protected":false},"author":1,"featured_media":0,"parent":0,"menu_order":0,"comment_status":"closed","ping_status":"closed","template":"","meta":{"footnotes":""},"class_list":["post-261","page","type-page","status-publish","hentry"],"_links":{"self":[{"href":"https:\/\/bocskai11.hu\/index.php\/wp-json\/wp\/v2\/pages\/261","targetHints":{"allow":["GET"]}}],"collection":[{"href":"https:\/\/bocskai11.hu\/index.php\/wp-json\/wp\/v2\/pages"}],"about":[{"href":"https:\/\/bocskai11.hu\/index.php\/wp-json\/wp\/v2\/types\/page"}],"author":[{"embeddable":true,"href":"https:\/\/bocskai11.hu\/index.php\/wp-json\/wp\/v2\/users\/1"}],"replies":[{"embeddable":true,"href":"https:\/\/bocskai11.hu\/index.php\/wp-json\/wp\/v2\/comments?post=261"}],"version-history":[{"count":4,"href":"https:\/\/bocskai11.hu\/index.php\/wp-json\/wp\/v2\/pages\/261\/revisions"}],"predecessor-version":[{"id":2428,"href":"https:\/\/bocskai11.hu\/index.php\/wp-json\/wp\/v2\/pages\/261\/revisions\/2428"}],"wp:attachment":[{"href":"https:\/\/bocskai11.hu\/index.php\/wp-json\/wp\/v2\/media?parent=261"}],"curies":[{"name":"wp","href":"https:\/\/api.w.org\/{rel}","templated":true}]}}