{"id":2672,"date":"2024-09-24T06:26:04","date_gmt":"2024-09-24T04:26:04","guid":{"rendered":"https:\/\/bocskai11.hu\/?page_id=2672"},"modified":"2024-09-24T06:31:05","modified_gmt":"2024-09-24T04:31:05","slug":"boldog-iskola","status":"publish","type":"page","link":"https:\/\/bocskai11.hu\/index.php\/boldog-iskola\/","title":{"rendered":"Boldog Iskola"},"content":{"rendered":"\n<div class=\"wp-block-media-text is-stacked-on-mobile\" style=\"grid-template-columns:22% auto\"><figure class=\"wp-block-media-text__media\"><img decoding=\"async\" src=\"https:\/\/bocskai11.hu\/wp-content\/uploads\/2024\/09\/boldogiskola_logo-1.png\" alt=\"\" class=\"wp-image-2679 size-full\"\/><\/figure><div class=\"wp-block-media-text__content\">\n<p>Iskol\u00e1nk a <strong>2024\/25-\u00f6s tan\u00e9vre elnyerte a Boldog Iskola<\/strong> c\u00edmet. A c\u00edm elnyer\u00e9s\u00e9nek el\u0151zm\u00e9nye a tavalyi tan\u00e9vben n\u00e9h\u00e1ny koll\u00e9g\u00e1m \u00e1ltal \u00e9s \u00e1ltalam is elv\u00e9gzett Er\u0151ss\u00e9gk\u00f6zpont\u00fa Oktat\u00e1si Program tov\u00e1bbk\u00e9pz\u00e9se, mely a 2023\/24-es tan\u00e9vet az iskola egyes als\u00f3s \u00e9s fels\u0151s oszt\u00e1lyaiban\/csoportjaiban m\u00e1r v\u00e9gigk\u00eds\u00e9rte. Az idei ny\u00e1ron t\u00f6bb pedag\u00f3gus csatlakozott m\u00e9g a tantest\u00fcletb\u0151l a Boldogs\u00e1g\u00f3ra Programhoz.<\/p>\n<\/div><\/div>\n\n\n\n<p><\/p>\n\n\n\n<p>De mit is takar ez val\u00f3j\u00e1ban?<\/p>\n\n\n\n<p>Ez a program a <strong>pozit\u00edv pszichol\u00f3gia eszk\u00f6zeire t\u00e1maszkodva<\/strong> seg\u00edti el\u0151 a tanul\u00f3k ment\u00e1lis eg\u00e9szs\u00e9g\u00e9nek \u00e9s j\u00f3ll\u00e9t\u00e9nek a fejleszt\u00e9s\u00e9t, mindezt <strong>\u00e9lm\u00e9nyalap\u00fa k\u00f6rnyezet<\/strong> megteremt\u00e9s\u00e9vel. T\u00e1mogatja a gyerekeket, hogy <strong>boldogabb, kiegyens\u00falyozottabb \u00e9letet \u00e9lhessenek \u00e9s eg\u00e9szs\u00e9ges megk\u00fczd\u00e9si strat\u00e9gi\u00e1kkal reag\u00e1lhassanak az \u00e9let elker\u00fclhetetlen kih\u00edv\u00e1saira.<\/strong><\/p>\n\n\n\n<p>Ment\u00e1lis eg\u00e9szs\u00e9g\u00fcnk minden \u00e9letkorban fontos szerepet j\u00e1tszik. A Program sz\u00e1mtalan lehet\u0151s\u00e9get k\u00edn\u00e1l ennek fejleszt\u00e9s\u00e9re. Kifejezetten alkalmas arra, hogy az \u00e1ltal\u00e1nos iskol\u00e1s \u00e9letkorban l\u00e9v\u0151, minden szempontb\u00f3l nagyon fog\u00e9kony gyerekek <strong>hozz\u00e1\u00e1ll\u00e1s\u00e1t, be\u00e1ll\u00edt\u00f3d\u00e1s\u00e1t, szem\u00e9lyis\u00e9g\u00e9t alak\u00edtsa, mely a gondolkod\u00e1sm\u00f3djuk, hozz\u00e1\u00e1ll\u00e1suk pozit\u00edv ir\u00e1nyba v\u00e1ltoz\u00e1s\u00e1ban mutatkozik meg<\/strong>. Ebb\u0151l egy\u00e9rtelm\u0171en k\u00f6vetkezik, hogy a <strong>k\u00e9s\u0151bbi \u00e9let\u00fck megalapoz\u00e1s\u00e1ban is nagy szerepe van<\/strong>.<\/p>\n\n\n\n<figure class=\"wp-block-image size-full\"><img decoding=\"async\" width=\"78\" height=\"121\" src=\"https:\/\/bocskai11.hu\/wp-content\/uploads\/2024\/09\/flower.png\" alt=\"\" class=\"wp-image-2675\"\/><\/figure>\n\n\n\n<p>A Programot haszn\u00e1lva <strong>az elm\u00falt egy \u00e9v tapasztalatai alapj\u00e1n<\/strong> elmondhatom, hogy mind az eg\u00e9sz tan\u00f3r\u00e1s, mind pedig az \u00f3ra r\u00e9szleteiben haszn\u00e1lt \u201etananyag\u201d hat\u00e1ssal voltak a gyerekekre \u00e9s term\u00e9szetesen r\u00e1m is.<\/p>\n\n\n\n<p>A kezdeti izgalom a tov\u00e1bbiakban is megmaradt, v\u00e9gigk\u00eds\u00e9rte a tan\u00e9vet, az oszt\u00e1ly mindig v\u00e1rta a foglalkoz\u00e1sokat. Nagyon megragadta \u0151ket a vizu\u00e1lis hat\u00e1s (k\u00e9p, vide\u00f3, zene), aminek hat\u00e1s\u00e1ra j\u00f3l lehetett vel\u00fck besz\u00e9lgetni egy-egy t\u00e9m\u00e1r\u00f3l.<\/p>\n\n\n\n<p>Tetszett, hogy a gyerekek egyre jobban megny\u00edltak egym\u00e1s el\u0151tt, b\u00e1trabban mertek mes\u00e9lni \u00e9rzelmeikr\u0151l, gondolataikr\u00f3l. Megtanultak figyelni egym\u00e1sra, t\u00fcrelmesnek lenni \u00e9s elfogadni azt, ha esetleg valakinek m\u00e1s volt a v\u00e9lem\u00e9nye, mint az \u00f6v\u00e9k. Sokat fejl\u0151dtek abban, hogy egym\u00e1s fel\u00e9 szeretettel \u00e9s tisztelettel forduljanak. A foglalkoz\u00e1sok hat\u00e1s\u00e1ra javult a gyerekek probl\u00e9makezel\u0151 \u00e9s probl\u00e9mamegold\u00f3, valamint koncentr\u00e1ci\u00f3s k\u00e9pess\u00e9ge is.<\/p>\n\n\n\n<p>Pedag\u00f3gusk\u00e9nt nagyon \u00e9lveztem azt, hogy az eddig megszokott\u00f3l elt\u00e9r\u0151 helyzetben lehettem egy\u00fctt tan\u00edtv\u00e1nyaimmal \u00e9s m\u00e1s oldalukr\u00f3l is megismerhettem \u0151ket. A Program nagyon r\u00e9szletesen dolgoz fel egy-egy t\u00e9m\u00e1t, er\u0151ss\u00e9get; \u00e9s a j\u00e1t\u00e9kokat, \u00e9lm\u00e9nyeket, t\u00e9m\u00e1kat t\u00f6bb k\u00f6z\u00fcl v\u00e1laszthattam ki, az oszt\u00e1ly \u00e9rdekl\u0151d\u00e9s\u00e9hez, szintj\u00e9hez igazodva. Nagyon sokr\u00e9t\u0171en haszn\u00e1lhat\u00f3 tananyagot rejt mag\u00e1ban a Program, t\u00f6bb koroszt\u00e1ly sz\u00e1m\u00e1ra is.<\/p>\n\n\n\n<p>Az \u00e9lm\u00e9nyszer\u0171 feldolgoz\u00e1s miatt pedig a gyerekek mindig azt \u00e9rezt\u00e9k, hogy az EKOP-os \u00f3ra nem is tanul\u00e1s, ink\u00e1bb csak sz\u00f3rakoz\u00e1s; k\u00f6sz\u00f6nve ezt a k\u00f6tetlen, kellemes l\u00e9gk\u00f6r\u0171 tanul\u00e1si helyzetnek is, amit k\u00edn\u00e1l a Boldogs\u00e1g\u00f3ra Program.<\/p>\n\n\n\n<p>\u00d6r\u00f6mmel t\u00f6lt\u00f6tt el, hogy a tan\u00e9v v\u00e9g\u00e9n a gyerekek mind pozit\u00edv gondolatokat fogalmaztak meg a foglalkoz\u00e1sokon val\u00f3 r\u00e9szv\u00e9telr\u0151l.<\/p>\n\n\n\n<p><strong>Ez a legjobb \u00e9s leger\u0151sebb motiv\u00e1ci\u00f3 sz\u00e1momra a folytat\u00e1shoz!<\/strong><\/p>\n\n\n\n<figure class=\"wp-block-image size-large\"><img fetchpriority=\"high\" decoding=\"async\" width=\"1024\" height=\"456\" src=\"https:\/\/bocskai11.hu\/wp-content\/uploads\/2024\/09\/puzzle-1024x456.jpg\" alt=\"\" class=\"wp-image-2674\" srcset=\"https:\/\/bocskai11.hu\/wp-content\/uploads\/2024\/09\/puzzle-1024x456.jpg 1024w, https:\/\/bocskai11.hu\/wp-content\/uploads\/2024\/09\/puzzle-300x134.jpg 300w, https:\/\/bocskai11.hu\/wp-content\/uploads\/2024\/09\/puzzle-768x342.jpg 768w, https:\/\/bocskai11.hu\/wp-content\/uploads\/2024\/09\/puzzle.jpg 1320w\" sizes=\"(max-width: 1024px) 100vw, 1024px\" \/><\/figure>\n\n\n\n<p>&nbsp;&nbsp;&nbsp;&nbsp; S\u00e1fr\u00e1ny Em\u0151ke<br>&nbsp;&nbsp;&nbsp;&nbsp;&nbsp;&nbsp;&nbsp;&nbsp; &nbsp;&nbsp;&nbsp;&nbsp;&nbsp;tan\u00edt\u00f3<\/p>\n","protected":false},"excerpt":{"rendered":"<p>Iskol\u00e1nk a 2024\/25-\u00f6s tan\u00e9vre elnyerte a Boldog Iskola c\u00edmet. A c\u00edm elnyer\u00e9s\u00e9nek el\u0151zm\u00e9nye a tavalyi tan\u00e9vben n\u00e9h\u00e1ny koll\u00e9g\u00e1m \u00e1ltal \u00e9s \u00e1ltalam is elv\u00e9gzett Er\u0151ss\u00e9gk\u00f6zpont\u00fa Oktat\u00e1si&hellip;<\/p>\n","protected":false},"author":1,"featured_media":0,"parent":0,"menu_order":0,"comment_status":"closed","ping_status":"closed","template":"","meta":{"footnotes":""},"class_list":["post-2672","page","type-page","status-publish","hentry"],"_links":{"self":[{"href":"https:\/\/bocskai11.hu\/index.php\/wp-json\/wp\/v2\/pages\/2672","targetHints":{"allow":["GET"]}}],"collection":[{"href":"https:\/\/bocskai11.hu\/index.php\/wp-json\/wp\/v2\/pages"}],"about":[{"href":"https:\/\/bocskai11.hu\/index.php\/wp-json\/wp\/v2\/types\/page"}],"author":[{"embeddable":true,"href":"https:\/\/bocskai11.hu\/index.php\/wp-json\/wp\/v2\/users\/1"}],"replies":[{"embeddable":true,"href":"https:\/\/bocskai11.hu\/index.php\/wp-json\/wp\/v2\/comments?post=2672"}],"version-history":[{"count":4,"href":"https:\/\/bocskai11.hu\/index.php\/wp-json\/wp\/v2\/pages\/2672\/revisions"}],"predecessor-version":[{"id":2682,"href":"https:\/\/bocskai11.hu\/index.php\/wp-json\/wp\/v2\/pages\/2672\/revisions\/2682"}],"wp:attachment":[{"href":"https:\/\/bocskai11.hu\/index.php\/wp-json\/wp\/v2\/media?parent=2672"}],"curies":[{"name":"wp","href":"https:\/\/api.w.org\/{rel}","templated":true}]}}