{"id":51,"date":"2020-12-02T18:27:05","date_gmt":"2020-12-02T17:27:05","guid":{"rendered":"https:\/\/bocskai11.hu\/?page_id=51"},"modified":"2025-12-15T21:32:56","modified_gmt":"2025-12-15T20:32:56","slug":"leendo-elsosoknek","status":"publish","type":"page","link":"https:\/\/bocskai11.hu\/index.php\/leendo-elsosoknek\/","title":{"rendered":"Leend\u0151 els\u0151s\u00f6knek"},"content":{"rendered":"<h1>Leend\u0151 els\u0151s\u00f6knek<\/h1>\n<div align=\"justify\">\n<p>Az \u00e9p\u00fclet a XI.<img fetchpriority=\"high\" decoding=\"async\" class=\"alignleft\" title=\"bocsorto4.jpg\" src=\"http:\/\/kepek.bocskai11.hu\/bocsorto4.jpg\" alt=\"bocsorto4.jpg\" width=\"315\" height=\"186\" \/> ker\u00fclet sz\u00edv\u00e9ben, a Kosztol\u00e1nyi Dezs\u0151 t\u00e9r k\u00f6zel\u00e9ben tal\u00e1lhat\u00f3. N\u00e9h\u00e1ny \u00e9ve k\u00e9sz\u00fclt el villanyf\u00e9nyes, m\u0171f\u00fcves p\u00e1ly\u00e1nk, a k\u00f6zelm\u00faltban avattuk fel \u00faj v\u00edv\u00f3term\u00fcnket. \u00c9rt\u00e9kes hagyom\u00e1nyokkal rendelkez\u0151 91 \u00e9ves, de minden nap meg\u00fajulni k\u00e9pes \u00e9s akar\u00f3 int\u00e9zm\u00e9ny vagyunk, amely hossz\u00fa t\u00e1von ny\u00fajt biztons\u00e1got az ide j\u00e1r\u00f3 gyermekeknek.<\/p>\n<p>Iskol\u00e1nk t\u00f6rekszik a min\u0151s\u00e9g folyamatos fejleszt\u00e9s\u00e9re. Ism\u00e9telten megm\u00e9rett\u00fck magunkat \u00e9s elnyert\u00fck az EFQM Kiv\u00e1l\u00f3s\u00e1g D\u00edj m\u00e1sodik fokozat\u00e1t, egyed\u00fcli iskolak\u00e9nt az orsz\u00e1gban. Ez Eur\u00f3pa egyik legrangosabb min\u0151s\u00e9gi d\u00edja, amely az eg\u00e9sz szervezet tev\u00e9kenys\u00e9g\u00e9nek \u00e9s m\u0171k\u00f6d\u00e9s\u00e9nek kiv\u00e1l\u00f3s\u00e1g\u00e1t d\u00edjazza.<\/p>\n<p>Iskol\u00e1nk a soksz\u00edn\u0171 tan\u00f3rai \u00e9s tan\u00f3r\u00e1n k\u00edv\u00fcli foglalkoz\u00e1sok\u00e9rt el\u0151sz\u00f6r 2012-ben elnyerte a kiv\u00e1l\u00f3 tehets\u00e9gpont, majd az Eur\u00f3pai Tehets\u00e9gpont c\u00edmet.<\/p>\n<p>2014 \u00f3ta a Bocskai \u00f6r\u00f6k\u00f6s \u00f6koiskola.<\/p>\n<p>A Bocskai c\u00e9lkit\u0171z\u00e9se: \u00fagy v\u00e1ltozzunk, \u00fagy fejl\u0151dj\u00fcnk, hogy meg\u0151rizz\u00fck hagyom\u00e1nyainkat \u00e9s megfelelj\u00fcnk a kor kih\u00edv\u00e1sainak.<\/p>\n<p>18 tanteremmel rendelkez\u00fcnk, k\u00f6zt\u00fck magas pedag\u00f3giai ig\u00e9nnyel felszerelt informatika, fizika, k\u00e9mia, biol\u00f3gia, magyar kabinetekkel. T\u00f6bb tanteremben digit\u00e1lis t\u00e1bla seg\u00edti az oktat\u00e1st. Korszer\u0171 audiovizu\u00e1lis eszk\u00f6z\u00f6ket \u00e9s multim\u00e9di\u00e1s lehet\u0151s\u00e9geket k\u00edn\u00e1l\u00f3 k\u00f6nyvt\u00e1runk m\u0171k\u00f6dik.<\/p>\n<p>Iskol\u00e1nk mott\u00f3ja:<\/p>\n<p>\u201eA jobbaknak t\u00f6bb szabads\u00e1g \u00e9s \u00f6n\u00e1ll\u00f3s\u00e1g, a lassabban halad\u00f3knak t\u00f6bb seg\u00edts\u00e9g.\u201d, amelyet minden tanul\u00f3nkra, minden tan\u00edt\u00e1si \u00e9s tanul\u00e1si helyzetben \u00e9rv\u00e9nyes\u00edteni k\u00edv\u00e1nunk<\/p>\n<p><img decoding=\"async\" class=\" wp-image-294 aligncenter\" src=\"https:\/\/bocskai11.hu\/wp-content\/uploads\/2020\/12\/Kepernyofelvetel-265-300x31.png\" alt=\"\" width=\"339\" height=\"35\" srcset=\"https:\/\/bocskai11.hu\/wp-content\/uploads\/2020\/12\/Kepernyofelvetel-265-300x31.png 300w, https:\/\/bocskai11.hu\/wp-content\/uploads\/2020\/12\/Kepernyofelvetel-265-1024x106.png 1024w, https:\/\/bocskai11.hu\/wp-content\/uploads\/2020\/12\/Kepernyofelvetel-265-768x80.png 768w, https:\/\/bocskai11.hu\/wp-content\/uploads\/2020\/12\/Kepernyofelvetel-265.png 1090w\" sizes=\"(max-width: 339px) 100vw, 339px\" \/><\/p>\n<p><strong>A tan\u00edt\u00e1s- tanul\u00e1s rendszere<\/strong><\/p>\n<p><strong>Az iskola dolgoz\u00f3i elv\u00e1rj\u00e1k a bocskais di\u00e1kokt\u00f3l<\/strong><\/p>\n<p>o\u00a0\u00a0\u00a0\u00a0\u00a0\u00a0\u00a0 a rendet,<\/p>\n<p>o\u00a0\u00a0\u00a0\u00a0\u00a0\u00a0\u00a0 fegyelmet,<\/p>\n<p>o\u00a0\u00a0\u00a0\u00a0\u00a0\u00a0\u00a0 tisztas\u00e1got \u00e9s<\/p>\n<p>o\u00a0\u00a0\u00a0\u00a0\u00a0\u00a0\u00a0 mindenkit\u0151l a k\u00e9pess\u00e9ge szerinti tanul\u00e1st, teljes\u00edt\u00e9st.<\/p>\n<p><strong>Hangs\u00falyos tant\u00e1rgyak: <\/strong><\/p>\n<p>o\u00a0\u00a0\u00a0\u00a0\u00a0\u00a0\u00a0 a magyar anyanyelv,<\/p>\n<p>o\u00a0\u00a0\u00a0\u00a0\u00a0\u00a0\u00a0 a matematika \u00e9s<\/p>\n<p>o\u00a0\u00a0\u00a0\u00a0\u00a0\u00a0\u00a0 az idegen nyelv.<\/p>\n<p><strong>A tov\u00e1bbtanul\u00e1s seg\u00edt\u00e9se <\/strong><\/p>\n<p>o\u00a0\u00a0\u00a0\u00a0\u00a0\u00a0\u00a0 7. \u00e9s 8. \u00e9vfolyamon k\u00e9pess\u00e9g szerinti bont\u00e1sban tan\u00edtjuk a matematik\u00e1t \u00e9s a magyart.<\/p>\n<p>o\u00a0\u00a0\u00a0\u00a0\u00a0\u00a0\u00a0 A nyolcadikosok minden \u0151sszel tanul\u00e1stechnikai tr\u00e9ningen vesznek r\u00e9szt.<\/p>\n<p><strong>Tant\u00e1rgyi jellegzetess\u00e9geink<\/strong><\/p>\n<p><strong>Idegen nyelvek:<\/strong><\/p>\n<p>o\u00a0\u00a0\u00a0\u00a0\u00a0\u00a0\u00a0 Az angol nyelv negyedikt\u0151l ker\u00fcl be a tanrendbe.<\/p>\n<p>o\u00a0\u00a0\u00a0\u00a0\u00a0\u00a0\u00a0 Fakultat\u00edv lehet\u0151s\u00e9gk\u00e9nt els\u0151seink is ismerkedhetnek az angol nyelvvel. Az oktat\u00e1st az Oxford University Press kiad\u00f3 t\u00e1mogatja k\u00f6nyvekkel, szakanyagokkal.<\/p>\n<p><strong>Informatika:<\/strong><\/p>\n<p>M\u00e1r negyedikt\u0151l kezdve tan\u00edtjuk, fels\u0151 tagozaton az angollal egy\u00fctt csoportbont\u00e1sban, emelt \u00f3rasz\u00e1mban.<\/p>\n<p><strong>N\u00e9pt\u00e1nc:<\/strong><\/p>\n<p>Oktat\u00e1sa \u00f3rarendbe illesztve folyik az \u00f6sszes \u00e9vfolyamon.<\/p>\n<p><strong>Sakk:<\/strong><\/p>\n<p>\u00d6t\u00f6dik \u00e9s hatodik \u00e9vfolyamon minden di\u00e1kunk \u00f3rarendi keretek k\u00f6z\u00f6tt tanul sakkozni.<\/p>\n<p><strong>V\u00edv\u00e1s:<\/strong><\/p>\n<p>Az orsz\u00e1gban els\u0151k\u00e9nt a Magyar V\u00edv\u00f3sz\u00f6vets\u00e9g ut\u00e1np\u00f3tl\u00e1s b\u00e1zisiskol\u00e1ja vagyunk, \u00edgy minden als\u00f3 tagozatos di\u00e1kunk tan\u00f3rai foglalkoz\u00e1s keret\u00e9ben v\u00edv\u00e1soktat\u00e1sban r\u00e9szes\u00fcl. Fels\u0151seink d\u00e9lut\u00e1nonk\u00e9nt ismerkedhetnek a v\u00edv\u00e1s tudom\u00e1ny\u00e1val. A c\u00e9l: a fej parancsoljon a k\u00e9znek, \u00e9s ne ford\u00edtva.<\/p>\n<p>K\u00fcls\u0151s\u00f6k jelentkez\u00e9s\u00e9t a k\u00f6vetkez\u0151 e-mail c\u00edmeken v\u00e1rjuk:<br \/>\n<a href=\"mailto:laborcizabella@yahoo.com\" target=\"_blank\" rel=\"noopener\">laborcizabella@yahoo.com<\/a><br \/>\n<a href=\"mailto:bianka.bukocki@gmail.com\" target=\"_blank\" rel=\"noopener\">bianka.bukocki@gmail.com<\/a><\/p>\n<h4>Tan\u00f3r\u00e1n k\u00edv\u00fcli \u00e9s szabadid\u0151s tev\u00e9kenys\u00e9gek<\/h4>\n<p>A tanul\u00e1st \u00e9s a tartalmas szabadid\u0151-elt\u00f6lt\u00e9st <strong>napk\u00f6zi<\/strong>ben \u00e9s <strong>tanul\u00f3szob\u00e1<\/strong>n tudjuk biztos\u00edtani. A tanul\u00e1si id\u0151n k\u00edv\u00fcl <strong>szakk\u00f6r\u00f6k<\/strong>\u00f6n vehetnek r\u00e9szt tan\u00edtv\u00e1nyaink. A ker\u00fcleti <strong>zeneiskola<\/strong> kihelyezett tagozata lehet\u0151s\u00e9get ad arra, hogy az \u00e9rdekl\u0151d\u0151 gyerekek szolf\u00e9zsoktat\u00e1sban, illetve hangszeres k\u00e9pz\u00e9sben vegyenek r\u00e9szt.<\/p>\n<p>A mozg\u00e1st kedvel\u0151 gyerekek sz\u00e1m\u00e1ra a v\u00edv\u00e1s mellett a d\u00e9lut\u00e1ni <strong>sportk\u00f6r\u00f6k,<\/strong> a karate, a kos\u00e1rlabda, a balett, az akrobatikus rock and roll \u00e9s az als\u00f3s labdar\u00fag\u00e1s ny\u00fajt lehet\u0151s\u00e9get.<\/p>\n<p>Az iskolai <strong>sakk-szakk\u00f6r<\/strong> mellett a ker\u00fcleti sakkoktat\u00e1snak is helyet biztos\u00edtunk, melyet Jakobetz L\u00e1szl\u00f3 FIDE-mester vezet.<\/p>\n<h4>Egy\u00e9b fontos inform\u00e1ci\u00f3k<\/h4>\n<p><img decoding=\"async\" class=\"alignleft\" title=\"Image00001_42.jpg\" src=\"http:\/\/kepek.bocskai11.hu\/Image00001_42.jpg\" alt=\"Image00001_42.jpg\" width=\"231\" height=\"174\" \/>Gondosan \u00e1poljuk <strong>hagyom\u00e1nyainkat.<\/strong> A Bocskai napok esem\u00e9nyei, ny\u00edlt \u00f3r\u00e1k, Csal\u00e1di Nap, Alap\u00edtv\u00e1nyi B\u00e1l, \u201eB\u00fctyk\u00f6lde\u201d, a Di\u00e1k\u00f6nkorm\u00e1nyzat \u00e1ltal szervezett rendezv\u00e9nyek stb. mind-mind azt er\u0151s\u00edtik, hogy \u201eBocskais di\u00e1knak\u201d lenni j\u00f3 dolog. Hat\u00e9konyan m\u0171k\u00f6dik \u00e9s jelent\u0151s anyagi seg\u00edts\u00e9get ad az iskolai programokhoz, munk\u00e1nkhoz, a t\u00f6bb mint t\u00edz \u00e9ve alakult Bocskai Iskola Alap\u00edtv\u00e1ny.<\/p>\n<p>M\u00e1r 26 \u00e9ve m\u0171k\u00f6dik sz\u00ednvonalas ki\u00e1ll\u00edt\u00e1sokkal a <strong>Bocskai Gal\u00e9ria<\/strong>, amely 2006-t\u00f3l Bocskai Gyermek Gal\u00e9riak\u00e9nt m\u0171k\u00f6dik tov\u00e1bb.<\/p>\n<p>Fontosnak tartjuk a k\u00f6rnyezeti nevel\u00e9st, ez\u00e9rt minden \u00e9vben, \u0151sszel <strong>erdei iskol\u00e1<\/strong>ba vissz\u00fck tanul\u00f3inkat harmadikt\u00f3l hatodik \u00e9vfolyamig. Nyaranta t\u00f6bbf\u00e9le <strong>t\u00e1boroz\u00e1si lehet\u0151s\u00e9g<\/strong>et k\u00edn\u00e1lunk: informatika, n\u00e9pt\u00e1nc, ker\u00e9kp\u00e1r, kos\u00e1rlabda, tatai nyaral\u00f3t\u00e1bort.<\/p>\n<p>Az iskol\u00e1ban beindult innov\u00e1ci\u00f3 ig\u00e9ny\u00e9t, eredm\u00e9nyess\u00e9g\u00e9t bizony\u00edtja, hogy az elm\u00falt k\u00e9t \u00e9vben mintegy h\u00e9tmilli\u00f3 forint p\u00e1ly\u00e1zati plusz p\u00e9nzhez, er\u0151forr\u00e1shoz jutott az iskola.<\/p>\n<p>Ebben a tan\u00e9vben elk\u00e9sz\u00fclt, sz\u00fcl\u0151i el\u00e9gedetts\u00e9get felm\u00e9r\u0151 k\u00e9rd\u0151\u00edvben adott v\u00e1laszok is meger\u0151s\u00edtettek benn\u00fcnket abban, hogy j\u00f3 \u00faton j\u00e1runk. Er\u0151ss\u00e9geink k\u00f6z\u00f6tt kiemelt\u00e9k a pedag\u00f3giai, szakmai munk\u00e1t, a tan\u00e1rok \u00e9s di\u00e1kok k\u00f6z\u00f6tti j\u00f3 kapcsolatot, a szabadid\u0151s programok szervez\u00e9s\u00e9t \u00e9s tartalm\u00e1t, valamint az iskolai hagyom\u00e1nyok \u00e1pol\u00e1s\u00e1t.<\/p>\n<p>Iskol\u00e1nk k\u00f6nnyen megk\u00f6zel\u00edthet\u0151 t\u00f6megk\u00f6zleked\u00e9ssel. K\u00f6zvetlen\u00fcl a Bocskai mellett \u00e1ll meg az 53, 150 \u00e9s a 212-es busz. Sz\u00edvesen szolg\u00e1lunk tov\u00e1bbi inform\u00e1ci\u00f3kkal honlapunkon.<\/p>\n<p>E-mailben is el\u00e9rhet\u0151k vagyunk az <a href=\"mailto:i.bocskai80@gmail.com\">i.bocskai80@gmail.com<\/a> c\u00edmen.<\/p>\n<hr \/>\n<h4>Tov\u00e1bbi inform\u00e1ci\u00f3 k\u00e9rhet\u0151<\/h4>\n<p>Buk\u00f3cki Bianka igazgat\u00f3t\u00f3l a <strong>209-91-63<\/strong>-as telefonsz\u00e1mon, illetve e-mail-ben: <a href=\"mailto:i.bocskai80@gmail.com\">i.bocskai80@gmail.com<\/a> c\u00edmen.<\/p>\n<\/div>\n","protected":false},"excerpt":{"rendered":"<p>Leend\u0151 els\u0151s\u00f6knek Az \u00e9p\u00fclet a XI. ker\u00fclet sz\u00edv\u00e9ben, a Kosztol\u00e1nyi Dezs\u0151 t\u00e9r k\u00f6zel\u00e9ben tal\u00e1lhat\u00f3. N\u00e9h\u00e1ny \u00e9ve k\u00e9sz\u00fclt el villanyf\u00e9nyes, m\u0171f\u00fcves p\u00e1ly\u00e1nk, a k\u00f6zelm\u00faltban avattuk fel&hellip;<\/p>\n","protected":false},"author":1,"featured_media":0,"parent":0,"menu_order":0,"comment_status":"closed","ping_status":"closed","template":"","meta":{"footnotes":""},"class_list":["post-51","page","type-page","status-publish","hentry"],"_links":{"self":[{"href":"https:\/\/bocskai11.hu\/index.php\/wp-json\/wp\/v2\/pages\/51","targetHints":{"allow":["GET"]}}],"collection":[{"href":"https:\/\/bocskai11.hu\/index.php\/wp-json\/wp\/v2\/pages"}],"about":[{"href":"https:\/\/bocskai11.hu\/index.php\/wp-json\/wp\/v2\/types\/page"}],"author":[{"embeddable":true,"href":"https:\/\/bocskai11.hu\/index.php\/wp-json\/wp\/v2\/users\/1"}],"replies":[{"embeddable":true,"href":"https:\/\/bocskai11.hu\/index.php\/wp-json\/wp\/v2\/comments?post=51"}],"version-history":[{"count":15,"href":"https:\/\/bocskai11.hu\/index.php\/wp-json\/wp\/v2\/pages\/51\/revisions"}],"predecessor-version":[{"id":3130,"href":"https:\/\/bocskai11.hu\/index.php\/wp-json\/wp\/v2\/pages\/51\/revisions\/3130"}],"wp:attachment":[{"href":"https:\/\/bocskai11.hu\/index.php\/wp-json\/wp\/v2\/media?parent=51"}],"curies":[{"name":"wp","href":"https:\/\/api.w.org\/{rel}","templated":true}]}}