{"id":69,"date":"2020-12-02T18:55:45","date_gmt":"2020-12-02T17:55:45","guid":{"rendered":"https:\/\/bocskai11.hu\/?page_id=69"},"modified":"2024-10-11T10:37:43","modified_gmt":"2024-10-11T08:37:43","slug":"diakonkormanyzat","status":"publish","type":"page","link":"https:\/\/bocskai11.hu\/index.php\/diakonkormanyzat\/","title":{"rendered":"Di\u00e1k\u00f6nkorm\u00e1nyzat"},"content":{"rendered":"\n<h1 class=\"wp-block-heading\">Di\u00e1k\u00f6nkorm\u00e1nyzat<\/h1>\n\n\n","protected":false},"excerpt":{"rendered":"<p>Di\u00e1k\u00f6nkorm\u00e1nyzat<\/p>\n","protected":false},"author":1,"featured_media":0,"parent":0,"menu_order":0,"comment_status":"closed","ping_status":"closed","template":"","meta":{"footnotes":""},"class_list":["post-69","page","type-page","status-publish","hentry"],"_links":{"self":[{"href":"https:\/\/bocskai11.hu\/index.php\/wp-json\/wp\/v2\/pages\/69","targetHints":{"allow":["GET"]}}],"collection":[{"href":"https:\/\/bocskai11.hu\/index.php\/wp-json\/wp\/v2\/pages"}],"about":[{"href":"https:\/\/bocskai11.hu\/index.php\/wp-json\/wp\/v2\/types\/page"}],"author":[{"embeddable":true,"href":"https:\/\/bocskai11.hu\/index.php\/wp-json\/wp\/v2\/users\/1"}],"replies":[{"embeddable":true,"href":"https:\/\/bocskai11.hu\/index.php\/wp-json\/wp\/v2\/comments?post=69"}],"version-history":[{"count":6,"href":"https:\/\/bocskai11.hu\/index.php\/wp-json\/wp\/v2\/pages\/69\/revisions"}],"predecessor-version":[{"id":2708,"href":"https:\/\/bocskai11.hu\/index.php\/wp-json\/wp\/v2\/pages\/69\/revisions\/2708"}],"wp:attachment":[{"href":"https:\/\/bocskai11.hu\/index.php\/wp-json\/wp\/v2\/media?parent=69"}],"curies":[{"name":"wp","href":"https:\/\/api.w.org\/{rel}","templated":true}]}}