{"id":72,"date":"2020-12-02T18:56:31","date_gmt":"2020-12-02T17:56:31","guid":{"rendered":"https:\/\/bocskai11.hu\/?page_id=72"},"modified":"2025-05-17T10:53:52","modified_gmt":"2025-05-17T08:53:52","slug":"konyvtar","status":"publish","type":"page","link":"https:\/\/bocskai11.hu\/index.php\/konyvtar\/","title":{"rendered":"K\u00f6nyvt\u00e1r"},"content":{"rendered":"\n<blockquote class=\"wp-block-quote is-layout-flow wp-block-quote-is-layout-flow\">\n<h3 class=\"wp-block-heading\"><img fetchpriority=\"high\" decoding=\"async\" width=\"700\" height=\"172\" class=\"wp-image-2791\" style=\"width: 700px;\" src=\"https:\/\/bocskai11.hu\/wp-content\/uploads\/2024\/10\/konyvtar.png\" alt=\"\" srcset=\"https:\/\/bocskai11.hu\/wp-content\/uploads\/2024\/10\/konyvtar.png 600w, https:\/\/bocskai11.hu\/wp-content\/uploads\/2024\/10\/konyvtar-300x74.png 300w\" sizes=\"(max-width: 700px) 100vw, 700px\" \/><br>&#8222;Egy kis k\u00f6nyv nagy titkot hordozhat, olyat,<br>ami megv\u00e1ltoztathatja a vil\u00e1got.&#8221;<br><em>Deborah Harkness<\/em><\/h3>\n<\/blockquote>\n\n\n\n<p><br>Ami\u00f3ta l\u00e9tez\u00fcnk, az\u00f3ta foglalkoztat benn\u00fcnket gondolataink, szavaink \u00e9s mondtataink<br>maradand\u00f3v\u00e1 t\u00e9tele. M\u00e1r az \u0151semberek is megpr\u00f3b\u00e1lt\u00e1k falra festeni mindazt, amit le\u00edrni akkor<br>m\u00e9g nem tudtak. Ennek az alapvet\u0151 v\u00e1gynak k\u00f6sz\u00f6nhet\u0151en t\u00f6bb ezer \u00e9vvel ezel\u0151tt megsz\u00fcletett<br>egy csoda, amelyet ma \u00fagy h\u00edvunk: k\u00f6nyv. Iskol\u00e1nk k\u00f6nyvt\u00e1ra az az izgalmas hely, ahol ezt a<br>csod\u00e1t magad is felfedezheted, t\u00f6bb ezer k\u00f6nyvb\u0151l v\u00e1logathatsz, olvashatsz \u00e9s k\u00f6lcs\u00f6n\u00f6zhetsz!<br>Versek, mes\u00e9k, kalandos t\u00f6rt\u00e9netek \u00e9s ismeretterjeszt\u0151 k\u00f6nyvek v\u00e1rnak a k\u00f6nyvt\u00e1rban, hogy te<br>magad is \u00e1t\u00e9lhesd az \u00e9lm\u00e9nyt: olvasni j\u00f3! A k\u00f6nyvt\u00e1rban megtal\u00e1lod azokat a sz\u00e1modra \u00e9rdekes<br>inform\u00e1ci\u00f3hordoz\u00f3kat, amelyekb\u0151l tanulhatsz, ismereteket gy\u0171jthetsz, mik\u00f6zben j\u00f3l<br>sz\u00f3rakozol! A k\u00f6nyvt\u00e1rnak iskol\u00e1nk minden tanul\u00f3ja \u00e9s dolgoz\u00f3ja ingyenesen tagja lehet.<br>Gyere, \u00e9s gy\u0171jts \u00e9lm\u00e9nyeket!<br><br><strong>A k\u00f6nyvt\u00e1r legfontosabb szolg\u00e1ltat\u00e1sai:<\/strong><br>\uf0b7 a gy\u0171jtem\u00e9ny fejleszt\u00e9se, felt\u00e1r\u00e1sa, \u0151rz\u00e9se, gondoz\u00e1sa \u00e9s rendelkez\u00e9sre bocs\u00e1t\u00e1sa<br>\uf0b7 t\u00e1j\u00e9koztat\u00e1s ny\u00fajt\u00e1sa a dokumentumokr\u00f3l \u00e9s szolg\u00e1ltat\u00e1sokr\u00f3l<br>\uf0b7 k\u00f6nyvt\u00e1rhaszn\u00e1lati foglalkoz\u00e1sok<br>\uf0b7 dokumentumok egy\u00e9ni \u00e9s csoportos helyben haszn\u00e1lat\u00e1nak biztos\u00edt\u00e1sa<br>\uf0b7 k\u00f6nyvt\u00e1ri dokumentumok k\u00f6lcs\u00f6nz\u00e9se<br><\/p>\n\n\n\n<p><br><\/p>\n\n\n\n<figure class=\"wp-block-image size-large\"><img decoding=\"async\" width=\"1024\" height=\"571\" src=\"https:\/\/bocskai11.hu\/wp-content\/uploads\/2025\/04\/nyitvatartas-1024x571.png\" alt=\"\" class=\"wp-image-2949\" srcset=\"https:\/\/bocskai11.hu\/wp-content\/uploads\/2025\/04\/nyitvatartas-1024x571.png 1024w, https:\/\/bocskai11.hu\/wp-content\/uploads\/2025\/04\/nyitvatartas-300x167.png 300w, https:\/\/bocskai11.hu\/wp-content\/uploads\/2025\/04\/nyitvatartas-768x428.png 768w, https:\/\/bocskai11.hu\/wp-content\/uploads\/2025\/04\/nyitvatartas.png 1537w\" sizes=\"(max-width: 1024px) 100vw, 1024px\" \/><\/figure>\n\n\n\n<p><strong>H\u00edrek: <\/strong><\/p>\n\n\n\n<p><strong><a href=\"https:\/\/bocskai11.hu\/wp-content\/uploads\/2025\/05\/Uj-konyvek.pdf\">\u00daj k\u00f6nyvek<\/a><\/strong><\/p>\n\n\n\n<figure class=\"wp-block-image size-large\"><img decoding=\"async\" width=\"576\" height=\"1024\" src=\"https:\/\/bocskai11.hu\/wp-content\/uploads\/2025\/05\/Red-Minimalist-Drawing-Competition-Instagram-Story-4-576x1024.png\" alt=\"\" class=\"wp-image-2963\" srcset=\"https:\/\/bocskai11.hu\/wp-content\/uploads\/2025\/05\/Red-Minimalist-Drawing-Competition-Instagram-Story-4-576x1024.png 576w, https:\/\/bocskai11.hu\/wp-content\/uploads\/2025\/05\/Red-Minimalist-Drawing-Competition-Instagram-Story-4-169x300.png 169w, https:\/\/bocskai11.hu\/wp-content\/uploads\/2025\/05\/Red-Minimalist-Drawing-Competition-Instagram-Story-4-768x1365.png 768w, https:\/\/bocskai11.hu\/wp-content\/uploads\/2025\/05\/Red-Minimalist-Drawing-Competition-Instagram-Story-4-864x1536.png 864w, https:\/\/bocskai11.hu\/wp-content\/uploads\/2025\/05\/Red-Minimalist-Drawing-Competition-Instagram-Story-4.png 1080w\" sizes=\"(max-width: 576px) 100vw, 576px\" \/><\/figure>\n\n\n\n<p><strong>Hasznos linkek:<br><\/strong><a href=\"https:\/\/mek.oszk.hu\/\">https:\/\/mek.oszk.hu\/<\/a><br><a href=\"https:\/\/fszek.hu\/\">https:\/\/fszek.hu\/<\/a><br><a href=\"https:\/\/dia.hu\/\">https:\/\/dia.hu\/<\/a><br><a href=\"https:\/\/helyesiras.mta.hu\/\">https:\/\/helyesiras.mta.hu\/<\/a><br><a href=\"https:\/\/szotar.sztaki.hu\/\">https:\/\/szotar.sztaki.hu\/<\/a><br><a href=\"https:\/\/www.okosdoboz.hu\/\">https:\/\/www.okosdoboz.hu\/<\/a><\/p>\n\n\n\n\n\n<p><strong>N\u00e9zz be a vil\u00e1g legszebb k\u00f6nyvt\u00e1raiba!<\/strong><br><a href=\"https:\/\/roadster.hu\/vilag-legszebb-konyvtarai\/\">https:\/\/roadster.hu\/vilag-legszebb-konyvtarai\/<\/a><br><a href=\"https:\/\/eduline.hu\/kozoktatas\/a_vilag_legszebb_konyvtara_1XXLAG\">https:\/\/eduline.hu\/kozoktatas\/a_vilag_legszebb_konyvtara_1XXLAG<\/a><\/p>\n\n\n\n<figure class=\"wp-block-gallery has-nested-images columns-default is-cropped wp-block-gallery-1 is-layout-flex wp-block-gallery-is-layout-flex\">\n<figure class=\"wp-block-image size-large\"><img loading=\"lazy\" decoding=\"async\" width=\"1024\" height=\"565\" data-id=\"2952\" src=\"https:\/\/bocskai11.hu\/wp-content\/uploads\/2025\/04\/6-1024x565.jpg\" alt=\"\" class=\"wp-image-2952\" srcset=\"https:\/\/bocskai11.hu\/wp-content\/uploads\/2025\/04\/6-1024x565.jpg 1024w, https:\/\/bocskai11.hu\/wp-content\/uploads\/2025\/04\/6-300x165.jpg 300w, https:\/\/bocskai11.hu\/wp-content\/uploads\/2025\/04\/6-768x423.jpg 768w, https:\/\/bocskai11.hu\/wp-content\/uploads\/2025\/04\/6-1536x847.jpg 1536w, https:\/\/bocskai11.hu\/wp-content\/uploads\/2025\/04\/6-2048x1129.jpg 2048w\" sizes=\"(max-width: 1024px) 100vw, 1024px\" \/><\/figure>\n\n\n\n<figure class=\"wp-block-image size-large\"><img loading=\"lazy\" decoding=\"async\" width=\"1024\" height=\"563\" data-id=\"2954\" src=\"https:\/\/bocskai11.hu\/wp-content\/uploads\/2025\/04\/4-1024x563.jpg\" alt=\"\" class=\"wp-image-2954\" srcset=\"https:\/\/bocskai11.hu\/wp-content\/uploads\/2025\/04\/4-1024x563.jpg 1024w, https:\/\/bocskai11.hu\/wp-content\/uploads\/2025\/04\/4-300x165.jpg 300w, https:\/\/bocskai11.hu\/wp-content\/uploads\/2025\/04\/4-768x423.jpg 768w, https:\/\/bocskai11.hu\/wp-content\/uploads\/2025\/04\/4-1536x845.jpg 1536w, https:\/\/bocskai11.hu\/wp-content\/uploads\/2025\/04\/4-2048x1127.jpg 2048w\" sizes=\"(max-width: 1024px) 100vw, 1024px\" \/><\/figure>\n\n\n\n<figure class=\"wp-block-image size-large\"><img loading=\"lazy\" decoding=\"async\" width=\"1024\" height=\"650\" data-id=\"2951\" src=\"https:\/\/bocskai11.hu\/wp-content\/uploads\/2025\/04\/1-1024x650.jpg\" alt=\"\" class=\"wp-image-2951\" srcset=\"https:\/\/bocskai11.hu\/wp-content\/uploads\/2025\/04\/1-1024x650.jpg 1024w, https:\/\/bocskai11.hu\/wp-content\/uploads\/2025\/04\/1-300x191.jpg 300w, https:\/\/bocskai11.hu\/wp-content\/uploads\/2025\/04\/1-768x488.jpg 768w, https:\/\/bocskai11.hu\/wp-content\/uploads\/2025\/04\/1-1536x975.jpg 1536w, https:\/\/bocskai11.hu\/wp-content\/uploads\/2025\/04\/1-2048x1301.jpg 2048w\" sizes=\"(max-width: 1024px) 100vw, 1024px\" \/><\/figure>\n<\/figure>\n\n\n\n<p><\/p>\n\n\n\n<p><\/p>\n","protected":false},"excerpt":{"rendered":"<p>&#8222;Egy kis k\u00f6nyv nagy titkot hordozhat, olyat,ami megv\u00e1ltoztathatja a vil\u00e1got.&#8221;Deborah Harkness Ami\u00f3ta l\u00e9tez\u00fcnk, az\u00f3ta foglalkoztat benn\u00fcnket gondolataink, szavaink \u00e9s mondtatainkmaradand\u00f3v\u00e1 t\u00e9tele. M\u00e1r az \u0151semberek is&hellip;<\/p>\n","protected":false},"author":1,"featured_media":0,"parent":0,"menu_order":0,"comment_status":"closed","ping_status":"closed","template":"","meta":{"footnotes":""},"class_list":["post-72","page","type-page","status-publish","hentry"],"_links":{"self":[{"href":"https:\/\/bocskai11.hu\/index.php\/wp-json\/wp\/v2\/pages\/72","targetHints":{"allow":["GET"]}}],"collection":[{"href":"https:\/\/bocskai11.hu\/index.php\/wp-json\/wp\/v2\/pages"}],"about":[{"href":"https:\/\/bocskai11.hu\/index.php\/wp-json\/wp\/v2\/types\/page"}],"author":[{"embeddable":true,"href":"https:\/\/bocskai11.hu\/index.php\/wp-json\/wp\/v2\/users\/1"}],"replies":[{"embeddable":true,"href":"https:\/\/bocskai11.hu\/index.php\/wp-json\/wp\/v2\/comments?post=72"}],"version-history":[{"count":18,"href":"https:\/\/bocskai11.hu\/index.php\/wp-json\/wp\/v2\/pages\/72\/revisions"}],"predecessor-version":[{"id":2966,"href":"https:\/\/bocskai11.hu\/index.php\/wp-json\/wp\/v2\/pages\/72\/revisions\/2966"}],"wp:attachment":[{"href":"https:\/\/bocskai11.hu\/index.php\/wp-json\/wp\/v2\/media?parent=72"}],"curies":[{"name":"wp","href":"https:\/\/api.w.org\/{rel}","templated":true}]}}