{"id":75,"date":"2020-12-02T18:57:38","date_gmt":"2020-12-02T17:57:38","guid":{"rendered":"https:\/\/bocskai11.hu\/?page_id=75"},"modified":"2020-12-02T18:57:38","modified_gmt":"2020-12-02T17:57:38","slug":"mediatar","status":"publish","type":"page","link":"https:\/\/bocskai11.hu\/index.php\/mediatar\/","title":{"rendered":"M\u00e9diat\u00e1r"},"content":{"rendered":"<h1>M\u00e9diat\u00e1r<\/h1>\n<p><center><\/p>\n<div align=\"justify\">\n<p><img fetchpriority=\"high\" decoding=\"async\" title=\"suliw.jpg\" src=\"http:\/\/kepek.bocskai11.hu\/suliw.jpg\" alt=\"suliw.jpg\" width=\"441\" height=\"330\" \/><\/p>\n<p>&nbsp;<\/p>\n<hr width=\"150\" \/>\n<p><img decoding=\"async\" title=\"aranylud13.jpg\" src=\"http:\/\/kepek.bocskai11.hu\/aranylud13.jpg\" alt=\"aranylud13.jpg\" width=\"589\" height=\"584\" \/><\/p>\n<hr width=\"150\" \/>\n<p><img decoding=\"async\" title=\"ujbuda1211c.jpg\" src=\"http:\/\/kepek.bocskai11.hu\/ujbuda1211c.jpg\" alt=\"ujbuda1211c.jpg\" width=\"590\" height=\"580\" \/><\/p>\n<hr width=\"150\" \/>\n<p><img loading=\"lazy\" decoding=\"async\" title=\"ujbuda121105.jpg\" src=\"http:\/\/kepek.bocskai11.hu\/ujbuda121105.jpg\" alt=\"ujbuda121105.jpg\" width=\"588\" height=\"562\" \/><\/p>\n<hr width=\"150\" \/>\n<p><img loading=\"lazy\" decoding=\"async\" title=\"vivas_1208.jpg\" src=\"http:\/\/kepek.bocskai11.hu\/vivas_1208.jpg\" alt=\"vivas_1208.jpg\" width=\"580\" height=\"1289\" \/><\/p>\n<hr width=\"150\" \/>\n<p><img loading=\"lazy\" decoding=\"async\" title=\"gala_mom.jpg\" src=\"http:\/\/kepek.bocskai11.hu\/gala_mom.jpg\" alt=\"gala_mom.jpg\" width=\"580\" height=\"235\" \/><\/p>\n<hr width=\"150\" \/>\n<p><img loading=\"lazy\" decoding=\"async\" title=\"ujbuda_efqm.jpg\" src=\"http:\/\/kepek.bocskai11.hu\/ujbuda_efqm.jpg\" alt=\"ujbuda_efqm.jpg\" width=\"581\" height=\"573\" \/><\/p>\n<p><a href=\"http:\/\/www.replicasderelojes.org\">replicas de relojes<\/a><\/p>\n<hr width=\"150\" \/>\n<p><a href=\"http:\/\/www.ujbuda.hu\/hirek.php?articleid=5058\"><img loading=\"lazy\" decoding=\"async\" title=\"karate1203.jpg\" src=\"http:\/\/kepek.bocskai11.hu\/karate1203.jpg\" alt=\"karate1203.jpg\" width=\"589\" height=\"571\" \/><\/a><\/p>\n<hr width=\"150\" \/>\n<p><img loading=\"lazy\" decoding=\"async\" title=\"karate1110.jpg\" src=\"http:\/\/kepek.bocskai11.hu\/karate1110.jpg\" alt=\"karate1110.jpg\" width=\"581\" height=\"295\" \/><\/p>\n<hr width=\"150\" \/>\n<p><img decoding=\"async\" title=\"karateok.jpg\" src=\"http:\/\/kepek.bocskai11.hu\/karateok.jpg\" alt=\"karateok.jpg\" \/><\/p>\n<hr width=\"150\" \/>\n<p><img loading=\"lazy\" decoding=\"async\" title=\"med110325.JPG\" src=\"http:\/\/kepek.bocskai11.hu\/med110325.JPG\" alt=\"med110325.JPG\" width=\"580\" height=\"359\" \/><\/p>\n<hr width=\"150\" \/>\n<p><img loading=\"lazy\" decoding=\"async\" title=\"fog_n.JPG\" src=\"http:\/\/kepek.bocskai11.hu\/fog_n.JPG\" alt=\"fog_n.JPG\" width=\"584\" height=\"371\" \/><\/p>\n<hr width=\"150\" \/>\n<p><img loading=\"lazy\" decoding=\"async\" title=\"foef_n.JPG\" src=\"http:\/\/kepek.bocskai11.hu\/foef_n.JPG\" alt=\"foef_n.JPG\" width=\"592\" height=\"834\" \/><\/p>\n<p>&nbsp;<\/p>\n<\/div>\n<p><\/center><\/p>\n","protected":false},"excerpt":{"rendered":"<p>M\u00e9diat\u00e1r &nbsp; replicas de relojes &nbsp;<\/p>\n","protected":false},"author":1,"featured_media":0,"parent":0,"menu_order":0,"comment_status":"closed","ping_status":"closed","template":"","meta":{"footnotes":""},"class_list":["post-75","page","type-page","status-publish","hentry"],"_links":{"self":[{"href":"https:\/\/bocskai11.hu\/index.php\/wp-json\/wp\/v2\/pages\/75","targetHints":{"allow":["GET"]}}],"collection":[{"href":"https:\/\/bocskai11.hu\/index.php\/wp-json\/wp\/v2\/pages"}],"about":[{"href":"https:\/\/bocskai11.hu\/index.php\/wp-json\/wp\/v2\/types\/page"}],"author":[{"embeddable":true,"href":"https:\/\/bocskai11.hu\/index.php\/wp-json\/wp\/v2\/users\/1"}],"replies":[{"embeddable":true,"href":"https:\/\/bocskai11.hu\/index.php\/wp-json\/wp\/v2\/comments?post=75"}],"version-history":[{"count":1,"href":"https:\/\/bocskai11.hu\/index.php\/wp-json\/wp\/v2\/pages\/75\/revisions"}],"predecessor-version":[{"id":77,"href":"https:\/\/bocskai11.hu\/index.php\/wp-json\/wp\/v2\/pages\/75\/revisions\/77"}],"wp:attachment":[{"href":"https:\/\/bocskai11.hu\/index.php\/wp-json\/wp\/v2\/media?parent=75"}],"curies":[{"name":"wp","href":"https:\/\/api.w.org\/{rel}","templated":true}]}}