{"id":82,"date":"2020-12-02T19:06:57","date_gmt":"2020-12-02T18:06:57","guid":{"rendered":"https:\/\/bocskai11.hu\/?page_id=82"},"modified":"2023-11-09T17:04:47","modified_gmt":"2023-11-09T16:04:47","slug":"nevadonk","status":"publish","type":"page","link":"https:\/\/bocskai11.hu\/index.php\/nevadonk\/","title":{"rendered":"N\u00e9vad\u00f3nk"},"content":{"rendered":"<div align=\"justify\">\n<p><img decoding=\"async\" class=\"alignleft\" title=\"bocsregi.jpg\" src=\"http:\/\/kepek.bocskai11.hu\/bocsregi.jpg\" alt=\"bocsregi.jpg\" width=\"101\" height=\"123\" \/>Bocskai Istv\u00e1n nev\u00e9t a legnagyobb magyar uralkod\u00f3k k\u00f6z\u00f6tt emlegetik, noha kev\u00e9s ideig volt hatalmon. 1605 febru\u00e1rj\u00e1ban lett a h\u00e1romfel\u00e9 szak\u00edtott, a t\u00f6r\u00f6k \u00e9s a n\u00e9met\u2013r\u00f3mai birodalmak k\u00f6z\u00f6tti senki f\u00f6ldj\u00e9v\u00e9, hadak felvonul\u00e1si ter\u00fclet\u00e9v\u00e9 alacsony\u00edtott Magyarorsz\u00e1g \u00e9s Erd\u00e9ly fejedelme, majd 23 h\u00f3napi uralkod\u00e1s ut\u00e1n, 1606. december 29-\u00e9n meghalt. Ez a r\u00f6vid id\u0151 el\u00e9g volt ahhoz, hogy j\u00f3 ir\u00e1nyba ford\u00edtsa \u00e9s d\u00f6nt\u0151en meghat\u00e1rozza a k\u00f6vetkez\u0151 \u00e9vtizedek esem\u00e9nyeinek alakul\u00e1s\u00e1t.<\/p>\n<p>Bocskai Istv\u00e1n (1557-1606) &#8211; erd\u00e9lyi fejedelem, B\u00e1thory Zsigmond alatt v\u00e1rkapit\u00e1ny, a t\u00f6r\u00f6k ellenes p\u00e1rtvez\u00e9re. Nagy szerepe volt abban, hogy Erd\u00e9ly sz\u00f6vetkezett a t\u00f6r\u00f6k\u00f6k ellen. A tizen\u00f6t\u00e9ves h\u00e1bor\u00fa 1595.\u00e9vi gy\u0151zelmes hadj\u00e1rat\u00e1t vezette. De amikor tiltakozott Basta cs\u00e1sz\u00e1ri t\u00e1bornok r\u00e9muralma ellen, Pr\u00e1g\u00e1ban 2 \u00e9vet raboskodott.1602 &#8211; 1604 k\u00f6z\u00f6tt birtokain visszavonultan \u00e9lt. Bethlen G\u00e1bor biztatta a Habsburgok elleni felkel\u00e9sre.<\/p>\n<p>A cs\u00e1sz\u00e1riak megtudt\u00e1k a terv\u00e9t, csapatot k\u00fcldtek ellene, de 1604. okt\u00f3ber 15-\u00e9n \u00c1lmosdn\u00e1l a felkel\u0151 hajd\u00fak sz\u00e9tvert\u00e9k. A hajd\u00fak \u00e9l\u00e9n ind\u00edtotta meg Bocskai a szabads\u00e1gharcot a Habsburg \u00f6nk\u00e9nyuralom ellen. R\u00f6videsen csatlakozott hozz\u00e1 a k\u00f6znemesek hazafias r\u00e9sze is. 1605.febru\u00e1rban Erd\u00e9ly, \u00e1prilisban a szerencsi orsz\u00e1ggy\u0171l\u00e9sen Magyarorsz\u00e1g fejedelm\u00e9v\u00e9 v\u00e1lasztott\u00e1k. A t\u00f6r\u00f6k sz\u00f6vets\u00e9get k\u00f6t\u00f6tt vele, s\u0151t kir\u00e1lyi koron\u00e1t aj\u00e1nlott fel neki, ezt azonban visszautas\u00edtotta.1605 v\u00e9g\u00e9n eg\u00e9sz Magyarorsz\u00e1g t\u00f6r\u00f6k\u00f6k \u00e1ltal el nem foglalt ter\u00fclete, \u00e9s Erd\u00e9ly Bocskai birtok\u00e1ban volt, a Habsburgok b\u00e9ket\u00e1rgyal\u00e1sra k\u00e9nyszer\u00fcltek. Bocskai is b\u00e9k\u00e9re hajlott, mert a szabads\u00e1gharc eredm\u00e9nyes folytat\u00e1s\u00e1t a nemesek \u00e9s a hajd\u00fak fokoz\u00f3d\u00f3 ellent\u00e9te vesz\u00e9lyeztette. Bocskai megv\u00e9delmezte a nemesi elnyom\u00e1st\u00f3l a sz\u00e9kelyeket \u00e9s a hajd\u00fakat, gy\u0151zelmeinek kiv\u00edv\u00f3it. Az el\u0151bbieknek visszaadta a sz\u00e9kely felkel\u00e9s ut\u00e1n elvesztett szabads\u00e1gukat, az ut\u00f3bbiaknak nemess\u00e9get adott \u00e9s letelep\u00edtette \u0151ket ( hajd\u00fav\u00e1rosok ). A Habsburgokkal k\u00f6t\u00f6tt b\u00e9csi b\u00e9ke ut\u00e1n hirtelen meghalt; hal\u00e1l\u00e1t a kort\u00e1rsak m\u00e9rgez\u00e9snek tulajdon\u00edtott\u00e1k.<\/p>\n<p>A Bocskai vezette szabads\u00e1gharc az els\u0151 \u00e9s egyben az egyetlen magyar szabads\u00e1gharc, amely gy\u0151zelemmel v\u00e9gz\u0151d\u00f6tt, Bocskai volt az a vez\u00e9r, aki nemcsak eszm\u00e9nyi vagy mor\u00e1lis gy\u0151zelmet aratott, hanem k\u00e9zzelfoghat\u00f3, a t\u00e1rsadalom nagy r\u00e9sze sz\u00e1m\u00e1ra jogokat, elismer\u00e9st \u00e9s szabads\u00e1got tudott kiharcolni. Nem lehet felm\u00e9rni, mi lett volna a magyars\u00e1gb\u00f3l Bocskai szabads\u00e1gharca n\u00e9lk\u00fcl. Az egyetemes vall\u00e1sszabads\u00e1g\u00e9rt harcol\u00f3 Bocskai kiv\u00edvta az eg\u00e9sz protest\u00e1ns Eur\u00f3pa tisztelet\u00e9t. \u0150 az egyetlen magyar fejedelem, akinek Nyugat-Eur\u00f3p\u00e1ban szobrot emeltek, m\u00e9gpedig a reform\u00e1ci\u00f3 k\u00f6zpontj\u00e1ban, K\u00e1lvin J\u00e1nos v\u00e1ros\u00e1ban, Genfben.<\/p>\n<p><em>\u00c9n Bocskai Istv\u00e1n, Istennek kegyelmess\u00e9g\u00e9b\u0151l Magyarorsz\u00e1gnak \u00e9s Erd\u00e9lynek fejedelme, sz\u00e9kelyeknek isp\u00e1nja\u2026 mint nemzetemnek, haz\u00e1mnak igaz j\u00f3akar\u00f3ja, ford\u00edtom elm\u00e9met a k\u00f6z\u00f6ns\u00e9ges \u00e1llapotnak elrendel\u00e9s\u00e9re \u00e9s abb\u00f3l is az \u00e9n tan\u00e1csomat, tetsz\u00e9semet, igaz\u00e1n \u00e9s j\u00f3 lelkiesm\u00e9rettel (meghagyom) meg\u00edrom, szeretettel intv\u00e9n mind az erd\u00e9lyieket \u00e9s magyarorsz\u00e1gi h\u00edveinket az egym\u00e1s k\u00f6zt val\u00f3 sz\u00e9p egyezs\u00e9gre, atyafi\u00fai szeretetre. Az erd\u00e9lyieket, hogy Magyarorsz\u00e1gt\u00f3l, ha m\u00e1s fejedelems\u00e9g alatt lesznek is, el ne szakadjanak. A magyarorsz\u00e1giakat, hogy az erd\u00e9lyieket el ne tasz\u00edts\u00e1k, tarts\u00e1k \u0151 atyafiainak \u00e9s \u0151 v\u00e9reknek, tagjoknak\u2026 Valameddig pedig a magyar korona ott fenn, n\u00e1lunkn\u00e1l er\u0151sebb nemzets\u00e9gn\u00e9l a n\u00e9metn\u00e9l l\u00e9szen, \u00e9s a magyar kir\u00e1lys\u00e1g is a n\u00e9meteken forog, mindenkor sz\u00fcks\u00e9ges \u00e9s hasznos egy magyar fejedelmet Erd\u00e9lyben fenntartani, mert n\u00e9kik javokra, oltalmokra l\u00e9szen. Ha pedig Isten adn\u00e1, hogy a magyar korona Magyarorsz\u00e1gban magyar k\u00e9zhez kelne egy koron\u00e1s kir\u00e1lys\u00e1g al\u00e1, \u00fagy az erd\u00e9lyieket is intj\u00fck: hogy att\u00f3l nemhogy elszakadn\u00e1nak, vagy abban ellent tartan\u00e1nak, de s\u0151t seg\u00e9lj\u00e9k tehets\u00e9gek szer\u00e9nt \u00e9s egyenl\u0151 \u00e9rtelemb\u0151l azon korona al\u00e1, a r\u00e9gi m\u00f3d szer\u00e9nt, adj\u00e1k magokat.<\/em><\/p>\n<p><em>Bocskai Istv\u00e1n politikai v\u00e9grendelete\u00a0<\/em><\/p>\n<p><em>\u00a0M\u00f3ricz Eszter<\/em><\/p>\n<\/div>\n","protected":false},"excerpt":{"rendered":"<p>Bocskai Istv\u00e1n nev\u00e9t a legnagyobb magyar uralkod\u00f3k k\u00f6z\u00f6tt emlegetik, noha kev\u00e9s ideig volt hatalmon. 1605 febru\u00e1rj\u00e1ban lett a h\u00e1romfel\u00e9 szak\u00edtott, a t\u00f6r\u00f6k \u00e9s a n\u00e9met\u2013r\u00f3mai&hellip;<\/p>\n","protected":false},"author":1,"featured_media":0,"parent":0,"menu_order":0,"comment_status":"closed","ping_status":"closed","template":"","meta":{"footnotes":""},"class_list":["post-82","page","type-page","status-publish","hentry"],"_links":{"self":[{"href":"https:\/\/bocskai11.hu\/index.php\/wp-json\/wp\/v2\/pages\/82","targetHints":{"allow":["GET"]}}],"collection":[{"href":"https:\/\/bocskai11.hu\/index.php\/wp-json\/wp\/v2\/pages"}],"about":[{"href":"https:\/\/bocskai11.hu\/index.php\/wp-json\/wp\/v2\/types\/page"}],"author":[{"embeddable":true,"href":"https:\/\/bocskai11.hu\/index.php\/wp-json\/wp\/v2\/users\/1"}],"replies":[{"embeddable":true,"href":"https:\/\/bocskai11.hu\/index.php\/wp-json\/wp\/v2\/comments?post=82"}],"version-history":[{"count":4,"href":"https:\/\/bocskai11.hu\/index.php\/wp-json\/wp\/v2\/pages\/82\/revisions"}],"predecessor-version":[{"id":1223,"href":"https:\/\/bocskai11.hu\/index.php\/wp-json\/wp\/v2\/pages\/82\/revisions\/1223"}],"wp:attachment":[{"href":"https:\/\/bocskai11.hu\/index.php\/wp-json\/wp\/v2\/media?parent=82"}],"curies":[{"name":"wp","href":"https:\/\/api.w.org\/{rel}","templated":true}]}}