{"id":85,"date":"2020-12-02T19:08:09","date_gmt":"2020-12-02T18:08:09","guid":{"rendered":"https:\/\/bocskai11.hu\/?page_id=85"},"modified":"2020-12-30T12:40:31","modified_gmt":"2020-12-30T11:40:31","slug":"profilunk-celjaink","status":"publish","type":"page","link":"https:\/\/bocskai11.hu\/index.php\/profilunk-celjaink\/","title":{"rendered":"Profilunk, c\u00e9ljaink"},"content":{"rendered":"<h1>Iskol\u00e1nkr\u00f3l\/Profilunk, c\u00e9ljaink<\/h1>\n<p>&nbsp;<\/p>\n<div align=\"justify\">\n<p><em>\u201eAz iskola arra val\u00f3, hogy az ember megtanuljon tanulni, hogy fel\u00e9bredjen tud\u00e1sv\u00e1gya, megismerje a j\u00f3l v\u00e9gzett munka \u00f6r\u00f6m\u00e9t, meg\u00edzlelje az alkot\u00e1s izgalm\u00e1t, megtanulja szeretni, amit csin\u00e1l, \u00e9s megtal\u00e1lja azt a munk\u00e1t, amit szeretni fog.\u201d<\/em><\/p>\n<p><em>Szent-Gy\u00f6rgyi Albert<br \/>\n<\/em><\/p>\n<p>Iskol\u00e1nk bar\u00e1ts\u00e1gos l\u00e9gk\u00f6r\u00e9t, csal\u00e1dias hangulat\u00e1t a sz\u00fcl\u0151-pedag\u00f3gus-tanul\u00f3 j\u00f3 kapcsolata hat\u00e1rozza meg, melyet tov\u00e1bb er\u0151s\u00edtenek rendezv\u00e9nyeink, hagyom\u00e1nny\u00e1 v\u00e1lt iskolai szint\u0171 programjaink Mind a sz\u00fcl\u0151k, mind a pedag\u00f3gusok k\u00f6r\u00e9ben sz\u00e1mos volt Bocskais di\u00e1k van.<\/p>\n<p>Felk\u00e9sz\u00fclt \u00e9s sokoldal\u00fa pedag\u00f3gusainkat a j\u00f3l felszerelt tantermek mellett a 24-27 f\u0151s oszt\u00e1lyl\u00e9tsz\u00e1mok is seg\u00edtik. A tant\u00e1rgyak k\u00f6z\u00fcl kiemelt hangs\u00falyt kap a matematika, a magyar nyelv, valamint az angol nyelv oktat\u00e1sa.<\/p>\n<p>Meghat\u00e1roz\u00f3 profilja iskol\u00e1nknak az \u00f3rarendbe \u00e9p\u00edtett n\u00e9pt\u00e1nc, v\u00edv\u00e1s, informatika \u00e9s sakk \u00f3ra. Az alapk\u00e9szs\u00e9gek, az \u00edr\u00e1s, az olvas\u00e1s, elsaj\u00e1t\u00edttat\u00e1s\u00e1ra t\u00f6reksz\u00fcnk, \u00e9s nem a l\u00e1tv\u00e1nyos, felsz\u00ednes, gyors sikerek el\u00e9r\u00e9s\u00e9re. Ez\u00e9rt k\u00e9t \u00e9vre tervezz\u00fck az \u00fan. alapoz\u00f3 szakasz idej\u00e9t. Nem a tananyagot \u201eadjuk le\u201d, hanem tan\u00edtjuk \u00e9s nevelj\u00fck a gyermekeket. Az oszt\u00e1lytan\u00edt\u00f3k \u00e9s napk\u00f6zis nevel\u0151k k\u00f6z\u00f6tti sz\u00ednvonalas szakmai munk\u00e1t az is seg\u00edti, hogy az oszt\u00e1lyk\u00f6z\u00f6ss\u00e9gek d\u00e9lut\u00e1n sincsenek megbontva. Tanul\u00f3ink az\u00e9rt is szeretnek napk\u00f6zibe j\u00e1rni, mert nemcsak a h\u00e1zi feladatot k\u00e9sz\u00edtik el, hanem rendszeresen vehetnek r\u00e9szt a j\u00e1t\u00e9kos, csapat\u00e9p\u00edt\u0151, iskolai szint\u0171 kultur\u00e1lis rendezv\u00e9nyeinken.<\/p>\n<p>A ker\u00fcleti zeneiskola kihelyezett tagozata lehet\u0151s\u00e9get ad arra, hogy az \u00e9rdekl\u0151d\u0151 gyerekek szolf\u00e9zsoktat\u00e1sban, illetve hangszeres k\u00e9pz\u00e9sben vegyenek r\u00e9szt.<\/p>\n<\/div>\n<p>&nbsp;<\/p>\n","protected":false},"excerpt":{"rendered":"<p>Iskol\u00e1nkr\u00f3l\/Profilunk, c\u00e9ljaink &nbsp; \u201eAz iskola arra val\u00f3, hogy az ember megtanuljon tanulni, hogy fel\u00e9bredjen tud\u00e1sv\u00e1gya, megismerje a j\u00f3l v\u00e9gzett munka \u00f6r\u00f6m\u00e9t, meg\u00edzlelje az alkot\u00e1s izgalm\u00e1t,&hellip;<\/p>\n","protected":false},"author":1,"featured_media":0,"parent":0,"menu_order":0,"comment_status":"closed","ping_status":"closed","template":"","meta":{"footnotes":""},"class_list":["post-85","page","type-page","status-publish","hentry"],"_links":{"self":[{"href":"https:\/\/bocskai11.hu\/index.php\/wp-json\/wp\/v2\/pages\/85","targetHints":{"allow":["GET"]}}],"collection":[{"href":"https:\/\/bocskai11.hu\/index.php\/wp-json\/wp\/v2\/pages"}],"about":[{"href":"https:\/\/bocskai11.hu\/index.php\/wp-json\/wp\/v2\/types\/page"}],"author":[{"embeddable":true,"href":"https:\/\/bocskai11.hu\/index.php\/wp-json\/wp\/v2\/users\/1"}],"replies":[{"embeddable":true,"href":"https:\/\/bocskai11.hu\/index.php\/wp-json\/wp\/v2\/comments?post=85"}],"version-history":[{"count":2,"href":"https:\/\/bocskai11.hu\/index.php\/wp-json\/wp\/v2\/pages\/85\/revisions"}],"predecessor-version":[{"id":338,"href":"https:\/\/bocskai11.hu\/index.php\/wp-json\/wp\/v2\/pages\/85\/revisions\/338"}],"wp:attachment":[{"href":"https:\/\/bocskai11.hu\/index.php\/wp-json\/wp\/v2\/media?parent=85"}],"curies":[{"name":"wp","href":"https:\/\/api.w.org\/{rel}","templated":true}]}}