{"id":97,"date":"2020-12-02T19:36:11","date_gmt":"2020-12-02T18:36:11","guid":{"rendered":"https:\/\/bocskai11.hu\/?page_id=97"},"modified":"2026-04-13T15:10:10","modified_gmt":"2026-04-13T13:10:10","slug":"beiratkozas","status":"publish","type":"page","link":"https:\/\/bocskai11.hu\/index.php\/beiratkozas\/","title":{"rendered":"Beiratkoz\u00e1s"},"content":{"rendered":"\r\n<h1 class=\"wp-block-heading\">Leend\u0151 els\u0151s\u00f6knek\/Beiratkoz\u00e1s<\/h1>\r\n\r\n\r\n\r\n\r\n\r\n\r\n\r\n<div align=\"justify\">\r\n<h4><a href=\"https:\/\/bocskai11.hu\/wp-content\/uploads\/2026\/04\/BAI_Szuloi-tajekoztato_2026.pdf\"><strong>Beiratkoz\u00e1s \u00c1ltal\u00e1nos Iskol\u00e1ba t\u00e1j\u00e9koztat\u00f3<\/strong><\/a><\/h4>\r\n<p>Kedves Sz\u00fcl\u0151!<\/p>\r\n<div class=\"adn ads\" data-message-id=\"#msg-f:1814878507146346050\" data-legacy-message-id=\"192fbe62f8f2fe42\">\r\n<div class=\"gs\">\r\n<div class=\"\">\r\n<div id=\":1b6\" class=\"ii gt\">\r\n<div id=\":18k\" class=\"a3s aiL \">\r\n<div dir=\"ltr\">\r\n<div class=\"gmail_default\">\r\n<p>A leend\u0151 els\u0151s gyermekek be\u00edrat\u00e1sa a 2026 \u2013 2027-os tan\u00e9vre szem\u00e9lyesen t\u00f6rt\u00e9nik. \u00d6nnek lehet\u0151s\u00e9ge van arra, hogy el\u0151zetesen a KR\u00c9TA fel\u00fclet e-\u00fcgyint\u00e9z\u00e9s\u00e9n kereszt\u00fcl bek\u00fcldje gyermekei adatait az adott \u00e1ltal\u00e1nos iskol\u00e1kba. A szem\u00e9lyes megjelen\u00e9s ebben az esetben is k\u00f6telez\u0151 adategyeztet\u00e9s c\u00e9lj\u00e1b\u00f3l.\u00a0<\/p>\r\n<p>A beiratkoz\u00e1s id\u0151pontja: \u00a0\u00a0\u00a0\u00a0\u00a0\u00a0 <strong>2026. \u00e1prilis 23. (cs\u00fct\u00f6rt\u00f6k) 8-19 \u00f3ra k\u00f6z\u00f6tt<\/strong><br \/><strong>\u00a0 \u00a0 \u00a0 \u00a0 \u00a0 \u00a0 \u00a0 \u00a0 \u00a0 \u00a0 \u00a0 \u00a0 \u00a0 \u00a0 \u00a0 \u00a0 \u00a0 \u00a0 \u00a0 \u00a0 \u00a0 \u00a0 \u00a0 \u00a0 \u00a0 2026. \u00e1prilis 24. (p\u00e9ntek) 8-19 \u00f3ra k\u00f6z\u00f6tt<\/strong><\/p>\r\n<\/div>\r\n<\/div>\r\n<div class=\"yj6qo\">\u00a0<\/div>\r\n<div class=\"adL\">\u00a0<\/div>\r\n<\/div>\r\n<\/div>\r\n<div class=\"WhmR8e\" data-hash=\"0\">\u00a0<\/div>\r\n<\/div>\r\n<\/div>\r\n<div class=\"ajx\">\u00a0<\/div>\r\n<\/div>\r\n<div class=\"gA gt acV\">\r\n<div class=\"gB xu\">\r\n<div class=\"ip iq\">\u00a0<\/div>\r\n<\/div>\r\n<\/div>\r\n<p>A be\u00edratkoz\u00e1skor az al\u00e1bbi dokumentumokra van sz\u00fcks\u00e9g:<\/p>\r\n<ul>\r\n<li><a href=\"https:\/\/bocskai11.hu\/wp-content\/uploads\/2023\/04\/1_Felveteli-kerelem-korzetesek-szamara.pdf\">K\u00f6rzetes gyermek adatlapja<\/a><\/li>\r\n<li><a href=\"https:\/\/bocskai11.hu\/wp-content\/uploads\/2023\/04\/1_Felveteli-kerelem-korzeten-kivuliek-szamara.pdf\">K\u00f6rzeten kiv\u00fcli gyermek adatlapja<\/a><\/li>\r\n<li><strong>A gyermek nev\u00e9re ki\u00e1ll\u00edtott lakc\u00edmet igazol\u00f3 hat\u00f3s\u00e1gi igazolv\u00e1ny <\/strong><\/li>\r\n<li><a href=\"https:\/\/bocskai11.hu\/wp-content\/uploads\/2023\/11\/Eletvitelszeru-lakcmnyilatkozat.doc\">Nyilatkozat az \u00e9letvitelszer\u0171 tart\u00f3zkod\u00e1sr\u00f3l (\u00e1lland\u00f3 lakc\u00edm hi\u00e1ny\u00e1ban)<\/a><\/li>\r\n<li>A gyermek szem\u00e9lyazonoss\u00e1g\u00e1t igazol\u00f3 hat\u00f3s\u00e1gi igazolv\u00e1ny<\/li>\r\n<li>A gyermek nev\u00e9re ki\u00e1ll\u00edtott TAJ k\u00e1rtya<\/li>\r\n<li>A gyermek sz\u00fclet\u00e9si anyak\u00f6nyvi kivonata<\/li>\r\n<li><a href=\"https:\/\/bocskai11.hu\/wp-content\/uploads\/2023\/11\/Szuloi-felugyeleti-jog.doc\"><strong>Nyilatkozat a k\u00f6z\u00f6s sz\u00fcl\u0151i fel\u00fcgyeleti jog gyakorl\u00e1s\u00e1ra vonatkoz\u00f3an * (mindk\u00e9t sz\u00fcl\u0151 \u00e1ltal al\u00e1\u00edrva)<\/strong><\/a><\/li>\r\n<li><a href=\"https:\/\/bocskai11.hu\/wp-content\/uploads\/2023\/11\/Nyilatkozat_etika_hittan.doc\">Nyilatkozat az Etika\/Hit- \u00e9s erk\u00f6lcstan v\u00e1laszt\u00e1sr\u00f3l<\/a><\/li>\r\n<li><a href=\"https:\/\/bocskai11.hu\/wp-content\/uploads\/2023\/11\/Tanuloi-adatlap.doc\">Tanul\u00f3i egy\u00e9ni adatlap<\/a><\/li>\r\n<li><a href=\"https:\/\/bocskai11.hu\/wp-content\/uploads\/2023\/11\/GDPR-Adatkezelesi-nyilatkozat.doc\">GDPR adatkezel\u00e9si nyilatkozat<\/a><\/li>\r\n<li><a href=\"https:\/\/bocskai11.hu\/wp-content\/uploads\/2023\/11\/GDPR-media.doc\">Nyilatkozat m\u00e9diafel\u00fcleteken t\u00f6rt\u00e9n\u0151 megjelen\u00e9shez (Facebook, weboldal, stb.)<\/a><\/li>\r\n<li>Szakorvosi v\u00e9lem\u00e9ny speci\u00e1lis \u00e9tkez\u00e9shez, ha van<\/li>\r\n<li>Szak\u00e9rt\u0151i szakv\u00e9lem\u00e9ny (SNI\/BTMN), ha van<\/li>\r\n<li>Munk\u00e1ltat\u00f3i igazol\u00e1s, ha a sz\u00fcl\u0151 munkahelye az iskola k\u00f6rzet\u00e9ben van.<\/li>\r\n<\/ul>\r\n<p>A felt\u00e9telek megl\u00e9t\u00e9t a tanul\u00f3 nevel\u00e9si-oktat\u00e1si int\u00e9zm\u00e9nybe t\u00f6rt\u00e9n\u0151 felv\u00e9tel\u00e9n\u00e9l igazolni kell.<\/p>\r\n<p>A port\u00e1n el fogunk helyezni nyilatkozati csomagokat az adminisztr\u00e1ci\u00f3 el\u0151seg\u00edt\u00e9se \u00e9rdek\u00e9ben.<\/p>\r\n<p>A k\u00f6rzetes iskol\u00e1t az al\u00e1bbi linken tal\u00e1lja meg: <a href=\"https:\/\/kir.hu\/korzet\"><strong>https:\/\/kir.hu\/korzet<\/strong><\/a><\/p>\r\n<p>* A k\u00fcl\u00f6n\u00e9l\u0151 sz\u00fcl\u0151k a gyermek sors\u00e1t \u00e9rint\u0151 l\u00e9nyeges k\u00e9rd\u00e9sekben (\u00edgy az iskola megv\u00e1laszt\u00e1s\u00e1ban) k\u00f6z\u00f6sen gyakorolj\u00e1k jogaikat akkor is, ha a sz\u00fcl\u0151i fel\u00fcgyeletet a sz\u00fcl\u0151k meg\u00e1llapod\u00e1sa vagy a b\u00edr\u00f3s\u00e1g d\u00f6nt\u00e9se alapj\u00e1n az egyik sz\u00fcl\u0151 gyakorolja, kiv\u00e9ve, ha a gyermek\u00e9t\u0151l k\u00fcl\u00f6n\u00e9l\u0151 sz\u00fcl\u0151 fel\u00fcgyeleti jog\u00e1t a b\u00edr\u00f3s\u00e1g e tekintetben korl\u00e1tozta vagy megvonta.<\/p>\r\n<p>Magyar \u00e1llampolg\u00e1r tank\u00f6telezetts\u00e9g\u00e9t k\u00fclf\u00f6ldi nevel\u00e9si-oktat\u00e1si int\u00e9zm\u00e9nyben is teljes\u00edtheti. Ha a tank\u00f6teles tanul\u00f3 k\u00fclf\u00f6ld\u00f6n kezdi meg iskolai tanulm\u00e1nyait, azt a tank\u00f6teles gyermek nyilv\u00e1ntart\u00e1sa c\u00e9lj\u00e1b\u00f3l be kell jelenteni a lak\u00f3hely, ennek hi\u00e1ny\u00e1ban a tart\u00f3zkod\u00e1si hely szerint illet\u00e9kes j\u00e1r\u00e1si\/ker\u00fcleti korm\u00e1nyhivatalnak, vagy, ha a tanul\u00f3 m\u00e1r hazai iskol\u00e1ba beiratkozott, az iskola igazgat\u00f3j\u00e1nak.<\/p>\r\n<p>Sok sikert k\u00edv\u00e1nunk!<br \/>Buk\u00f3cki Bianka<br \/>igazgat\u00f3<\/p>\r\n<\/div>\r\n","protected":false},"excerpt":{"rendered":"<p>Leend\u0151 els\u0151s\u00f6knek\/Beiratkoz\u00e1s Beiratkoz\u00e1s \u00c1ltal\u00e1nos Iskol\u00e1ba t\u00e1j\u00e9koztat\u00f3 Kedves Sz\u00fcl\u0151! A leend\u0151 els\u0151s gyermekek be\u00edrat\u00e1sa a 2026 \u2013 2027-os tan\u00e9vre szem\u00e9lyesen t\u00f6rt\u00e9nik. \u00d6nnek lehet\u0151s\u00e9ge van arra, hogy&hellip;<\/p>\n","protected":false},"author":1,"featured_media":0,"parent":0,"menu_order":0,"comment_status":"closed","ping_status":"closed","template":"","meta":{"footnotes":""},"class_list":["post-97","page","type-page","status-publish","hentry"],"_links":{"self":[{"href":"https:\/\/bocskai11.hu\/index.php\/wp-json\/wp\/v2\/pages\/97","targetHints":{"allow":["GET"]}}],"collection":[{"href":"https:\/\/bocskai11.hu\/index.php\/wp-json\/wp\/v2\/pages"}],"about":[{"href":"https:\/\/bocskai11.hu\/index.php\/wp-json\/wp\/v2\/types\/page"}],"author":[{"embeddable":true,"href":"https:\/\/bocskai11.hu\/index.php\/wp-json\/wp\/v2\/users\/1"}],"replies":[{"embeddable":true,"href":"https:\/\/bocskai11.hu\/index.php\/wp-json\/wp\/v2\/comments?post=97"}],"version-history":[{"count":56,"href":"https:\/\/bocskai11.hu\/index.php\/wp-json\/wp\/v2\/pages\/97\/revisions"}],"predecessor-version":[{"id":3230,"href":"https:\/\/bocskai11.hu\/index.php\/wp-json\/wp\/v2\/pages\/97\/revisions\/3230"}],"wp:attachment":[{"href":"https:\/\/bocskai11.hu\/index.php\/wp-json\/wp\/v2\/media?parent=97"}],"curies":[{"name":"wp","href":"https:\/\/api.w.org\/{rel}","templated":true}]}}